{"id":3752,"date":"2025-01-06T10:52:36","date_gmt":"2025-01-06T09:52:36","guid":{"rendered":"https:\/\/importanne.ba\/?page_id=3752"},"modified":"2025-01-06T10:55:03","modified_gmt":"2025-01-06T09:55:03","slug":"mind-hub-edukativna-radionica-programiranja-i-robotike","status":"publish","type":"page","link":"https:\/\/importanne.ba\/en\/mind-hub-edukativna-radionica-programiranja-i-robotike\/","title":{"rendered":"Mind Hub &#8211; Edukativna radionica programiranja i robotike"},"content":{"rendered":"<div data-elementor-type=\"wp-page\" data-elementor-id=\"3752\" class=\"elementor elementor-3752\" data-elementor-post-type=\"page\">\n\t\t\t\t\t\t\t\t\t<section class=\"elementor-section elementor-top-section elementor-element elementor-element-5c6d7a3 elementor-section-boxed elementor-section-height-default elementor-section-height-default\" data-id=\"5c6d7a3\" data-element_type=\"section\" data-settings=\"{&quot;_ha_eqh_enable&quot;:false}\">\n\t\t\t\t\t\t<div class=\"elementor-container elementor-column-gap-default\">\n\t\t\t\t\t<div class=\"elementor-column elementor-col-100 elementor-top-column elementor-element elementor-element-37cb5d3\" data-id=\"37cb5d3\" data-element_type=\"column\">\n\t\t\t<div class=\"elementor-widget-wrap elementor-element-populated\">\n\t\t\t\t\t\t\t\t<div class=\"elementor-element elementor-element-90b13da elementor-widget elementor-widget-heading\" data-id=\"90b13da\" data-element_type=\"widget\" data-widget_type=\"heading.default\">\n\t\t\t\t<div class=\"elementor-widget-container\">\n\t\t\t<style>\/*! elementor - v3.15.0 - 20-08-2023 *\/\n.elementor-heading-title{padding:0;margin:0;line-height:1}.elementor-widget-heading .elementor-heading-title[class*=elementor-size-]>a{color:inherit;font-size:inherit;line-height:inherit}.elementor-widget-heading .elementor-heading-title.elementor-size-small{font-size:15px}.elementor-widget-heading .elementor-heading-title.elementor-size-medium{font-size:19px}.elementor-widget-heading .elementor-heading-title.elementor-size-large{font-size:29px}.elementor-widget-heading .elementor-heading-title.elementor-size-xl{font-size:39px}.elementor-widget-heading .elementor-heading-title.elementor-size-xxl{font-size:59px}<\/style><h2 class=\"elementor-heading-title elementor-size-default\">Mind Hub - Edukativna radionica programiranja i robotike<\/h2>\t\t<\/div>\n\t\t\t\t<\/div>\n\t\t\t\t<div class=\"elementor-element elementor-element-915abf5 gallery-spacing-custom elementor-widget elementor-widget-image-gallery\" data-id=\"915abf5\" data-element_type=\"widget\" data-widget_type=\"image-gallery.default\">\n\t\t\t\t<div class=\"elementor-widget-container\">\n\t\t\t<style>\/*! elementor - v3.15.0 - 20-08-2023 *\/\n.elementor-image-gallery .gallery-item{display:inline-block;text-align:center;vertical-align:top;width:100%;max-width:100%;margin:0 auto}.elementor-image-gallery .gallery-item img{margin:0 auto}.elementor-image-gallery .gallery-item .gallery-caption{margin:0}.elementor-image-gallery figure img{display:block}.elementor-image-gallery figure figcaption{width:100%}.gallery-spacing-custom .elementor-image-gallery .gallery-icon{padding:0}@media (min-width:768px){.elementor-image-gallery .gallery-columns-2 .gallery-item{max-width:50%}.elementor-image-gallery .gallery-columns-3 .gallery-item{max-width:33.33%}.elementor-image-gallery .gallery-columns-4 .gallery-item{max-width:25%}.elementor-image-gallery .gallery-columns-5 .gallery-item{max-width:20%}.elementor-image-gallery .gallery-columns-6 .gallery-item{max-width:16.666%}.elementor-image-gallery .gallery-columns-7 .gallery-item{max-width:14.28%}.elementor-image-gallery .gallery-columns-8 .gallery-item{max-width:12.5%}.elementor-image-gallery .gallery-columns-9 .gallery-item{max-width:11.11%}.elementor-image-gallery .gallery-columns-10 .gallery-item{max-width:10%}}@media (min-width:480px) and (max-width:767px){.elementor-image-gallery .gallery.gallery-columns-2 .gallery-item,.elementor-image-gallery .gallery.gallery-columns-3 .gallery-item,.elementor-image-gallery .gallery.gallery-columns-4 .gallery-item,.elementor-image-gallery .gallery.gallery-columns-5 .gallery-item,.elementor-image-gallery .gallery.gallery-columns-6 .gallery-item,.elementor-image-gallery .gallery.gallery-columns-7 .gallery-item,.elementor-image-gallery .gallery.gallery-columns-8 .gallery-item,.elementor-image-gallery .gallery.gallery-columns-9 .gallery-item,.elementor-image-gallery .gallery.gallery-columns-10 .gallery-item{max-width:50%}}@media (max-width:479px){.elementor-image-gallery .gallery.gallery-columns-2 .gallery-item,.elementor-image-gallery .gallery.gallery-columns-3 .gallery-item,.elementor-image-gallery .gallery.gallery-columns-4 .gallery-item,.elementor-image-gallery .gallery.gallery-columns-5 .gallery-item,.elementor-image-gallery .gallery.gallery-columns-6 .gallery-item,.elementor-image-gallery .gallery.gallery-columns-7 .gallery-item,.elementor-image-gallery .gallery.gallery-columns-8 .gallery-item,.elementor-image-gallery .gallery.gallery-columns-9 .gallery-item,.elementor-image-gallery .gallery.gallery-columns-10 .gallery-item{max-width:100%}}<\/style>\t\t<div class=\"elementor-image-gallery\">\n\t\t\t<div id='gallery-1' class='gallery galleryid-3752 gallery-columns-3 gallery-size-full'><figure class='gallery-item'>\n\t\t\t<div class='gallery-icon landscape'>\n\t\t\t\t<a data-elementor-open-lightbox=\"yes\" data-elementor-lightbox-slideshow=\"915abf5\" data-e-action-hash=\"#elementor-action%3Aaction%3Dlightbox%26settings%3DeyJpZCI6Mzc1NSwidXJsIjoiaHR0cHM6XC9cL2ltcG9ydGFubmUuYmFcL3dwLWNvbnRlbnRcL3VwbG9hZHNcLzIwMjVcLzAxXC8xLTItc2NhbGVkLmpwZyIsInNsaWRlc2hvdyI6IjkxNWFiZjUifQ%3D%3D\" href='https:\/\/importanne.ba\/wp-content\/uploads\/2025\/01\/1-2-scaled.jpg'><img loading=\"lazy\" decoding=\"async\" width=\"2560\" height=\"1707\" src=\"https:\/\/importanne.ba\/wp-content\/uploads\/2025\/01\/1-2-scaled.jpg\" class=\"attachment-full size-full\" alt=\"\" srcset=\"https:\/\/importanne.ba\/wp-content\/uploads\/2025\/01\/1-2-scaled.jpg 2560w, https:\/\/importanne.ba\/wp-content\/uploads\/2025\/01\/1-2-300x200.jpg 300w, https:\/\/importanne.ba\/wp-content\/uploads\/2025\/01\/1-2-1024x683.jpg 1024w, https:\/\/importanne.ba\/wp-content\/uploads\/2025\/01\/1-2-768x512.jpg 768w, https:\/\/importanne.ba\/wp-content\/uploads\/2025\/01\/1-2-391x260.jpg 391w, https:\/\/importanne.ba\/wp-content\/uploads\/2025\/01\/1-2-1536x1024.jpg 1536w, https:\/\/importanne.ba\/wp-content\/uploads\/2025\/01\/1-2-2048x1366.jpg 2048w, https:\/\/importanne.ba\/wp-content\/uploads\/2025\/01\/1-2-18x12.jpg 18w\" sizes=\"auto, (max-width: 2560px) 100vw, 2560px\" \/><\/a>\n\t\t\t<\/div><\/figure><figure class='gallery-item'>\n\t\t\t<div class='gallery-icon landscape'>\n\t\t\t\t<a data-elementor-open-lightbox=\"yes\" data-elementor-lightbox-slideshow=\"915abf5\" data-e-action-hash=\"#elementor-action%3Aaction%3Dlightbox%26settings%3DeyJpZCI6Mzc1NiwidXJsIjoiaHR0cHM6XC9cL2ltcG9ydGFubmUuYmFcL3dwLWNvbnRlbnRcL3VwbG9hZHNcLzIwMjVcLzAxXC8xLTMtc2NhbGVkLmpwZyIsInNsaWRlc2hvdyI6IjkxNWFiZjUifQ%3D%3D\" href='https:\/\/importanne.ba\/wp-content\/uploads\/2025\/01\/1-3-scaled.jpg'><img loading=\"lazy\" decoding=\"async\" width=\"2560\" height=\"1707\" src=\"https:\/\/importanne.ba\/wp-content\/uploads\/2025\/01\/1-3-scaled.jpg\" class=\"attachment-full size-full\" alt=\"\" srcset=\"https:\/\/importanne.ba\/wp-content\/uploads\/2025\/01\/1-3-scaled.jpg 2560w, https:\/\/importanne.ba\/wp-content\/uploads\/2025\/01\/1-3-300x200.jpg 300w, https:\/\/importanne.ba\/wp-content\/uploads\/2025\/01\/1-3-1024x683.jpg 1024w, https:\/\/importanne.ba\/wp-content\/uploads\/2025\/01\/1-3-768x512.jpg 768w, https:\/\/importanne.ba\/wp-content\/uploads\/2025\/01\/1-3-391x260.jpg 391w, https:\/\/importanne.ba\/wp-content\/uploads\/2025\/01\/1-3-1536x1024.jpg 1536w, https:\/\/importanne.ba\/wp-content\/uploads\/2025\/01\/1-3-2048x1366.jpg 2048w, https:\/\/importanne.ba\/wp-content\/uploads\/2025\/01\/1-3-18x12.jpg 18w\" sizes=\"auto, (max-width: 2560px) 100vw, 2560px\" \/><\/a>\n\t\t\t<\/div><\/figure><figure class='gallery-item'>\n\t\t\t<div class='gallery-icon landscape'>\n\t\t\t\t<a data-elementor-open-lightbox=\"yes\" data-elementor-lightbox-slideshow=\"915abf5\" data-e-action-hash=\"#elementor-action%3Aaction%3Dlightbox%26settings%3DeyJpZCI6Mzc1NywidXJsIjoiaHR0cHM6XC9cL2ltcG9ydGFubmUuYmFcL3dwLWNvbnRlbnRcL3VwbG9hZHNcLzIwMjVcLzAxXC8xLTQtc2NhbGVkLmpwZyIsInNsaWRlc2hvdyI6IjkxNWFiZjUifQ%3D%3D\" href='https:\/\/importanne.ba\/wp-content\/uploads\/2025\/01\/1-4-scaled.jpg'><img loading=\"lazy\" decoding=\"async\" width=\"2560\" height=\"1707\" src=\"https:\/\/importanne.ba\/wp-content\/uploads\/2025\/01\/1-4-scaled.jpg\" class=\"attachment-full size-full\" alt=\"\" srcset=\"https:\/\/importanne.ba\/wp-content\/uploads\/2025\/01\/1-4-scaled.jpg 2560w, https:\/\/importanne.ba\/wp-content\/uploads\/2025\/01\/1-4-300x200.jpg 300w, https:\/\/importanne.ba\/wp-content\/uploads\/2025\/01\/1-4-1024x683.jpg 1024w, https:\/\/importanne.ba\/wp-content\/uploads\/2025\/01\/1-4-768x512.jpg 768w, https:\/\/importanne.ba\/wp-content\/uploads\/2025\/01\/1-4-391x260.jpg 391w, https:\/\/importanne.ba\/wp-content\/uploads\/2025\/01\/1-4-1536x1024.jpg 1536w, https:\/\/importanne.ba\/wp-content\/uploads\/2025\/01\/1-4-2048x1366.jpg 2048w, https:\/\/importanne.ba\/wp-content\/uploads\/2025\/01\/1-4-18x12.jpg 18w\" sizes=\"auto, (max-width: 2560px) 100vw, 2560px\" \/><\/a>\n\t\t\t<\/div><\/figure><figure class='gallery-item'>\n\t\t\t<div class='gallery-icon landscape'>\n\t\t\t\t<a data-elementor-open-lightbox=\"yes\" data-elementor-lightbox-slideshow=\"915abf5\" data-e-action-hash=\"#elementor-action%3Aaction%3Dlightbox%26settings%3DeyJpZCI6Mzc1OCwidXJsIjoiaHR0cHM6XC9cL2ltcG9ydGFubmUuYmFcL3dwLWNvbnRlbnRcL3VwbG9hZHNcLzIwMjVcLzAxXC8xLTUtc2NhbGVkLmpwZyIsInNsaWRlc2hvdyI6IjkxNWFiZjUifQ%3D%3D\" href='https:\/\/importanne.ba\/wp-content\/uploads\/2025\/01\/1-5-scaled.jpg'><img loading=\"lazy\" decoding=\"async\" width=\"2560\" height=\"1707\" src=\"https:\/\/importanne.ba\/wp-content\/uploads\/2025\/01\/1-5-scaled.jpg\" class=\"attachment-full size-full\" alt=\"\" srcset=\"https:\/\/importanne.ba\/wp-content\/uploads\/2025\/01\/1-5-scaled.jpg 2560w, https:\/\/importanne.ba\/wp-content\/uploads\/2025\/01\/1-5-300x200.jpg 300w, https:\/\/importanne.ba\/wp-content\/uploads\/2025\/01\/1-5-1024x683.jpg 1024w, https:\/\/importanne.ba\/wp-content\/uploads\/2025\/01\/1-5-768x512.jpg 768w, https:\/\/importanne.ba\/wp-content\/uploads\/2025\/01\/1-5-391x260.jpg 391w, https:\/\/importanne.ba\/wp-content\/uploads\/2025\/01\/1-5-1536x1024.jpg 1536w, https:\/\/importanne.ba\/wp-content\/uploads\/2025\/01\/1-5-2048x1366.jpg 2048w, https:\/\/importanne.ba\/wp-content\/uploads\/2025\/01\/1-5-18x12.jpg 18w\" sizes=\"auto, (max-width: 2560px) 100vw, 2560px\" \/><\/a>\n\t\t\t<\/div><\/figure><figure class='gallery-item'>\n\t\t\t<div class='gallery-icon landscape'>\n\t\t\t\t<a data-elementor-open-lightbox=\"yes\" data-elementor-lightbox-slideshow=\"915abf5\" data-e-action-hash=\"#elementor-action%3Aaction%3Dlightbox%26settings%3DeyJpZCI6Mzc1OSwidXJsIjoiaHR0cHM6XC9cL2ltcG9ydGFubmUuYmFcL3dwLWNvbnRlbnRcL3VwbG9hZHNcLzIwMjVcLzAxXC8xLTYtc2NhbGVkLmpwZyIsInNsaWRlc2hvdyI6IjkxNWFiZjUifQ%3D%3D\" href='https:\/\/importanne.ba\/wp-content\/uploads\/2025\/01\/1-6-scaled.jpg'><img loading=\"lazy\" decoding=\"async\" width=\"2560\" height=\"1707\" src=\"https:\/\/importanne.ba\/wp-content\/uploads\/2025\/01\/1-6-scaled.jpg\" class=\"attachment-full size-full\" alt=\"\" srcset=\"https:\/\/importanne.ba\/wp-content\/uploads\/2025\/01\/1-6-scaled.jpg 2560w, https:\/\/importanne.ba\/wp-content\/uploads\/2025\/01\/1-6-300x200.jpg 300w, https:\/\/importanne.ba\/wp-content\/uploads\/2025\/01\/1-6-1024x683.jpg 1024w, https:\/\/importanne.ba\/wp-content\/uploads\/2025\/01\/1-6-768x512.jpg 768w, https:\/\/importanne.ba\/wp-content\/uploads\/2025\/01\/1-6-391x260.jpg 391w, https:\/\/importanne.ba\/wp-content\/uploads\/2025\/01\/1-6-1536x1024.jpg 1536w, https:\/\/importanne.ba\/wp-content\/uploads\/2025\/01\/1-6-2048x1366.jpg 2048w, https:\/\/importanne.ba\/wp-content\/uploads\/2025\/01\/1-6-18x12.jpg 18w\" sizes=\"auto, (max-width: 2560px) 100vw, 2560px\" \/><\/a>\n\t\t\t<\/div><\/figure>\n\t\t<\/div>\n\t\t<\/div>\n\t\t\t\t<\/div>\n\t\t\t\t<\/div>\n\t\t\t\t\t<\/div>\n\t\t<\/div>\n\t\t\t\t\t\t\t<\/div>\n\t\t<\/section>\n\t\t\t\t<section class=\"elementor-section elementor-top-section elementor-element elementor-element-d03cd7f elementor-section-boxed elementor-section-height-default elementor-section-height-default\" data-id=\"d03cd7f\" data-element_type=\"section\" data-settings=\"{&quot;_ha_eqh_enable&quot;:false}\">\n\t\t\t\t\t\t<div class=\"elementor-container elementor-column-gap-default\">\n\t\t\t\t\t<div class=\"elementor-column elementor-col-100 elementor-top-column elementor-element elementor-element-b4bff13\" data-id=\"b4bff13\" data-element_type=\"column\">\n\t\t\t<div class=\"elementor-widget-wrap elementor-element-populated\">\n\t\t\t\t\t\t\t\t<div class=\"elementor-element elementor-element-3bb53d4 elementor-widget elementor-widget-spacer\" data-id=\"3bb53d4\" data-element_type=\"widget\" data-widget_type=\"spacer.default\">\n\t\t\t\t<div class=\"elementor-widget-container\">\n\t\t\t<style>\/*! elementor - v3.15.0 - 20-08-2023 *\/\n.elementor-column .elementor-spacer-inner{height:var(--spacer-size)}.e-con{--container-widget-width:100%}.e-con-inner>.elementor-widget-spacer,.e-con>.elementor-widget-spacer{width:var(--container-widget-width,var(--spacer-size));--align-self:var(--container-widget-align-self,initial);--flex-shrink:0}.e-con-inner>.elementor-widget-spacer>.elementor-widget-container,.e-con-inner>.elementor-widget-spacer>.elementor-widget-container>.elementor-spacer,.e-con>.elementor-widget-spacer>.elementor-widget-container,.e-con>.elementor-widget-spacer>.elementor-widget-container>.elementor-spacer{height:100%}.e-con-inner>.elementor-widget-spacer>.elementor-widget-container>.elementor-spacer>.elementor-spacer-inner,.e-con>.elementor-widget-spacer>.elementor-widget-container>.elementor-spacer>.elementor-spacer-inner{height:var(--container-widget-height,var(--spacer-size))}<\/style>\t\t<div class=\"elementor-spacer\">\n\t\t\t<div class=\"elementor-spacer-inner\"><\/div>\n\t\t<\/div>\n\t\t\t\t<\/div>\n\t\t\t\t<\/div>\n\t\t\t\t\t<\/div>\n\t\t<\/div>\n\t\t\t\t\t\t\t<\/div>\n\t\t<\/section>\n\t\t\t\t\t\t\t<\/div>","protected":false},"excerpt":{"rendered":"<p>Mind Hub &#8211; Edukativna radionica programiranja i robotike<\/p>","protected":false},"author":1,"featured_media":0,"parent":0,"menu_order":0,"comment_status":"closed","ping_status":"closed","template":"elementor_header_footer","meta":{"footnotes":""},"class_list":["post-3752","page","type-page","status-publish","hentry"],"yoast_head":"<!-- This site is optimized with the Yoast SEO plugin v21.2 - https:\/\/yoast.com\/wordpress\/plugins\/seo\/ -->\n<title>Mind Hub - Edukativna radionica programiranja i robotike - Importanne Centar<\/title>\n<meta name=\"description\" content=\"Kontakt - Mo\u017eete nas kontaktirati na bilo koji na\u010din koji Vama odgovara. Dostupni smo 24\/7 putem e-mail po\u0161te. Tako\u0111er mo\u017eete koristiti...\" \/>\n<meta name=\"robots\" content=\"index, follow, max-snippet:-1, max-image-preview:large, max-video-preview:-1\" \/>\n<link rel=\"canonical\" href=\"https:\/\/importanne.ba\/en\/mind-hub-edukativna-radionica-programiranja-i-robotike\/\" \/>\n<meta property=\"og:locale\" content=\"en_GB\" \/>\n<meta property=\"og:type\" content=\"article\" \/>\n<meta property=\"og:title\" content=\"Mind Hub - Edukativna radionica programiranja i robotike - Importanne Centar\" \/>\n<meta property=\"og:description\" content=\"Kontakt - Mo\u017eete nas kontaktirati na bilo koji na\u010din koji Vama odgovara. Dostupni smo 24\/7 putem e-mail po\u0161te. Tako\u0111er mo\u017eete koristiti...\" \/>\n<meta property=\"og:url\" content=\"https:\/\/importanne.ba\/en\/mind-hub-edukativna-radionica-programiranja-i-robotike\/\" \/>\n<meta property=\"og:site_name\" content=\"Importanne Centar\" \/>\n<meta property=\"article:publisher\" content=\"https:\/\/www.facebook.com\/importannesarajevo\/\" \/>\n<meta property=\"article:modified_time\" content=\"2025-01-06T09:55:03+00:00\" \/>\n<meta property=\"og:image\" content=\"https:\/\/importanne.ba\/wp-content\/uploads\/2025\/01\/1-2-scaled.jpg\" \/>\n<meta name=\"twitter:card\" content=\"summary_large_image\" \/>\n<meta name=\"twitter:label1\" content=\"Estimated reading time\" \/>\n\t<meta name=\"twitter:data1\" content=\"2 minutes\" \/>\n<script type=\"application\/ld+json\" class=\"yoast-schema-graph\">{\"@context\":\"https:\/\/schema.org\",\"@graph\":[{\"@type\":\"WebPage\",\"@id\":\"https:\/\/importanne.ba\/mind-hub-edukativna-radionica-programiranja-i-robotike\/\",\"url\":\"https:\/\/importanne.ba\/mind-hub-edukativna-radionica-programiranja-i-robotike\/\",\"name\":\"Mind Hub - Edukativna radionica programiranja i robotike - Importanne Centar\",\"isPartOf\":{\"@id\":\"https:\/\/importanne.ba\/#website\"},\"datePublished\":\"2025-01-06T09:52:36+00:00\",\"dateModified\":\"2025-01-06T09:55:03+00:00\",\"description\":\"Kontakt - Mo\u017eete nas kontaktirati na bilo koji na\u010din koji Vama odgovara. Dostupni smo 24\/7 putem e-mail po\u0161te. Tako\u0111er mo\u017eete koristiti...\",\"breadcrumb\":{\"@id\":\"https:\/\/importanne.ba\/mind-hub-edukativna-radionica-programiranja-i-robotike\/#breadcrumb\"},\"inLanguage\":\"en-GB\",\"potentialAction\":[{\"@type\":\"ReadAction\",\"target\":[\"https:\/\/importanne.ba\/mind-hub-edukativna-radionica-programiranja-i-robotike\/\"]}]},{\"@type\":\"BreadcrumbList\",\"@id\":\"https:\/\/importanne.ba\/mind-hub-edukativna-radionica-programiranja-i-robotike\/#breadcrumb\",\"itemListElement\":[{\"@type\":\"ListItem\",\"position\":1,\"name\":\"Home\",\"item\":\"https:\/\/importanne.ba\/\"},{\"@type\":\"ListItem\",\"position\":2,\"name\":\"Mind Hub &#8211; Edukativna radionica programiranja i robotike\"}]},{\"@type\":\"WebSite\",\"@id\":\"https:\/\/importanne.ba\/#website\",\"url\":\"https:\/\/importanne.ba\/\",\"name\":\"Importanne Centar\",\"description\":\"Centar modernog \u017eivljenja\",\"publisher\":{\"@id\":\"https:\/\/importanne.ba\/#organization\"},\"potentialAction\":[{\"@type\":\"SearchAction\",\"target\":{\"@type\":\"EntryPoint\",\"urlTemplate\":\"https:\/\/importanne.ba\/?s={search_term_string}\"},\"query-input\":\"required name=search_term_string\"}],\"inLanguage\":\"en-GB\"},{\"@type\":\"Organization\",\"@id\":\"https:\/\/importanne.ba\/#organization\",\"name\":\"Importanne Centar\",\"url\":\"https:\/\/importanne.ba\/\",\"logo\":{\"@type\":\"ImageObject\",\"inLanguage\":\"en-GB\",\"@id\":\"https:\/\/importanne.ba\/#\/schema\/logo\/image\/\",\"url\":\"https:\/\/importanne.ba\/wp-content\/uploads\/2023\/08\/logo_footer.png\",\"contentUrl\":\"https:\/\/importanne.ba\/wp-content\/uploads\/2023\/08\/logo_footer.png\",\"width\":573,\"height\":598,\"caption\":\"Importanne Centar\"},\"image\":{\"@id\":\"https:\/\/importanne.ba\/#\/schema\/logo\/image\/\"},\"sameAs\":[\"https:\/\/www.facebook.com\/importannesarajevo\/\",\"https:\/\/www.instagram.com\/importanne_centar\/\"]}]}<\/script>\n<!-- \/ Yoast SEO plugin. -->","yoast_head_json":{"title":"Mind Hub - Edukativna radionica programiranja i robotike - Importanne Centar","description":"Kontakt - Mo\u017eete nas kontaktirati na bilo koji na\u010din koji Vama odgovara. Dostupni smo 24\/7 putem e-mail po\u0161te. Tako\u0111er mo\u017eete koristiti...","robots":{"index":"index","follow":"follow","max-snippet":"max-snippet:-1","max-image-preview":"max-image-preview:large","max-video-preview":"max-video-preview:-1"},"canonical":"https:\/\/importanne.ba\/en\/mind-hub-edukativna-radionica-programiranja-i-robotike\/","og_locale":"en_GB","og_type":"article","og_title":"Mind Hub - Edukativna radionica programiranja i robotike - Importanne Centar","og_description":"Kontakt - Mo\u017eete nas kontaktirati na bilo koji na\u010din koji Vama odgovara. Dostupni smo 24\/7 putem e-mail po\u0161te. Tako\u0111er mo\u017eete koristiti...","og_url":"https:\/\/importanne.ba\/en\/mind-hub-edukativna-radionica-programiranja-i-robotike\/","og_site_name":"Importanne Centar","article_publisher":"https:\/\/www.facebook.com\/importannesarajevo\/","article_modified_time":"2025-01-06T09:55:03+00:00","og_image":[{"url":"https:\/\/importanne.ba\/wp-content\/uploads\/2025\/01\/1-2-scaled.jpg"}],"twitter_card":"summary_large_image","twitter_misc":{"Estimated reading time":"2 minutes"},"schema":{"@context":"https:\/\/schema.org","@graph":[{"@type":"WebPage","@id":"https:\/\/importanne.ba\/mind-hub-edukativna-radionica-programiranja-i-robotike\/","url":"https:\/\/importanne.ba\/mind-hub-edukativna-radionica-programiranja-i-robotike\/","name":"Mind Hub - Edukativna radionica programiranja i robotike - Importanne Centar","isPartOf":{"@id":"https:\/\/importanne.ba\/#website"},"datePublished":"2025-01-06T09:52:36+00:00","dateModified":"2025-01-06T09:55:03+00:00","description":"Kontakt - Mo\u017eete nas kontaktirati na bilo koji na\u010din koji Vama odgovara. Dostupni smo 24\/7 putem e-mail po\u0161te. Tako\u0111er mo\u017eete koristiti...","breadcrumb":{"@id":"https:\/\/importanne.ba\/mind-hub-edukativna-radionica-programiranja-i-robotike\/#breadcrumb"},"inLanguage":"en-GB","potentialAction":[{"@type":"ReadAction","target":["https:\/\/importanne.ba\/mind-hub-edukativna-radionica-programiranja-i-robotike\/"]}]},{"@type":"BreadcrumbList","@id":"https:\/\/importanne.ba\/mind-hub-edukativna-radionica-programiranja-i-robotike\/#breadcrumb","itemListElement":[{"@type":"ListItem","position":1,"name":"Home","item":"https:\/\/importanne.ba\/"},{"@type":"ListItem","position":2,"name":"Mind Hub &#8211; Edukativna radionica programiranja i robotike"}]},{"@type":"WebSite","@id":"https:\/\/importanne.ba\/#website","url":"https:\/\/importanne.ba\/","name":"Importanne Centar","description":"Centar modernog \u017eivljenja","publisher":{"@id":"https:\/\/importanne.ba\/#organization"},"potentialAction":[{"@type":"SearchAction","target":{"@type":"EntryPoint","urlTemplate":"https:\/\/importanne.ba\/?s={search_term_string}"},"query-input":"required name=search_term_string"}],"inLanguage":"en-GB"},{"@type":"Organization","@id":"https:\/\/importanne.ba\/#organization","name":"Importanne Centar","url":"https:\/\/importanne.ba\/","logo":{"@type":"ImageObject","inLanguage":"en-GB","@id":"https:\/\/importanne.ba\/#\/schema\/logo\/image\/","url":"https:\/\/importanne.ba\/wp-content\/uploads\/2023\/08\/logo_footer.png","contentUrl":"https:\/\/importanne.ba\/wp-content\/uploads\/2023\/08\/logo_footer.png","width":573,"height":598,"caption":"Importanne Centar"},"image":{"@id":"https:\/\/importanne.ba\/#\/schema\/logo\/image\/"},"sameAs":["https:\/\/www.facebook.com\/importannesarajevo\/","https:\/\/www.instagram.com\/importanne_centar\/"]}]}},"_links":{"self":[{"href":"https:\/\/importanne.ba\/en\/wp-json\/wp\/v2\/pages\/3752","targetHints":{"allow":["GET"]}}],"collection":[{"href":"https:\/\/importanne.ba\/en\/wp-json\/wp\/v2\/pages"}],"about":[{"href":"https:\/\/importanne.ba\/en\/wp-json\/wp\/v2\/types\/page"}],"author":[{"embeddable":true,"href":"https:\/\/importanne.ba\/en\/wp-json\/wp\/v2\/users\/1"}],"replies":[{"embeddable":true,"href":"https:\/\/importanne.ba\/en\/wp-json\/wp\/v2\/comments?post=3752"}],"version-history":[{"count":4,"href":"https:\/\/importanne.ba\/en\/wp-json\/wp\/v2\/pages\/3752\/revisions"}],"predecessor-version":[{"id":3763,"href":"https:\/\/importanne.ba\/en\/wp-json\/wp\/v2\/pages\/3752\/revisions\/3763"}],"wp:attachment":[{"href":"https:\/\/importanne.ba\/en\/wp-json\/wp\/v2\/media?parent=3752"}],"curies":[{"name":"wp","href":"https:\/\/api.w.org\/{rel}","templated":true}]}}