{"id":4140,"date":"2025-12-16T09:11:23","date_gmt":"2025-12-16T08:11:23","guid":{"rendered":"https:\/\/importanne.ba\/?page_id=4140"},"modified":"2025-12-16T09:35:34","modified_gmt":"2025-12-16T08:35:34","slug":"praznicni-vodic-za-poklone-u-importanne-centru","status":"publish","type":"page","link":"https:\/\/importanne.ba\/en\/praznicni-vodic-za-poklone-u-importanne-centru\/","title":{"rendered":"Prazni\u010dni vodi\u010d za poklone u Importanne centru"},"content":{"rendered":"<div data-elementor-type=\"wp-page\" data-elementor-id=\"4140\" class=\"elementor elementor-4140\" data-elementor-post-type=\"page\">\n\t\t\t\t\t\t\t\t\t<section class=\"elementor-section elementor-top-section elementor-element elementor-element-5c6d7a3 elementor-section-boxed elementor-section-height-default elementor-section-height-default\" data-id=\"5c6d7a3\" data-element_type=\"section\" data-settings=\"{&quot;_ha_eqh_enable&quot;:false}\">\n\t\t\t\t\t\t<div class=\"elementor-container elementor-column-gap-default\">\n\t\t\t\t\t<div class=\"elementor-column elementor-col-100 elementor-top-column elementor-element elementor-element-37cb5d3\" data-id=\"37cb5d3\" data-element_type=\"column\">\n\t\t\t<div class=\"elementor-widget-wrap elementor-element-populated\">\n\t\t\t\t\t\t\t\t<div class=\"elementor-element elementor-element-90b13da elementor-widget elementor-widget-heading\" data-id=\"90b13da\" data-element_type=\"widget\" data-widget_type=\"heading.default\">\n\t\t\t\t<div class=\"elementor-widget-container\">\n\t\t\t<style>\/*! elementor - v3.15.0 - 20-08-2023 *\/\n.elementor-heading-title{padding:0;margin:0;line-height:1}.elementor-widget-heading .elementor-heading-title[class*=elementor-size-]>a{color:inherit;font-size:inherit;line-height:inherit}.elementor-widget-heading .elementor-heading-title.elementor-size-small{font-size:15px}.elementor-widget-heading .elementor-heading-title.elementor-size-medium{font-size:19px}.elementor-widget-heading .elementor-heading-title.elementor-size-large{font-size:29px}.elementor-widget-heading .elementor-heading-title.elementor-size-xl{font-size:39px}.elementor-widget-heading .elementor-heading-title.elementor-size-xxl{font-size:59px}<\/style><h2 class=\"elementor-heading-title elementor-size-default\">Prazni\u010dni vodi\u010d za poklone u Importanne centru <\/h2>\t\t<\/div>\n\t\t\t\t<\/div>\n\t\t\t\t<div class=\"elementor-element elementor-element-924767b elementor-widget elementor-widget-text-editor\" data-id=\"924767b\" data-element_type=\"widget\" data-widget_type=\"text-editor.default\">\n\t\t\t\t<div class=\"elementor-widget-container\">\n\t\t\t<style>\/*! elementor - v3.15.0 - 20-08-2023 *\/\n.elementor-widget-text-editor.elementor-drop-cap-view-stacked .elementor-drop-cap{background-color:#69727d;color:#fff}.elementor-widget-text-editor.elementor-drop-cap-view-framed .elementor-drop-cap{color:#69727d;border:3px solid;background-color:transparent}.elementor-widget-text-editor:not(.elementor-drop-cap-view-default) .elementor-drop-cap{margin-top:8px}.elementor-widget-text-editor:not(.elementor-drop-cap-view-default) .elementor-drop-cap-letter{width:1em;height:1em}.elementor-widget-text-editor .elementor-drop-cap{float:left;text-align:center;line-height:1;font-size:50px}.elementor-widget-text-editor .elementor-drop-cap-letter{display:inline-block}<\/style>\t\t\t\t<p>Prazni\u010dna \u010darolija ove sezone po\u010dinje u\u00a0<strong>Importanne centru<\/strong>\u00a0\u2013 idealnoj destinaciji za sve koji \u017eele prona\u0107i savr\u0161ene poklone na jednom mjestu. Sa vi\u0161e od 50 renomiranih svjetskih i doma\u0107ih brendova iz svijeta mode, lifestyle-a, lijepih stvari i prakti\u010dnih poklona, Importanne centar nudi inspirativnu prazni\u010dnu ponudu za cijelu porodicu i prijatelje.\u00a0<\/p><p>Posjetitelji mogu birati izme\u0111u brojnih modnih, kozmeti\u010dkih i lifestyle brendova kao \u0161to su:<br \/><strong>Apoteke Sarajevo, Inn Sport, Lindex BIH, Carpisa Sarajevo, Watch Line BIH, Penti BIH, Baby Centar, Werkoll Intima, Vicko BIH, Optika Salihbegovi\u0107, Upim \/ Blukids, Cm Cosmetic Market, Konzum BIH, Pet City, Muscle Freak, Frizerland, Tiffany, Ulla Popken, Hello Baby, Beal, Margo, Gerry Weber i mnogi drugi<\/strong>\u00a0\u2013 sve u ambijentu koji \u010dini prazni\u010dno darivanje jednostavnim i inspirativnim iskustvom.\u00a0<\/p><p>Bilo da tra\u017eite\u00a0<strong>modne dodatke, elegantnu torbu, kozmeti\u010dki set, igra\u010dku za mali\u0161ane ili prakti\u010dne poklone za dom<\/strong>, na\u0161 vodi\u010d i raznovrsna ponuda brendova u Importanne centru pomo\u0107i \u0107e vam da prona\u0111ete idealan poklon za svaku osobu i \u017eelju.<\/p><p>Posjetite Importanne centar i otkrijte savr\u0161ene ideje za prazni\u010dne poklone \u2013 jer darivanje je najljep\u0161e kada se radi s ljubavlju.<\/p><p><strong>\u00a0Importanne centar<\/strong><br \/>\u00a0Zmaja od Bosne 7, Sarajevo<br \/>\u00a0Radno vrijeme: ponedjeljak \u2013 subota | 07:00 \u2013 22:00 h\u00a0<a href=\"https:\/\/importanne.ba\/en\/?utm_source=chatgpt.com\" target=\"_blank\" rel=\"noopener noreferrer\" data-saferedirecturl=\"https:\/\/www.google.com\/url?q=https:\/\/importanne.ba\/?utm_source%3Dchatgpt.com&amp;source=gmail&amp;ust=1765912868166000&amp;usg=AOvVaw05QfKa6j8ULQgRocCb69mo\">Importanne<\/a><br \/>\u00a0+387 33 266 295<br \/>\u00a0<a rel=\"noopener\">info@importanne.ba<\/a><br \/>\u00a0<a href=\"https:\/\/importanne.ba\/en\/\" target=\"_blank\" rel=\"noopener noreferrer\" data-saferedirecturl=\"https:\/\/www.google.com\/url?q=http:\/\/www.importanne.ba\/&amp;source=gmail&amp;ust=1765912868166000&amp;usg=AOvVaw3x178oDFcgATX9TqWrXhbt\">www.importanne.ba<\/a><\/p>\t\t\t\t\t\t<\/div>\n\t\t\t\t<\/div>\n\t\t\t\t<div class=\"elementor-element elementor-element-5a048af elementor-widget elementor-widget-image\" data-id=\"5a048af\" data-element_type=\"widget\" data-widget_type=\"image.default\">\n\t\t\t\t<div class=\"elementor-widget-container\">\n\t\t\t<style>\/*! elementor - v3.15.0 - 20-08-2023 *\/\n.elementor-widget-image{text-align:center}.elementor-widget-image a{display:inline-block}.elementor-widget-image a img[src$=\".svg\"]{width:48px}.elementor-widget-image img{vertical-align:middle;display:inline-block}<\/style>\t\t\t\t\t\t\t\t\t\t\t\t<img loading=\"lazy\" decoding=\"async\" width=\"980\" height=\"250\" src=\"https:\/\/importanne.ba\/wp-content\/uploads\/2025\/12\/980x250-px.png\" class=\"attachment-full size-full wp-image-4143\" alt=\"\" srcset=\"https:\/\/importanne.ba\/wp-content\/uploads\/2025\/12\/980x250-px.png 980w, https:\/\/importanne.ba\/wp-content\/uploads\/2025\/12\/980x250-px-300x77.png 300w, https:\/\/importanne.ba\/wp-content\/uploads\/2025\/12\/980x250-px-768x196.png 768w, https:\/\/importanne.ba\/wp-content\/uploads\/2025\/12\/980x250-px-18x5.png 18w\" sizes=\"auto, (max-width: 980px) 100vw, 980px\" \/>\t\t\t\t\t\t\t\t\t\t\t\t\t\t\t<\/div>\n\t\t\t\t<\/div>\n\t\t\t\t\t<\/div>\n\t\t<\/div>\n\t\t\t\t\t\t\t<\/div>\n\t\t<\/section>\n\t\t\t\t<section class=\"elementor-section elementor-top-section elementor-element elementor-element-d03cd7f elementor-section-boxed elementor-section-height-default elementor-section-height-default\" data-id=\"d03cd7f\" data-element_type=\"section\" data-settings=\"{&quot;_ha_eqh_enable&quot;:false}\">\n\t\t\t\t\t\t<div class=\"elementor-container elementor-column-gap-default\">\n\t\t\t\t\t<div class=\"elementor-column elementor-col-100 elementor-top-column elementor-element elementor-element-b4bff13\" data-id=\"b4bff13\" data-element_type=\"column\">\n\t\t\t<div class=\"elementor-widget-wrap elementor-element-populated\">\n\t\t\t\t\t\t\t\t<div class=\"elementor-element elementor-element-3bb53d4 elementor-widget elementor-widget-spacer\" data-id=\"3bb53d4\" data-element_type=\"widget\" data-widget_type=\"spacer.default\">\n\t\t\t\t<div class=\"elementor-widget-container\">\n\t\t\t<style>\/*! elementor - v3.15.0 - 20-08-2023 *\/\n.elementor-column .elementor-spacer-inner{height:var(--spacer-size)}.e-con{--container-widget-width:100%}.e-con-inner>.elementor-widget-spacer,.e-con>.elementor-widget-spacer{width:var(--container-widget-width,var(--spacer-size));--align-self:var(--container-widget-align-self,initial);--flex-shrink:0}.e-con-inner>.elementor-widget-spacer>.elementor-widget-container,.e-con-inner>.elementor-widget-spacer>.elementor-widget-container>.elementor-spacer,.e-con>.elementor-widget-spacer>.elementor-widget-container,.e-con>.elementor-widget-spacer>.elementor-widget-container>.elementor-spacer{height:100%}.e-con-inner>.elementor-widget-spacer>.elementor-widget-container>.elementor-spacer>.elementor-spacer-inner,.e-con>.elementor-widget-spacer>.elementor-widget-container>.elementor-spacer>.elementor-spacer-inner{height:var(--container-widget-height,var(--spacer-size))}<\/style>\t\t<div class=\"elementor-spacer\">\n\t\t\t<div class=\"elementor-spacer-inner\"><\/div>\n\t\t<\/div>\n\t\t\t\t<\/div>\n\t\t\t\t<\/div>\n\t\t\t\t\t<\/div>\n\t\t<\/div>\n\t\t\t\t\t\t\t<\/div>\n\t\t<\/section>\n\t\t\t\t\t\t\t<\/div>","protected":false},"excerpt":{"rendered":"<p>Prazni\u010dni vodi\u010d za poklone u Importanne centru Prazni\u010dna \u010darolija ove sezone po\u010dinje u\u00a0Importanne centru\u00a0\u2013 idealnoj destinaciji za sve koji \u017eele prona\u0107i savr\u0161ene poklone na jednom mjestu. Sa vi\u0161e od 50 renomiranih svjetskih i doma\u0107ih brendova iz svijeta mode, lifestyle-a, lijepih stvari i prakti\u010dnih poklona, Importanne centar nudi inspirativnu prazni\u010dnu ponudu za cijelu porodicu i prijatelje.\u00a0 [&hellip;]<\/p>","protected":false},"author":1,"featured_media":0,"parent":0,"menu_order":0,"comment_status":"closed","ping_status":"closed","template":"elementor_header_footer","meta":{"footnotes":""},"class_list":["post-4140","page","type-page","status-publish","hentry"],"yoast_head":"<!-- This site is optimized with the Yoast SEO plugin v21.2 - https:\/\/yoast.com\/wordpress\/plugins\/seo\/ -->\n<title>Prazni\u010dni vodi\u010d za poklone u Importanne centru - Importanne Centar<\/title>\n<meta name=\"description\" content=\"Kontakt - Mo\u017eete nas kontaktirati na bilo koji na\u010din koji Vama odgovara. Dostupni smo 24\/7 putem e-mail po\u0161te. Tako\u0111er mo\u017eete koristiti...\" \/>\n<meta name=\"robots\" content=\"index, follow, max-snippet:-1, max-image-preview:large, max-video-preview:-1\" \/>\n<link rel=\"canonical\" href=\"https:\/\/importanne.ba\/en\/praznicni-vodic-za-poklone-u-importanne-centru\/\" \/>\n<meta property=\"og:locale\" content=\"en_GB\" \/>\n<meta property=\"og:type\" content=\"article\" \/>\n<meta property=\"og:title\" content=\"Prazni\u010dni vodi\u010d za poklone u Importanne centru - Importanne Centar\" \/>\n<meta property=\"og:description\" content=\"Kontakt - Mo\u017eete nas kontaktirati na bilo koji na\u010din koji Vama odgovara. Dostupni smo 24\/7 putem e-mail po\u0161te. Tako\u0111er mo\u017eete koristiti...\" \/>\n<meta property=\"og:url\" content=\"https:\/\/importanne.ba\/en\/praznicni-vodic-za-poklone-u-importanne-centru\/\" \/>\n<meta property=\"og:site_name\" content=\"Importanne Centar\" \/>\n<meta property=\"article:publisher\" content=\"https:\/\/www.facebook.com\/importannesarajevo\/\" \/>\n<meta property=\"article:modified_time\" content=\"2025-12-16T08:35:34+00:00\" \/>\n<meta property=\"og:image\" content=\"https:\/\/importanne.ba\/wp-content\/uploads\/2025\/12\/980x250-px.png\" \/>\n<meta name=\"twitter:card\" content=\"summary_large_image\" \/>\n<meta name=\"twitter:label1\" content=\"Estimated reading time\" \/>\n\t<meta name=\"twitter:data1\" content=\"2 minutes\" \/>\n<script type=\"application\/ld+json\" class=\"yoast-schema-graph\">{\"@context\":\"https:\/\/schema.org\",\"@graph\":[{\"@type\":\"WebPage\",\"@id\":\"https:\/\/importanne.ba\/praznicni-vodic-za-poklone-u-importanne-centru\/\",\"url\":\"https:\/\/importanne.ba\/praznicni-vodic-za-poklone-u-importanne-centru\/\",\"name\":\"Prazni\u010dni vodi\u010d za poklone u Importanne centru - Importanne Centar\",\"isPartOf\":{\"@id\":\"https:\/\/importanne.ba\/#website\"},\"datePublished\":\"2025-12-16T08:11:23+00:00\",\"dateModified\":\"2025-12-16T08:35:34+00:00\",\"description\":\"Kontakt - Mo\u017eete nas kontaktirati na bilo koji na\u010din koji Vama odgovara. Dostupni smo 24\/7 putem e-mail po\u0161te. Tako\u0111er mo\u017eete koristiti...\",\"breadcrumb\":{\"@id\":\"https:\/\/importanne.ba\/praznicni-vodic-za-poklone-u-importanne-centru\/#breadcrumb\"},\"inLanguage\":\"en-GB\",\"potentialAction\":[{\"@type\":\"ReadAction\",\"target\":[\"https:\/\/importanne.ba\/praznicni-vodic-za-poklone-u-importanne-centru\/\"]}]},{\"@type\":\"BreadcrumbList\",\"@id\":\"https:\/\/importanne.ba\/praznicni-vodic-za-poklone-u-importanne-centru\/#breadcrumb\",\"itemListElement\":[{\"@type\":\"ListItem\",\"position\":1,\"name\":\"Home\",\"item\":\"https:\/\/importanne.ba\/\"},{\"@type\":\"ListItem\",\"position\":2,\"name\":\"Prazni\u010dni vodi\u010d za poklone u Importanne centru\"}]},{\"@type\":\"WebSite\",\"@id\":\"https:\/\/importanne.ba\/#website\",\"url\":\"https:\/\/importanne.ba\/\",\"name\":\"Importanne Centar\",\"description\":\"Centar modernog \u017eivljenja\",\"publisher\":{\"@id\":\"https:\/\/importanne.ba\/#organization\"},\"potentialAction\":[{\"@type\":\"SearchAction\",\"target\":{\"@type\":\"EntryPoint\",\"urlTemplate\":\"https:\/\/importanne.ba\/?s={search_term_string}\"},\"query-input\":\"required name=search_term_string\"}],\"inLanguage\":\"en-GB\"},{\"@type\":\"Organization\",\"@id\":\"https:\/\/importanne.ba\/#organization\",\"name\":\"Importanne Centar\",\"url\":\"https:\/\/importanne.ba\/\",\"logo\":{\"@type\":\"ImageObject\",\"inLanguage\":\"en-GB\",\"@id\":\"https:\/\/importanne.ba\/#\/schema\/logo\/image\/\",\"url\":\"https:\/\/importanne.ba\/wp-content\/uploads\/2023\/08\/logo_footer.png\",\"contentUrl\":\"https:\/\/importanne.ba\/wp-content\/uploads\/2023\/08\/logo_footer.png\",\"width\":573,\"height\":598,\"caption\":\"Importanne Centar\"},\"image\":{\"@id\":\"https:\/\/importanne.ba\/#\/schema\/logo\/image\/\"},\"sameAs\":[\"https:\/\/www.facebook.com\/importannesarajevo\/\",\"https:\/\/www.instagram.com\/importanne_centar\/\"]}]}<\/script>\n<!-- \/ Yoast SEO plugin. -->","yoast_head_json":{"title":"Prazni\u010dni vodi\u010d za poklone u Importanne centru - Importanne Centar","description":"Kontakt - Mo\u017eete nas kontaktirati na bilo koji na\u010din koji Vama odgovara. Dostupni smo 24\/7 putem e-mail po\u0161te. Tako\u0111er mo\u017eete koristiti...","robots":{"index":"index","follow":"follow","max-snippet":"max-snippet:-1","max-image-preview":"max-image-preview:large","max-video-preview":"max-video-preview:-1"},"canonical":"https:\/\/importanne.ba\/en\/praznicni-vodic-za-poklone-u-importanne-centru\/","og_locale":"en_GB","og_type":"article","og_title":"Prazni\u010dni vodi\u010d za poklone u Importanne centru - Importanne Centar","og_description":"Kontakt - Mo\u017eete nas kontaktirati na bilo koji na\u010din koji Vama odgovara. Dostupni smo 24\/7 putem e-mail po\u0161te. Tako\u0111er mo\u017eete koristiti...","og_url":"https:\/\/importanne.ba\/en\/praznicni-vodic-za-poklone-u-importanne-centru\/","og_site_name":"Importanne Centar","article_publisher":"https:\/\/www.facebook.com\/importannesarajevo\/","article_modified_time":"2025-12-16T08:35:34+00:00","og_image":[{"url":"https:\/\/importanne.ba\/wp-content\/uploads\/2025\/12\/980x250-px.png"}],"twitter_card":"summary_large_image","twitter_misc":{"Estimated reading time":"2 minutes"},"schema":{"@context":"https:\/\/schema.org","@graph":[{"@type":"WebPage","@id":"https:\/\/importanne.ba\/praznicni-vodic-za-poklone-u-importanne-centru\/","url":"https:\/\/importanne.ba\/praznicni-vodic-za-poklone-u-importanne-centru\/","name":"Prazni\u010dni vodi\u010d za poklone u Importanne centru - Importanne Centar","isPartOf":{"@id":"https:\/\/importanne.ba\/#website"},"datePublished":"2025-12-16T08:11:23+00:00","dateModified":"2025-12-16T08:35:34+00:00","description":"Kontakt - Mo\u017eete nas kontaktirati na bilo koji na\u010din koji Vama odgovara. Dostupni smo 24\/7 putem e-mail po\u0161te. Tako\u0111er mo\u017eete koristiti...","breadcrumb":{"@id":"https:\/\/importanne.ba\/praznicni-vodic-za-poklone-u-importanne-centru\/#breadcrumb"},"inLanguage":"en-GB","potentialAction":[{"@type":"ReadAction","target":["https:\/\/importanne.ba\/praznicni-vodic-za-poklone-u-importanne-centru\/"]}]},{"@type":"BreadcrumbList","@id":"https:\/\/importanne.ba\/praznicni-vodic-za-poklone-u-importanne-centru\/#breadcrumb","itemListElement":[{"@type":"ListItem","position":1,"name":"Home","item":"https:\/\/importanne.ba\/"},{"@type":"ListItem","position":2,"name":"Prazni\u010dni vodi\u010d za poklone u Importanne centru"}]},{"@type":"WebSite","@id":"https:\/\/importanne.ba\/#website","url":"https:\/\/importanne.ba\/","name":"Importanne Centar","description":"Centar modernog \u017eivljenja","publisher":{"@id":"https:\/\/importanne.ba\/#organization"},"potentialAction":[{"@type":"SearchAction","target":{"@type":"EntryPoint","urlTemplate":"https:\/\/importanne.ba\/?s={search_term_string}"},"query-input":"required name=search_term_string"}],"inLanguage":"en-GB"},{"@type":"Organization","@id":"https:\/\/importanne.ba\/#organization","name":"Importanne Centar","url":"https:\/\/importanne.ba\/","logo":{"@type":"ImageObject","inLanguage":"en-GB","@id":"https:\/\/importanne.ba\/#\/schema\/logo\/image\/","url":"https:\/\/importanne.ba\/wp-content\/uploads\/2023\/08\/logo_footer.png","contentUrl":"https:\/\/importanne.ba\/wp-content\/uploads\/2023\/08\/logo_footer.png","width":573,"height":598,"caption":"Importanne Centar"},"image":{"@id":"https:\/\/importanne.ba\/#\/schema\/logo\/image\/"},"sameAs":["https:\/\/www.facebook.com\/importannesarajevo\/","https:\/\/www.instagram.com\/importanne_centar\/"]}]}},"_links":{"self":[{"href":"https:\/\/importanne.ba\/en\/wp-json\/wp\/v2\/pages\/4140","targetHints":{"allow":["GET"]}}],"collection":[{"href":"https:\/\/importanne.ba\/en\/wp-json\/wp\/v2\/pages"}],"about":[{"href":"https:\/\/importanne.ba\/en\/wp-json\/wp\/v2\/types\/page"}],"author":[{"embeddable":true,"href":"https:\/\/importanne.ba\/en\/wp-json\/wp\/v2\/users\/1"}],"replies":[{"embeddable":true,"href":"https:\/\/importanne.ba\/en\/wp-json\/wp\/v2\/comments?post=4140"}],"version-history":[{"count":7,"href":"https:\/\/importanne.ba\/en\/wp-json\/wp\/v2\/pages\/4140\/revisions"}],"predecessor-version":[{"id":4157,"href":"https:\/\/importanne.ba\/en\/wp-json\/wp\/v2\/pages\/4140\/revisions\/4157"}],"wp:attachment":[{"href":"https:\/\/importanne.ba\/en\/wp-json\/wp\/v2\/media?parent=4140"}],"curies":[{"name":"wp","href":"https:\/\/api.w.org\/{rel}","templated":true}]}}