{"id":4147,"date":"2025-12-16T09:14:41","date_gmt":"2025-12-16T08:14:41","guid":{"rendered":"https:\/\/importanne.ba\/?page_id=4147"},"modified":"2025-12-16T09:17:00","modified_gmt":"2025-12-16T08:17:00","slug":"danas-pocinje-handmade-holiday-bazaar","status":"publish","type":"page","link":"https:\/\/importanne.ba\/en\/danas-pocinje-handmade-holiday-bazaar\/","title":{"rendered":"Danas po\u010dinje Handmade Holiday Bazaar!"},"content":{"rendered":"<div data-elementor-type=\"wp-page\" data-elementor-id=\"4147\" class=\"elementor elementor-4147\" data-elementor-post-type=\"page\">\n\t\t\t\t\t\t\t\t\t<section class=\"elementor-section elementor-top-section elementor-element elementor-element-5c6d7a3 elementor-section-boxed elementor-section-height-default elementor-section-height-default\" data-id=\"5c6d7a3\" data-element_type=\"section\" data-settings=\"{&quot;_ha_eqh_enable&quot;:false}\">\n\t\t\t\t\t\t<div class=\"elementor-container elementor-column-gap-default\">\n\t\t\t\t\t<div class=\"elementor-column elementor-col-100 elementor-top-column elementor-element elementor-element-37cb5d3\" data-id=\"37cb5d3\" data-element_type=\"column\">\n\t\t\t<div class=\"elementor-widget-wrap elementor-element-populated\">\n\t\t\t\t\t\t\t\t<div class=\"elementor-element elementor-element-90b13da elementor-widget elementor-widget-heading\" data-id=\"90b13da\" data-element_type=\"widget\" data-widget_type=\"heading.default\">\n\t\t\t\t<div class=\"elementor-widget-container\">\n\t\t\t<style>\/*! elementor - v3.15.0 - 20-08-2023 *\/\n.elementor-heading-title{padding:0;margin:0;line-height:1}.elementor-widget-heading .elementor-heading-title[class*=elementor-size-]>a{color:inherit;font-size:inherit;line-height:inherit}.elementor-widget-heading .elementor-heading-title.elementor-size-small{font-size:15px}.elementor-widget-heading .elementor-heading-title.elementor-size-medium{font-size:19px}.elementor-widget-heading .elementor-heading-title.elementor-size-large{font-size:29px}.elementor-widget-heading .elementor-heading-title.elementor-size-xl{font-size:39px}.elementor-widget-heading .elementor-heading-title.elementor-size-xxl{font-size:59px}<\/style><h2 class=\"elementor-heading-title elementor-size-default\">Jo\u0161 niste kupili novogodi\u0161nje poklone?<br>\nDanas po\u010dinje Handmade Holiday Bazaar!<\/h2>\t\t<\/div>\n\t\t\t\t<\/div>\n\t\t\t\t<div class=\"elementor-element elementor-element-924767b elementor-widget elementor-widget-text-editor\" data-id=\"924767b\" data-element_type=\"widget\" data-widget_type=\"text-editor.default\">\n\t\t\t\t<div class=\"elementor-widget-container\">\n\t\t\t<style>\/*! elementor - v3.15.0 - 20-08-2023 *\/\n.elementor-widget-text-editor.elementor-drop-cap-view-stacked .elementor-drop-cap{background-color:#69727d;color:#fff}.elementor-widget-text-editor.elementor-drop-cap-view-framed .elementor-drop-cap{color:#69727d;border:3px solid;background-color:transparent}.elementor-widget-text-editor:not(.elementor-drop-cap-view-default) .elementor-drop-cap{margin-top:8px}.elementor-widget-text-editor:not(.elementor-drop-cap-view-default) .elementor-drop-cap-letter{width:1em;height:1em}.elementor-widget-text-editor .elementor-drop-cap{float:left;text-align:center;line-height:1;font-size:50px}.elementor-widget-text-editor .elementor-drop-cap-letter{display:inline-block}<\/style>\t\t\t\t<p>Danas je u Importanne centru po\u010deo Handmade Holiday Bazaar, prazni\u010dni bazar koji okuplja doma\u0107e kreativce, male proizvo\u0111a\u010de i zaljubljenike u ru\u010dni rad. U organizaciji Udru\u017eenja Na\u0161 koncept, ovaj bazar predstavlja jako dobru priliku gra\u0111anima da na jednom mjestu prona\u0111u originalne, kvalitetne i autenti\u010dne novogodi\u0161nje poklone i da pritom podr\u017ee lokalnu ekonomiju. <br \/><br \/>Na bazaru se predstavlja 20 najzanimljivijih izlaga\u010da, \u010diji proizvodi imaju pri\u010du, u koje je ulo\u017een veliki trud i ljubav prema ru\u010dnoj izradi. Posjetioci mogu birati izme\u0111u bogate ponude koja uklju\u010duje:<br \/><br \/><\/p><ul><li><b>Unikatni ru\u010dno ra\u0111eni nakit<\/b>, idealna za poklone s posebnom emocijom<\/li><li><b>Posebne odjevne komade<\/b> za \u017eene koje cijene bezvremenski stil<\/li><li><b>Organski i bio med te proizvode od meda<\/b>, doma\u0107e i zdrave<\/li><li><b>Ru\u010dno brane i su\u0161ene \u010dajeve<\/b> s na\u0161ih planina, idealne za zimske dane<\/li><li><b>Vi\u0161e od 20 vrsta \u010duvarku\u0107e<\/b> u ru\u010dno izra\u0111enim saksijama koje su simbol sre\u0107e i za\u0161tite<\/li><li><b>Knjige<\/b>, kao ulitimativni prazni\u010dni pokloni<\/li><\/ul><p><br \/>Handmade Holiday Bazaar je jeno lijepo mjesto susreta, podr\u0161ke i zajedni\u0161tva. Kupovinom doma\u0107ih proizvoda, posjetioci direktno podr\u017eavaju rad lokalnih proizvo\u0111a\u010da, obrtnika i kreativaca, te doprinose ja\u010danju lokalne ekonomije u prazni\u010dnom periodu.<br \/><br \/>Bazar traje od 15. do 20. decembra, svakog dana od 09:00 do 21:00 sat, na -1 spratu Importanne centra.<br \/><br \/>Ako tra\u017eite poklone koji su druga\u010diji, topli i po kojim \u0107e vas pamtiti, Handmade Holiday Bazaar je pravo mjesto za vas. Do\u0111ite i budite dio prazni\u010dne atmosfere koja slavi kreativnost, doma\u0107u proizvodnju i istinske vrijednosti.<\/p>\t\t\t\t\t\t<\/div>\n\t\t\t\t<\/div>\n\t\t\t\t\t<\/div>\n\t\t<\/div>\n\t\t\t\t\t\t\t<\/div>\n\t\t<\/section>\n\t\t\t\t<section class=\"elementor-section elementor-top-section elementor-element elementor-element-d03cd7f elementor-section-boxed elementor-section-height-default elementor-section-height-default\" data-id=\"d03cd7f\" data-element_type=\"section\" data-settings=\"{&quot;_ha_eqh_enable&quot;:false}\">\n\t\t\t\t\t\t<div class=\"elementor-container elementor-column-gap-default\">\n\t\t\t\t\t<div class=\"elementor-column elementor-col-100 elementor-top-column elementor-element elementor-element-b4bff13\" data-id=\"b4bff13\" data-element_type=\"column\">\n\t\t\t<div class=\"elementor-widget-wrap elementor-element-populated\">\n\t\t\t\t\t\t\t\t<div class=\"elementor-element elementor-element-3bb53d4 elementor-widget elementor-widget-spacer\" data-id=\"3bb53d4\" data-element_type=\"widget\" data-widget_type=\"spacer.default\">\n\t\t\t\t<div class=\"elementor-widget-container\">\n\t\t\t<style>\/*! elementor - v3.15.0 - 20-08-2023 *\/\n.elementor-column .elementor-spacer-inner{height:var(--spacer-size)}.e-con{--container-widget-width:100%}.e-con-inner>.elementor-widget-spacer,.e-con>.elementor-widget-spacer{width:var(--container-widget-width,var(--spacer-size));--align-self:var(--container-widget-align-self,initial);--flex-shrink:0}.e-con-inner>.elementor-widget-spacer>.elementor-widget-container,.e-con-inner>.elementor-widget-spacer>.elementor-widget-container>.elementor-spacer,.e-con>.elementor-widget-spacer>.elementor-widget-container,.e-con>.elementor-widget-spacer>.elementor-widget-container>.elementor-spacer{height:100%}.e-con-inner>.elementor-widget-spacer>.elementor-widget-container>.elementor-spacer>.elementor-spacer-inner,.e-con>.elementor-widget-spacer>.elementor-widget-container>.elementor-spacer>.elementor-spacer-inner{height:var(--container-widget-height,var(--spacer-size))}<\/style>\t\t<div class=\"elementor-spacer\">\n\t\t\t<div class=\"elementor-spacer-inner\"><\/div>\n\t\t<\/div>\n\t\t\t\t<\/div>\n\t\t\t\t<\/div>\n\t\t\t\t\t<\/div>\n\t\t<\/div>\n\t\t\t\t\t\t\t<\/div>\n\t\t<\/section>\n\t\t\t\t\t\t\t<\/div>","protected":false},"excerpt":{"rendered":"<p>Jo\u0161 niste kupili novogodi\u0161nje poklone? Danas po\u010dinje Handmade Holiday Bazaar! Danas je u Importanne centru po\u010deo Handmade Holiday Bazaar, prazni\u010dni bazar koji okuplja doma\u0107e kreativce, male proizvo\u0111a\u010de i zaljubljenike u ru\u010dni rad. U organizaciji Udru\u017eenja Na\u0161 koncept, ovaj bazar predstavlja jako dobru priliku gra\u0111anima da na jednom mjestu prona\u0111u originalne, kvalitetne i autenti\u010dne novogodi\u0161nje poklone [&hellip;]<\/p>","protected":false},"author":1,"featured_media":0,"parent":0,"menu_order":0,"comment_status":"closed","ping_status":"closed","template":"elementor_header_footer","meta":{"footnotes":""},"class_list":["post-4147","page","type-page","status-publish","hentry"],"yoast_head":"<!-- This site is optimized with the Yoast SEO plugin v21.2 - https:\/\/yoast.com\/wordpress\/plugins\/seo\/ -->\n<title>Danas po\u010dinje Handmade Holiday Bazaar! - Importanne Centar<\/title>\n<meta name=\"description\" content=\"Kontakt - Mo\u017eete nas kontaktirati na bilo koji na\u010din koji Vama odgovara. Dostupni smo 24\/7 putem e-mail po\u0161te. Tako\u0111er mo\u017eete koristiti...\" \/>\n<meta name=\"robots\" content=\"index, follow, max-snippet:-1, max-image-preview:large, max-video-preview:-1\" \/>\n<link rel=\"canonical\" href=\"https:\/\/importanne.ba\/en\/danas-pocinje-handmade-holiday-bazaar\/\" \/>\n<meta property=\"og:locale\" content=\"en_GB\" \/>\n<meta property=\"og:type\" content=\"article\" \/>\n<meta property=\"og:title\" content=\"Danas po\u010dinje Handmade Holiday Bazaar! - Importanne Centar\" \/>\n<meta property=\"og:description\" content=\"Kontakt - Mo\u017eete nas kontaktirati na bilo koji na\u010din koji Vama odgovara. Dostupni smo 24\/7 putem e-mail po\u0161te. Tako\u0111er mo\u017eete koristiti...\" \/>\n<meta property=\"og:url\" content=\"https:\/\/importanne.ba\/en\/danas-pocinje-handmade-holiday-bazaar\/\" \/>\n<meta property=\"og:site_name\" content=\"Importanne Centar\" \/>\n<meta property=\"article:publisher\" content=\"https:\/\/www.facebook.com\/importannesarajevo\/\" \/>\n<meta property=\"article:modified_time\" content=\"2025-12-16T08:17:00+00:00\" \/>\n<meta property=\"og:image\" content=\"https:\/\/importanne.ba\/wp-content\/uploads\/2023\/08\/importane_logo_zadnji.png\" \/>\n\t<meta property=\"og:image:width\" content=\"1080\" \/>\n\t<meta property=\"og:image:height\" content=\"743\" \/>\n\t<meta property=\"og:image:type\" content=\"image\/png\" \/>\n<meta name=\"twitter:card\" content=\"summary_large_image\" \/>\n<meta name=\"twitter:label1\" content=\"Estimated reading time\" \/>\n\t<meta name=\"twitter:data1\" content=\"2 minutes\" \/>\n<script type=\"application\/ld+json\" class=\"yoast-schema-graph\">{\"@context\":\"https:\/\/schema.org\",\"@graph\":[{\"@type\":\"WebPage\",\"@id\":\"https:\/\/importanne.ba\/danas-pocinje-handmade-holiday-bazaar\/\",\"url\":\"https:\/\/importanne.ba\/danas-pocinje-handmade-holiday-bazaar\/\",\"name\":\"Danas po\u010dinje Handmade Holiday Bazaar! - Importanne Centar\",\"isPartOf\":{\"@id\":\"https:\/\/importanne.ba\/#website\"},\"datePublished\":\"2025-12-16T08:14:41+00:00\",\"dateModified\":\"2025-12-16T08:17:00+00:00\",\"description\":\"Kontakt - Mo\u017eete nas kontaktirati na bilo koji na\u010din koji Vama odgovara. Dostupni smo 24\/7 putem e-mail po\u0161te. Tako\u0111er mo\u017eete koristiti...\",\"breadcrumb\":{\"@id\":\"https:\/\/importanne.ba\/danas-pocinje-handmade-holiday-bazaar\/#breadcrumb\"},\"inLanguage\":\"en-GB\",\"potentialAction\":[{\"@type\":\"ReadAction\",\"target\":[\"https:\/\/importanne.ba\/danas-pocinje-handmade-holiday-bazaar\/\"]}]},{\"@type\":\"BreadcrumbList\",\"@id\":\"https:\/\/importanne.ba\/danas-pocinje-handmade-holiday-bazaar\/#breadcrumb\",\"itemListElement\":[{\"@type\":\"ListItem\",\"position\":1,\"name\":\"Home\",\"item\":\"https:\/\/importanne.ba\/\"},{\"@type\":\"ListItem\",\"position\":2,\"name\":\"Danas po\u010dinje Handmade Holiday Bazaar!\"}]},{\"@type\":\"WebSite\",\"@id\":\"https:\/\/importanne.ba\/#website\",\"url\":\"https:\/\/importanne.ba\/\",\"name\":\"Importanne Centar\",\"description\":\"Centar modernog \u017eivljenja\",\"publisher\":{\"@id\":\"https:\/\/importanne.ba\/#organization\"},\"potentialAction\":[{\"@type\":\"SearchAction\",\"target\":{\"@type\":\"EntryPoint\",\"urlTemplate\":\"https:\/\/importanne.ba\/?s={search_term_string}\"},\"query-input\":\"required name=search_term_string\"}],\"inLanguage\":\"en-GB\"},{\"@type\":\"Organization\",\"@id\":\"https:\/\/importanne.ba\/#organization\",\"name\":\"Importanne Centar\",\"url\":\"https:\/\/importanne.ba\/\",\"logo\":{\"@type\":\"ImageObject\",\"inLanguage\":\"en-GB\",\"@id\":\"https:\/\/importanne.ba\/#\/schema\/logo\/image\/\",\"url\":\"https:\/\/importanne.ba\/wp-content\/uploads\/2023\/08\/logo_footer.png\",\"contentUrl\":\"https:\/\/importanne.ba\/wp-content\/uploads\/2023\/08\/logo_footer.png\",\"width\":573,\"height\":598,\"caption\":\"Importanne Centar\"},\"image\":{\"@id\":\"https:\/\/importanne.ba\/#\/schema\/logo\/image\/\"},\"sameAs\":[\"https:\/\/www.facebook.com\/importannesarajevo\/\",\"https:\/\/www.instagram.com\/importanne_centar\/\"]}]}<\/script>\n<!-- \/ Yoast SEO plugin. -->","yoast_head_json":{"title":"Danas po\u010dinje Handmade Holiday Bazaar! - Importanne Centar","description":"Kontakt - Mo\u017eete nas kontaktirati na bilo koji na\u010din koji Vama odgovara. Dostupni smo 24\/7 putem e-mail po\u0161te. Tako\u0111er mo\u017eete koristiti...","robots":{"index":"index","follow":"follow","max-snippet":"max-snippet:-1","max-image-preview":"max-image-preview:large","max-video-preview":"max-video-preview:-1"},"canonical":"https:\/\/importanne.ba\/en\/danas-pocinje-handmade-holiday-bazaar\/","og_locale":"en_GB","og_type":"article","og_title":"Danas po\u010dinje Handmade Holiday Bazaar! - Importanne Centar","og_description":"Kontakt - Mo\u017eete nas kontaktirati na bilo koji na\u010din koji Vama odgovara. Dostupni smo 24\/7 putem e-mail po\u0161te. Tako\u0111er mo\u017eete koristiti...","og_url":"https:\/\/importanne.ba\/en\/danas-pocinje-handmade-holiday-bazaar\/","og_site_name":"Importanne Centar","article_publisher":"https:\/\/www.facebook.com\/importannesarajevo\/","article_modified_time":"2025-12-16T08:17:00+00:00","og_image":[{"width":1080,"height":743,"url":"https:\/\/importanne.ba\/wp-content\/uploads\/2023\/08\/importane_logo_zadnji.png","type":"image\/png"}],"twitter_card":"summary_large_image","twitter_misc":{"Estimated reading time":"2 minutes"},"schema":{"@context":"https:\/\/schema.org","@graph":[{"@type":"WebPage","@id":"https:\/\/importanne.ba\/danas-pocinje-handmade-holiday-bazaar\/","url":"https:\/\/importanne.ba\/danas-pocinje-handmade-holiday-bazaar\/","name":"Danas po\u010dinje Handmade Holiday Bazaar! - Importanne Centar","isPartOf":{"@id":"https:\/\/importanne.ba\/#website"},"datePublished":"2025-12-16T08:14:41+00:00","dateModified":"2025-12-16T08:17:00+00:00","description":"Kontakt - Mo\u017eete nas kontaktirati na bilo koji na\u010din koji Vama odgovara. Dostupni smo 24\/7 putem e-mail po\u0161te. Tako\u0111er mo\u017eete koristiti...","breadcrumb":{"@id":"https:\/\/importanne.ba\/danas-pocinje-handmade-holiday-bazaar\/#breadcrumb"},"inLanguage":"en-GB","potentialAction":[{"@type":"ReadAction","target":["https:\/\/importanne.ba\/danas-pocinje-handmade-holiday-bazaar\/"]}]},{"@type":"BreadcrumbList","@id":"https:\/\/importanne.ba\/danas-pocinje-handmade-holiday-bazaar\/#breadcrumb","itemListElement":[{"@type":"ListItem","position":1,"name":"Home","item":"https:\/\/importanne.ba\/"},{"@type":"ListItem","position":2,"name":"Danas po\u010dinje Handmade Holiday Bazaar!"}]},{"@type":"WebSite","@id":"https:\/\/importanne.ba\/#website","url":"https:\/\/importanne.ba\/","name":"Importanne Centar","description":"Centar modernog \u017eivljenja","publisher":{"@id":"https:\/\/importanne.ba\/#organization"},"potentialAction":[{"@type":"SearchAction","target":{"@type":"EntryPoint","urlTemplate":"https:\/\/importanne.ba\/?s={search_term_string}"},"query-input":"required name=search_term_string"}],"inLanguage":"en-GB"},{"@type":"Organization","@id":"https:\/\/importanne.ba\/#organization","name":"Importanne Centar","url":"https:\/\/importanne.ba\/","logo":{"@type":"ImageObject","inLanguage":"en-GB","@id":"https:\/\/importanne.ba\/#\/schema\/logo\/image\/","url":"https:\/\/importanne.ba\/wp-content\/uploads\/2023\/08\/logo_footer.png","contentUrl":"https:\/\/importanne.ba\/wp-content\/uploads\/2023\/08\/logo_footer.png","width":573,"height":598,"caption":"Importanne Centar"},"image":{"@id":"https:\/\/importanne.ba\/#\/schema\/logo\/image\/"},"sameAs":["https:\/\/www.facebook.com\/importannesarajevo\/","https:\/\/www.instagram.com\/importanne_centar\/"]}]}},"_links":{"self":[{"href":"https:\/\/importanne.ba\/en\/wp-json\/wp\/v2\/pages\/4147","targetHints":{"allow":["GET"]}}],"collection":[{"href":"https:\/\/importanne.ba\/en\/wp-json\/wp\/v2\/pages"}],"about":[{"href":"https:\/\/importanne.ba\/en\/wp-json\/wp\/v2\/types\/page"}],"author":[{"embeddable":true,"href":"https:\/\/importanne.ba\/en\/wp-json\/wp\/v2\/users\/1"}],"replies":[{"embeddable":true,"href":"https:\/\/importanne.ba\/en\/wp-json\/wp\/v2\/comments?post=4147"}],"version-history":[{"count":4,"href":"https:\/\/importanne.ba\/en\/wp-json\/wp\/v2\/pages\/4147\/revisions"}],"predecessor-version":[{"id":4151,"href":"https:\/\/importanne.ba\/en\/wp-json\/wp\/v2\/pages\/4147\/revisions\/4151"}],"wp:attachment":[{"href":"https:\/\/importanne.ba\/en\/wp-json\/wp\/v2\/media?parent=4147"}],"curies":[{"name":"wp","href":"https:\/\/api.w.org\/{rel}","templated":true}]}}