{"id":4198,"date":"2026-03-11T13:05:20","date_gmt":"2026-03-11T12:05:20","guid":{"rendered":"https:\/\/importanne.ba\/?page_id=4198"},"modified":"2026-03-11T13:16:54","modified_gmt":"2026-03-11T12:16:54","slug":"savrsen-dan-igre-zabave-i-nezaboravnog-sopinga-vas-dan-iz-snova","status":"publish","type":"page","link":"https:\/\/importanne.ba\/en\/savrsen-dan-igre-zabave-i-nezaboravnog-sopinga-vas-dan-iz-snova\/","title":{"rendered":"Savr\u0161en dan igre, zabave i nezaboravnog \u0161opinga \u2013 va\u0161 dan iz snova"},"content":{"rendered":"<div data-elementor-type=\"wp-page\" data-elementor-id=\"4198\" class=\"elementor elementor-4198\" data-elementor-post-type=\"page\">\n\t\t\t\t\t\t\t\t\t<section class=\"elementor-section elementor-top-section elementor-element elementor-element-5c6d7a3 elementor-section-boxed elementor-section-height-default elementor-section-height-default\" data-id=\"5c6d7a3\" data-element_type=\"section\" data-settings=\"{&quot;_ha_eqh_enable&quot;:false}\">\n\t\t\t\t\t\t<div class=\"elementor-container elementor-column-gap-default\">\n\t\t\t\t\t<div class=\"elementor-column elementor-col-100 elementor-top-column elementor-element elementor-element-37cb5d3\" data-id=\"37cb5d3\" data-element_type=\"column\">\n\t\t\t<div class=\"elementor-widget-wrap elementor-element-populated\">\n\t\t\t\t\t\t\t\t<div class=\"elementor-element elementor-element-90b13da elementor-widget elementor-widget-heading\" data-id=\"90b13da\" data-element_type=\"widget\" data-widget_type=\"heading.default\">\n\t\t\t\t<div class=\"elementor-widget-container\">\n\t\t\t<style>\/*! elementor - v3.15.0 - 20-08-2023 *\/\n.elementor-heading-title{padding:0;margin:0;line-height:1}.elementor-widget-heading .elementor-heading-title[class*=elementor-size-]>a{color:inherit;font-size:inherit;line-height:inherit}.elementor-widget-heading .elementor-heading-title.elementor-size-small{font-size:15px}.elementor-widget-heading .elementor-heading-title.elementor-size-medium{font-size:19px}.elementor-widget-heading .elementor-heading-title.elementor-size-large{font-size:29px}.elementor-widget-heading .elementor-heading-title.elementor-size-xl{font-size:39px}.elementor-widget-heading .elementor-heading-title.elementor-size-xxl{font-size:59px}<\/style><h2 class=\"elementor-heading-title elementor-size-default\">Savr\u0161en dan igre, zabave i nezaboravnog \u0161opinga \u2013 va\u0161 dan iz snova<\/h2>\t\t<\/div>\n\t\t\t\t<\/div>\n\t\t\t\t<section class=\"elementor-section elementor-inner-section elementor-element elementor-element-0081ac0 elementor-section-boxed elementor-section-height-default elementor-section-height-default\" data-id=\"0081ac0\" data-element_type=\"section\" data-settings=\"{&quot;_ha_eqh_enable&quot;:false}\">\n\t\t\t\t\t\t<div class=\"elementor-container elementor-column-gap-default\">\n\t\t\t\t\t<div class=\"elementor-column elementor-col-50 elementor-inner-column elementor-element elementor-element-e8d12fb\" data-id=\"e8d12fb\" data-element_type=\"column\">\n\t\t\t<div class=\"elementor-widget-wrap elementor-element-populated\">\n\t\t\t\t\t\t\t\t<div class=\"elementor-element elementor-element-924767b elementor-widget elementor-widget-text-editor\" data-id=\"924767b\" data-element_type=\"widget\" data-widget_type=\"text-editor.default\">\n\t\t\t\t<div class=\"elementor-widget-container\">\n\t\t\t<style>\/*! elementor - v3.15.0 - 20-08-2023 *\/\n.elementor-widget-text-editor.elementor-drop-cap-view-stacked .elementor-drop-cap{background-color:#69727d;color:#fff}.elementor-widget-text-editor.elementor-drop-cap-view-framed .elementor-drop-cap{color:#69727d;border:3px solid;background-color:transparent}.elementor-widget-text-editor:not(.elementor-drop-cap-view-default) .elementor-drop-cap{margin-top:8px}.elementor-widget-text-editor:not(.elementor-drop-cap-view-default) .elementor-drop-cap-letter{width:1em;height:1em}.elementor-widget-text-editor .elementor-drop-cap{float:left;text-align:center;line-height:1;font-size:50px}.elementor-widget-text-editor .elementor-drop-cap-letter{display:inline-block}<\/style>\t\t\t\t<div>Smijeh, timski duh i radost zajedni\u010dke igre obilje\u017eit \u0107e doga\u0111aj \u201ePorodi\u010dna olimpijada by UPIM &amp; BLUKIDS \u2013 Osvoji dan iz snova\u201c, koji \u0107e se odr\u017eati u subotu, 28. marta 2026. godine, od 12 do 16 sati u Importanne centru na eta\u017ei -1.<\/div><div>Ovaj jedinstveni porodi\u010dni doga\u0111aj okupit \u0107e roditelje i djecu kroz niz zabavnih izazova i aktivnosti koje poti\u010du zajedni\u0161tvo, kreativnost i timski duh. Cilj doga\u0111aja je pru\u017eiti porodicama priliku da zajedno provedu kvalitetno vrijeme, u\u017eivaju u igri i stvore uspomene koje \u0107e dugo pamtiti.<\/div><div>Tokom Porodi\u010dne olimpijade by UPIM &amp; BLUKIDS, porodice \u0107e se takmi\u010diti u razli\u010ditim zabavnim disciplinama poput povuci\u2013potegni, ulovi sve loptice, obori boce, zapleti pletenicu, izazova sa \u010da\u0161ama te igre glava\u2013ramena\u2013koljena, ali i u drugim kreativnim zadacima koji garantuju mnogo smijeha i dobre energije.<\/div><div>\u00a0<\/div><div>Pored takmi\u010darskog dijela programa, posjetioce o\u010dekuje i bogat prate\u0107i sadr\u017eaj za cijelu porodicu. Najmla\u0111i \u0107e imati priliku u\u010destvovati u Baby puzijadi, posebnoj aktivnosti namijenjenoj bebama i njihovim roditeljima, dok \u0107e ljubitelji mode u\u017eivati u modnoj reviji dje\u010dijih brendova UPIM i BLUKIDS, koja donosi insivne proljetne modne kombinacije za najmla\u0111e.<\/div><div>\u00a0<\/div><div>Dodatni zabavni sadr\u017eaji i animacije \u201eLILO Land\u201c za djecu pobrinut \u0107e se da cijela porodica u\u017eiva u veseloj i opu\u0161tenoj atmosferi tokom cijelog doga\u0111aja. Posjetioce o\u010dekuje i cooking show sa Selmom Kari\u0107, pobjednicom MasterChefa Hrvatska.<\/div><div>Organizatori doga\u0111aja \u2013 Agencija WE i Importanne centar \u2013 isti\u010du kako je Porodi\u010dna olimpijada zami\u0161ljena kao doga\u0111aj koji slavi zajedni\u0161tvo i podsje\u0107a koliko su igra, dru\u017eenje i vrijeme provedeno s porodicom va\u017eni u svakodnevnom \u017eivotu.<\/div>\t\t\t\t\t\t<\/div>\n\t\t\t\t<\/div>\n\t\t\t\t\t<\/div>\n\t\t<\/div>\n\t\t\t\t<div class=\"elementor-column elementor-col-50 elementor-inner-column elementor-element elementor-element-906afc5\" data-id=\"906afc5\" data-element_type=\"column\">\n\t\t\t<div class=\"elementor-widget-wrap elementor-element-populated\">\n\t\t\t\t\t\t\t\t<div class=\"elementor-element elementor-element-bb6afbe elementor-widget elementor-widget-image\" data-id=\"bb6afbe\" data-element_type=\"widget\" data-widget_type=\"image.default\">\n\t\t\t\t<div class=\"elementor-widget-container\">\n\t\t\t<style>\/*! elementor - v3.15.0 - 20-08-2023 *\/\n.elementor-widget-image{text-align:center}.elementor-widget-image a{display:inline-block}.elementor-widget-image a img[src$=\".svg\"]{width:48px}.elementor-widget-image img{vertical-align:middle;display:inline-block}<\/style>\t\t\t\t\t\t\t\t\t\t\t\t<img loading=\"lazy\" decoding=\"async\" width=\"1600\" height=\"1139\" src=\"https:\/\/importanne.ba\/wp-content\/uploads\/2026\/03\/1000026046.jpg\" class=\"attachment-full size-full wp-image-4196\" alt=\"\" srcset=\"https:\/\/importanne.ba\/wp-content\/uploads\/2026\/03\/1000026046.jpg 1600w, https:\/\/importanne.ba\/wp-content\/uploads\/2026\/03\/1000026046-300x214.jpg 300w, https:\/\/importanne.ba\/wp-content\/uploads\/2026\/03\/1000026046-1024x729.jpg 1024w, https:\/\/importanne.ba\/wp-content\/uploads\/2026\/03\/1000026046-768x547.jpg 768w, https:\/\/importanne.ba\/wp-content\/uploads\/2026\/03\/1000026046-1536x1093.jpg 1536w, https:\/\/importanne.ba\/wp-content\/uploads\/2026\/03\/1000026046-18x12.jpg 18w\" sizes=\"auto, (max-width: 1600px) 100vw, 1600px\" \/>\t\t\t\t\t\t\t\t\t\t\t\t\t\t\t<\/div>\n\t\t\t\t<\/div>\n\t\t\t\t\t<\/div>\n\t\t<\/div>\n\t\t\t\t\t\t\t<\/div>\n\t\t<\/section>\n\t\t\t\t<div class=\"elementor-element elementor-element-a511cc1 elementor-widget elementor-widget-text-editor\" data-id=\"a511cc1\" data-element_type=\"widget\" data-widget_type=\"text-editor.default\">\n\t\t\t\t<div class=\"elementor-widget-container\">\n\t\t\t\t\t\t\t<div>Porodice koje \u017eele u\u010destvovati u takmi\u010darskom dijelu doga\u0111aja mogu se prijaviti najkasnije do 20. marta 2026. godine, a broj mjesta je ograni\u010den. Prijave su mogu\u0107e slanjem poruke u INBOX putem Facebook ili Instagram stranica Importanne centra, kao i putem Viber broja: 061 010 030.<\/div><div>Posebnu \u010dar ovogodi\u0161njoj Porodi\u010dnoj olimpijadi daje i najve\u0107i fond nagrada pripremljen za u\u010desnike, koji uklju\u010duje brojne poklone partnera i brendova Importanne centra. Ipak, najve\u0107e uzbu\u0111enje o\u010dekuje pobjedni\u010dku porodicu, koja \u0107e osvojiti putovanje u Gardaland, jedan od najpoznatijih i najuzbudljivijih zabavnih parkova u Evropi. Ova nagrada donosi priliku za nezaboravnu porodi\u010dnu avanturu, prepunu adrenalina, zabave i zajedni\u010dkih trenutaka koje \u0107e cijela porodica dugo pamtiti.<\/div><div>Porodi\u010dna olimpijada by UPIM &amp; BLUKIDS donosi priliku da se makar na jedan dan svi vrate igri, smijehu i bezbri\u017enim trenucima koje dijelimo sa onima koje najvi\u0161e volimo. Brendovi Importanne centra pripremili su brojne poklone, nagrade i posebne popuste za kupovinu, uz nezaboravan program za cijelu porodicu.<\/div>\t\t\t\t\t\t<\/div>\n\t\t\t\t<\/div>\n\t\t\t\t<div class=\"elementor-element elementor-element-ae08427 elementor-widget elementor-widget-text-editor\" data-id=\"ae08427\" data-element_type=\"widget\" data-widget_type=\"text-editor.default\">\n\t\t\t\t<div class=\"elementor-widget-container\">\n\t\t\t\t\t\t\t<div>Vi\u0161e informacija na <a href=\"https:\/\/www.facebook.com\/events\/1577755993310638\/1577756013310636\/\" target=\"_blank\" rel=\"noopener\"><strong>Facebook linku<\/strong><\/a><\/div>\t\t\t\t\t\t<\/div>\n\t\t\t\t<\/div>\n\t\t\t\t\t<\/div>\n\t\t<\/div>\n\t\t\t\t\t\t\t<\/div>\n\t\t<\/section>\n\t\t\t\t<section class=\"elementor-section elementor-top-section elementor-element elementor-element-d03cd7f elementor-section-boxed elementor-section-height-default elementor-section-height-default\" data-id=\"d03cd7f\" data-element_type=\"section\" data-settings=\"{&quot;_ha_eqh_enable&quot;:false}\">\n\t\t\t\t\t\t<div class=\"elementor-container elementor-column-gap-default\">\n\t\t\t\t\t<div class=\"elementor-column elementor-col-100 elementor-top-column elementor-element elementor-element-b4bff13\" data-id=\"b4bff13\" data-element_type=\"column\">\n\t\t\t<div class=\"elementor-widget-wrap elementor-element-populated\">\n\t\t\t\t\t\t\t\t<div class=\"elementor-element elementor-element-3bb53d4 elementor-widget elementor-widget-spacer\" data-id=\"3bb53d4\" data-element_type=\"widget\" data-widget_type=\"spacer.default\">\n\t\t\t\t<div class=\"elementor-widget-container\">\n\t\t\t<style>\/*! elementor - v3.15.0 - 20-08-2023 *\/\n.elementor-column .elementor-spacer-inner{height:var(--spacer-size)}.e-con{--container-widget-width:100%}.e-con-inner>.elementor-widget-spacer,.e-con>.elementor-widget-spacer{width:var(--container-widget-width,var(--spacer-size));--align-self:var(--container-widget-align-self,initial);--flex-shrink:0}.e-con-inner>.elementor-widget-spacer>.elementor-widget-container,.e-con-inner>.elementor-widget-spacer>.elementor-widget-container>.elementor-spacer,.e-con>.elementor-widget-spacer>.elementor-widget-container,.e-con>.elementor-widget-spacer>.elementor-widget-container>.elementor-spacer{height:100%}.e-con-inner>.elementor-widget-spacer>.elementor-widget-container>.elementor-spacer>.elementor-spacer-inner,.e-con>.elementor-widget-spacer>.elementor-widget-container>.elementor-spacer>.elementor-spacer-inner{height:var(--container-widget-height,var(--spacer-size))}<\/style>\t\t<div class=\"elementor-spacer\">\n\t\t\t<div class=\"elementor-spacer-inner\"><\/div>\n\t\t<\/div>\n\t\t\t\t<\/div>\n\t\t\t\t<\/div>\n\t\t\t\t\t<\/div>\n\t\t<\/div>\n\t\t\t\t\t\t\t<\/div>\n\t\t<\/section>\n\t\t\t\t\t\t\t<\/div>","protected":false},"excerpt":{"rendered":"<p>Savr\u0161en dan igre, zabave i nezaboravnog \u0161opinga \u2013 va\u0161 dan iz snova Smijeh, timski duh i radost zajedni\u010dke igre obilje\u017eit \u0107e doga\u0111aj \u201ePorodi\u010dna olimpijada by UPIM &amp; BLUKIDS \u2013 Osvoji dan iz snova\u201c, koji \u0107e se odr\u017eati u subotu, 28. marta 2026. godine, od 12 do 16 sati u Importanne centru na eta\u017ei -1.Ovaj jedinstveni [&hellip;]<\/p>","protected":false},"author":1,"featured_media":0,"parent":0,"menu_order":0,"comment_status":"closed","ping_status":"closed","template":"elementor_header_footer","meta":{"footnotes":""},"class_list":["post-4198","page","type-page","status-publish","hentry"],"yoast_head":"<!-- This site is optimized with the Yoast SEO plugin v21.2 - https:\/\/yoast.com\/wordpress\/plugins\/seo\/ -->\n<title>Savr\u0161en dan igre, zabave i nezaboravnog \u0161opinga \u2013 va\u0161 dan iz snova - Importanne Centar<\/title>\n<meta name=\"description\" content=\"Kontakt - Mo\u017eete nas kontaktirati na bilo koji na\u010din koji Vama odgovara. Dostupni smo 24\/7 putem e-mail po\u0161te. Tako\u0111er mo\u017eete koristiti...\" \/>\n<meta name=\"robots\" content=\"index, follow, max-snippet:-1, max-image-preview:large, max-video-preview:-1\" \/>\n<link rel=\"canonical\" href=\"https:\/\/importanne.ba\/en\/savrsen-dan-igre-zabave-i-nezaboravnog-sopinga-vas-dan-iz-snova\/\" \/>\n<meta property=\"og:locale\" content=\"en_GB\" \/>\n<meta property=\"og:type\" content=\"article\" \/>\n<meta property=\"og:title\" content=\"Savr\u0161en dan igre, zabave i nezaboravnog \u0161opinga \u2013 va\u0161 dan iz snova - Importanne Centar\" \/>\n<meta property=\"og:description\" content=\"Kontakt - Mo\u017eete nas kontaktirati na bilo koji na\u010din koji Vama odgovara. Dostupni smo 24\/7 putem e-mail po\u0161te. Tako\u0111er mo\u017eete koristiti...\" \/>\n<meta property=\"og:url\" content=\"https:\/\/importanne.ba\/en\/savrsen-dan-igre-zabave-i-nezaboravnog-sopinga-vas-dan-iz-snova\/\" \/>\n<meta property=\"og:site_name\" content=\"Importanne Centar\" \/>\n<meta property=\"article:publisher\" content=\"https:\/\/www.facebook.com\/importannesarajevo\/\" \/>\n<meta property=\"article:modified_time\" content=\"2026-03-11T12:16:54+00:00\" \/>\n<meta property=\"og:image\" content=\"https:\/\/importanne.ba\/wp-content\/uploads\/2026\/03\/1000026046.jpg\" \/>\n<meta name=\"twitter:card\" content=\"summary_large_image\" \/>\n<meta name=\"twitter:label1\" content=\"Estimated reading time\" \/>\n\t<meta name=\"twitter:data1\" content=\"3 minutes\" \/>\n<script type=\"application\/ld+json\" class=\"yoast-schema-graph\">{\"@context\":\"https:\/\/schema.org\",\"@graph\":[{\"@type\":\"WebPage\",\"@id\":\"https:\/\/importanne.ba\/savrsen-dan-igre-zabave-i-nezaboravnog-sopinga-vas-dan-iz-snova\/\",\"url\":\"https:\/\/importanne.ba\/savrsen-dan-igre-zabave-i-nezaboravnog-sopinga-vas-dan-iz-snova\/\",\"name\":\"Savr\u0161en dan igre, zabave i nezaboravnog \u0161opinga \u2013 va\u0161 dan iz snova - Importanne Centar\",\"isPartOf\":{\"@id\":\"https:\/\/importanne.ba\/#website\"},\"datePublished\":\"2026-03-11T12:05:20+00:00\",\"dateModified\":\"2026-03-11T12:16:54+00:00\",\"description\":\"Kontakt - Mo\u017eete nas kontaktirati na bilo koji na\u010din koji Vama odgovara. Dostupni smo 24\/7 putem e-mail po\u0161te. Tako\u0111er mo\u017eete koristiti...\",\"breadcrumb\":{\"@id\":\"https:\/\/importanne.ba\/savrsen-dan-igre-zabave-i-nezaboravnog-sopinga-vas-dan-iz-snova\/#breadcrumb\"},\"inLanguage\":\"en-GB\",\"potentialAction\":[{\"@type\":\"ReadAction\",\"target\":[\"https:\/\/importanne.ba\/savrsen-dan-igre-zabave-i-nezaboravnog-sopinga-vas-dan-iz-snova\/\"]}]},{\"@type\":\"BreadcrumbList\",\"@id\":\"https:\/\/importanne.ba\/savrsen-dan-igre-zabave-i-nezaboravnog-sopinga-vas-dan-iz-snova\/#breadcrumb\",\"itemListElement\":[{\"@type\":\"ListItem\",\"position\":1,\"name\":\"Home\",\"item\":\"https:\/\/importanne.ba\/\"},{\"@type\":\"ListItem\",\"position\":2,\"name\":\"Savr\u0161en dan igre, zabave i nezaboravnog \u0161opinga \u2013 va\u0161 dan iz snova\"}]},{\"@type\":\"WebSite\",\"@id\":\"https:\/\/importanne.ba\/#website\",\"url\":\"https:\/\/importanne.ba\/\",\"name\":\"Importanne Centar\",\"description\":\"Centar modernog \u017eivljenja\",\"publisher\":{\"@id\":\"https:\/\/importanne.ba\/#organization\"},\"potentialAction\":[{\"@type\":\"SearchAction\",\"target\":{\"@type\":\"EntryPoint\",\"urlTemplate\":\"https:\/\/importanne.ba\/?s={search_term_string}\"},\"query-input\":\"required name=search_term_string\"}],\"inLanguage\":\"en-GB\"},{\"@type\":\"Organization\",\"@id\":\"https:\/\/importanne.ba\/#organization\",\"name\":\"Importanne Centar\",\"url\":\"https:\/\/importanne.ba\/\",\"logo\":{\"@type\":\"ImageObject\",\"inLanguage\":\"en-GB\",\"@id\":\"https:\/\/importanne.ba\/#\/schema\/logo\/image\/\",\"url\":\"https:\/\/importanne.ba\/wp-content\/uploads\/2023\/08\/logo_footer.png\",\"contentUrl\":\"https:\/\/importanne.ba\/wp-content\/uploads\/2023\/08\/logo_footer.png\",\"width\":573,\"height\":598,\"caption\":\"Importanne Centar\"},\"image\":{\"@id\":\"https:\/\/importanne.ba\/#\/schema\/logo\/image\/\"},\"sameAs\":[\"https:\/\/www.facebook.com\/importannesarajevo\/\",\"https:\/\/www.instagram.com\/importanne_centar\/\"]}]}<\/script>\n<!-- \/ Yoast SEO plugin. -->","yoast_head_json":{"title":"Savr\u0161en dan igre, zabave i nezaboravnog \u0161opinga \u2013 va\u0161 dan iz snova - Importanne Centar","description":"Kontakt - Mo\u017eete nas kontaktirati na bilo koji na\u010din koji Vama odgovara. Dostupni smo 24\/7 putem e-mail po\u0161te. Tako\u0111er mo\u017eete koristiti...","robots":{"index":"index","follow":"follow","max-snippet":"max-snippet:-1","max-image-preview":"max-image-preview:large","max-video-preview":"max-video-preview:-1"},"canonical":"https:\/\/importanne.ba\/en\/savrsen-dan-igre-zabave-i-nezaboravnog-sopinga-vas-dan-iz-snova\/","og_locale":"en_GB","og_type":"article","og_title":"Savr\u0161en dan igre, zabave i nezaboravnog \u0161opinga \u2013 va\u0161 dan iz snova - Importanne Centar","og_description":"Kontakt - Mo\u017eete nas kontaktirati na bilo koji na\u010din koji Vama odgovara. Dostupni smo 24\/7 putem e-mail po\u0161te. Tako\u0111er mo\u017eete koristiti...","og_url":"https:\/\/importanne.ba\/en\/savrsen-dan-igre-zabave-i-nezaboravnog-sopinga-vas-dan-iz-snova\/","og_site_name":"Importanne Centar","article_publisher":"https:\/\/www.facebook.com\/importannesarajevo\/","article_modified_time":"2026-03-11T12:16:54+00:00","og_image":[{"url":"https:\/\/importanne.ba\/wp-content\/uploads\/2026\/03\/1000026046.jpg"}],"twitter_card":"summary_large_image","twitter_misc":{"Estimated reading time":"3 minutes"},"schema":{"@context":"https:\/\/schema.org","@graph":[{"@type":"WebPage","@id":"https:\/\/importanne.ba\/savrsen-dan-igre-zabave-i-nezaboravnog-sopinga-vas-dan-iz-snova\/","url":"https:\/\/importanne.ba\/savrsen-dan-igre-zabave-i-nezaboravnog-sopinga-vas-dan-iz-snova\/","name":"Savr\u0161en dan igre, zabave i nezaboravnog \u0161opinga \u2013 va\u0161 dan iz snova - Importanne Centar","isPartOf":{"@id":"https:\/\/importanne.ba\/#website"},"datePublished":"2026-03-11T12:05:20+00:00","dateModified":"2026-03-11T12:16:54+00:00","description":"Kontakt - Mo\u017eete nas kontaktirati na bilo koji na\u010din koji Vama odgovara. Dostupni smo 24\/7 putem e-mail po\u0161te. Tako\u0111er mo\u017eete koristiti...","breadcrumb":{"@id":"https:\/\/importanne.ba\/savrsen-dan-igre-zabave-i-nezaboravnog-sopinga-vas-dan-iz-snova\/#breadcrumb"},"inLanguage":"en-GB","potentialAction":[{"@type":"ReadAction","target":["https:\/\/importanne.ba\/savrsen-dan-igre-zabave-i-nezaboravnog-sopinga-vas-dan-iz-snova\/"]}]},{"@type":"BreadcrumbList","@id":"https:\/\/importanne.ba\/savrsen-dan-igre-zabave-i-nezaboravnog-sopinga-vas-dan-iz-snova\/#breadcrumb","itemListElement":[{"@type":"ListItem","position":1,"name":"Home","item":"https:\/\/importanne.ba\/"},{"@type":"ListItem","position":2,"name":"Savr\u0161en dan igre, zabave i nezaboravnog \u0161opinga \u2013 va\u0161 dan iz snova"}]},{"@type":"WebSite","@id":"https:\/\/importanne.ba\/#website","url":"https:\/\/importanne.ba\/","name":"Importanne Centar","description":"Centar modernog \u017eivljenja","publisher":{"@id":"https:\/\/importanne.ba\/#organization"},"potentialAction":[{"@type":"SearchAction","target":{"@type":"EntryPoint","urlTemplate":"https:\/\/importanne.ba\/?s={search_term_string}"},"query-input":"required name=search_term_string"}],"inLanguage":"en-GB"},{"@type":"Organization","@id":"https:\/\/importanne.ba\/#organization","name":"Importanne Centar","url":"https:\/\/importanne.ba\/","logo":{"@type":"ImageObject","inLanguage":"en-GB","@id":"https:\/\/importanne.ba\/#\/schema\/logo\/image\/","url":"https:\/\/importanne.ba\/wp-content\/uploads\/2023\/08\/logo_footer.png","contentUrl":"https:\/\/importanne.ba\/wp-content\/uploads\/2023\/08\/logo_footer.png","width":573,"height":598,"caption":"Importanne Centar"},"image":{"@id":"https:\/\/importanne.ba\/#\/schema\/logo\/image\/"},"sameAs":["https:\/\/www.facebook.com\/importannesarajevo\/","https:\/\/www.instagram.com\/importanne_centar\/"]}]}},"_links":{"self":[{"href":"https:\/\/importanne.ba\/en\/wp-json\/wp\/v2\/pages\/4198","targetHints":{"allow":["GET"]}}],"collection":[{"href":"https:\/\/importanne.ba\/en\/wp-json\/wp\/v2\/pages"}],"about":[{"href":"https:\/\/importanne.ba\/en\/wp-json\/wp\/v2\/types\/page"}],"author":[{"embeddable":true,"href":"https:\/\/importanne.ba\/en\/wp-json\/wp\/v2\/users\/1"}],"replies":[{"embeddable":true,"href":"https:\/\/importanne.ba\/en\/wp-json\/wp\/v2\/comments?post=4198"}],"version-history":[{"count":7,"href":"https:\/\/importanne.ba\/en\/wp-json\/wp\/v2\/pages\/4198\/revisions"}],"predecessor-version":[{"id":4216,"href":"https:\/\/importanne.ba\/en\/wp-json\/wp\/v2\/pages\/4198\/revisions\/4216"}],"wp:attachment":[{"href":"https:\/\/importanne.ba\/en\/wp-json\/wp\/v2\/media?parent=4198"}],"curies":[{"name":"wp","href":"https:\/\/api.w.org\/{rel}","templated":true}]}}