{"id":4203,"date":"2026-03-11T13:11:00","date_gmt":"2026-03-11T12:11:00","guid":{"rendered":"https:\/\/importanne.ba\/?page_id=4203"},"modified":"2026-03-11T13:18:24","modified_gmt":"2026-03-11T12:18:24","slug":"importanne-baby-day-puzijada","status":"publish","type":"page","link":"https:\/\/importanne.ba\/en\/importanne-baby-day-puzijada\/","title":{"rendered":"Importanne baby day &#038; puzijada"},"content":{"rendered":"<div data-elementor-type=\"wp-page\" data-elementor-id=\"4203\" class=\"elementor elementor-4203\" data-elementor-post-type=\"page\">\n\t\t\t\t\t\t\t\t\t<section class=\"elementor-section elementor-top-section elementor-element elementor-element-5c6d7a3 elementor-section-boxed elementor-section-height-default elementor-section-height-default\" data-id=\"5c6d7a3\" data-element_type=\"section\" data-settings=\"{&quot;_ha_eqh_enable&quot;:false}\">\n\t\t\t\t\t\t<div class=\"elementor-container elementor-column-gap-default\">\n\t\t\t\t\t<div class=\"elementor-column elementor-col-100 elementor-top-column elementor-element elementor-element-37cb5d3\" data-id=\"37cb5d3\" data-element_type=\"column\">\n\t\t\t<div class=\"elementor-widget-wrap elementor-element-populated\">\n\t\t\t\t\t\t\t\t<div class=\"elementor-element elementor-element-90b13da elementor-widget elementor-widget-heading\" data-id=\"90b13da\" data-element_type=\"widget\" data-widget_type=\"heading.default\">\n\t\t\t\t<div class=\"elementor-widget-container\">\n\t\t\t<style>\/*! elementor - v3.15.0 - 20-08-2023 *\/\n.elementor-heading-title{padding:0;margin:0;line-height:1}.elementor-widget-heading .elementor-heading-title[class*=elementor-size-]>a{color:inherit;font-size:inherit;line-height:inherit}.elementor-widget-heading .elementor-heading-title.elementor-size-small{font-size:15px}.elementor-widget-heading .elementor-heading-title.elementor-size-medium{font-size:19px}.elementor-widget-heading .elementor-heading-title.elementor-size-large{font-size:29px}.elementor-widget-heading .elementor-heading-title.elementor-size-xl{font-size:39px}.elementor-widget-heading .elementor-heading-title.elementor-size-xxl{font-size:59px}<\/style><h2 class=\"elementor-heading-title elementor-size-default\">Importanne baby day & puzijada<\/h2>\t\t<\/div>\n\t\t\t\t<\/div>\n\t\t\t\t<section class=\"elementor-section elementor-inner-section elementor-element elementor-element-0081ac0 elementor-section-boxed elementor-section-height-default elementor-section-height-default\" data-id=\"0081ac0\" data-element_type=\"section\" data-settings=\"{&quot;_ha_eqh_enable&quot;:false}\">\n\t\t\t\t\t\t<div class=\"elementor-container elementor-column-gap-default\">\n\t\t\t\t\t<div class=\"elementor-column elementor-col-50 elementor-inner-column elementor-element elementor-element-e8d12fb\" data-id=\"e8d12fb\" data-element_type=\"column\">\n\t\t\t<div class=\"elementor-widget-wrap elementor-element-populated\">\n\t\t\t\t\t\t\t\t<div class=\"elementor-element elementor-element-924767b elementor-widget elementor-widget-text-editor\" data-id=\"924767b\" data-element_type=\"widget\" data-widget_type=\"text-editor.default\">\n\t\t\t\t<div class=\"elementor-widget-container\">\n\t\t\t<style>\/*! elementor - v3.15.0 - 20-08-2023 *\/\n.elementor-widget-text-editor.elementor-drop-cap-view-stacked .elementor-drop-cap{background-color:#69727d;color:#fff}.elementor-widget-text-editor.elementor-drop-cap-view-framed .elementor-drop-cap{color:#69727d;border:3px solid;background-color:transparent}.elementor-widget-text-editor:not(.elementor-drop-cap-view-default) .elementor-drop-cap{margin-top:8px}.elementor-widget-text-editor:not(.elementor-drop-cap-view-default) .elementor-drop-cap-letter{width:1em;height:1em}.elementor-widget-text-editor .elementor-drop-cap{float:left;text-align:center;line-height:1;font-size:50px}.elementor-widget-text-editor .elementor-drop-cap-letter{display:inline-block}<\/style>\t\t\t\t<div id=\":rb4\" class=\"ii gt\"><div id=\":rny\" class=\"a3s aiL\"><div id=\"avWBGd-1392\"><div><div><br \/><img loading=\"lazy\" decoding=\"async\" class=\"CToWUd\" src=\"https:\/\/ci3.googleusercontent.com\/meips\/ADKq_NbfCaMAoUEY0lQVbcBNBuYkoCIZcEmxit6pL4_m_DZIKfs1IzBRpoAynqbBGGsTDzCrmt9E2vpLmBCW5fAydicU70dtelyGMTAVrvBHEovHgR1LrQp2N5I=s0-d-e1-ft#https:\/\/static.xx.fbcdn.net\/images\/emoji.php\/v9\/tab\/1\/16\/1f476.png\" alt=\"\ud83d\udc76\" width=\"16\" height=\"16\" data-bit=\"iit\" \/>\u00a0PRIJAVE OTVORENE \u2013 IMPORTANNE BABY DAY &amp; PUZIJADA<\/div><div>Najmla\u0111i takmi\u010dari ponovo osvajaju pistu!<\/div><div>U Importanne Centar Sarajevo uskoro vas o\u010dekuje jedan od najsla\u0111ih doga\u0111aja godine \u2013 Importanne Baby Day, dan posve\u0107en bebama, trudnicama i roditeljima.<br \/><br \/><\/div><div>Posebnu pa\u017enju i ove godine privla\u010di velika PUZIJADA, zabavno takmi\u010denje za na\u0161e najmla\u0111e puzalice i male hodalice.<\/div><div>Ko se mo\u017ee prijaviti?<br \/><br \/><\/div><div><img loading=\"lazy\" decoding=\"async\" class=\"CToWUd\" src=\"https:\/\/ci3.googleusercontent.com\/meips\/ADKq_NbfCaMAoUEY0lQVbcBNBuYkoCIZcEmxit6pL4_m_DZIKfs1IzBRpoAynqbBGGsTDzCrmt9E2vpLmBCW5fAydicU70dtelyGMTAVrvBHEovHgR1LrQp2N5I=s0-d-e1-ft#https:\/\/static.xx.fbcdn.net\/images\/emoji.php\/v9\/tab\/1\/16\/1f476.png\" alt=\"\ud83d\udc76\" width=\"16\" height=\"16\" data-bit=\"iit\" \/>\u00a0bebe koje pu\u017eu<br \/><img loading=\"lazy\" decoding=\"async\" class=\"CToWUd\" src=\"https:\/\/ci3.googleusercontent.com\/meips\/ADKq_NZdKbpd5fUH3zx7NpOgty5pCFVXdA6m4WeN6X5V9zquVLcrlaGWSlUUTNBLHMFQiiDgmThIHNKdq4jWoTdMjzdpmYz2Yyi3rQj10Tf7NZl7oMjiWdyfq6o=s0-d-e1-ft#https:\/\/static.xx.fbcdn.net\/images\/emoji.php\/v9\/te2\/1\/16\/1f6b6.png\" alt=\"\ud83d\udeb6\" width=\"16\" height=\"16\" data-bit=\"iit\" \/>\u00a0bebe koje hodaju uz pomo\u0107<br \/><br \/><\/div><div>uzrast do 18 mjeseci<\/div><div>Kako izgleda takmi\u010denje?<\/div><div>Maksimalno 36 beba<br \/>Takmi\u010denje se odvija kroz 6 kvalifikacijskih krugova<br \/>Najbr\u017ee bebe ulaze u veliko finale<br \/><br \/><\/div><div>Nagrade<\/div><div>Najbr\u017ee bebe o\u010dekuju vrijedne nagrade na\u0161ih partnera, kao i titule:<\/div><div><img loading=\"lazy\" decoding=\"async\" class=\"CToWUd\" src=\"https:\/\/ci3.googleusercontent.com\/meips\/ADKq_NYookpqhXk11hTY0BBI7Ix4n8nrPhhcCSXhmG_ZkkwpbTxPi-U5VzhUfVRUbmWg5LIfuSQZvChhDugKf6h8XtBFq9W44fouj_2NNxyhVBd1ecvj5wRP5mY=s0-d-e1-ft#https:\/\/static.xx.fbcdn.net\/images\/emoji.php\/v9\/tbe\/1\/16\/1f3c6.png\" alt=\"\ud83c\udfc6\" width=\"16\" height=\"16\" data-bit=\"iit\" \/>\u00a0Najbr\u017ea beba puzalica<br \/><img loading=\"lazy\" decoding=\"async\" class=\"CToWUd\" src=\"https:\/\/ci3.googleusercontent.com\/meips\/ADKq_NYookpqhXk11hTY0BBI7Ix4n8nrPhhcCSXhmG_ZkkwpbTxPi-U5VzhUfVRUbmWg5LIfuSQZvChhDugKf6h8XtBFq9W44fouj_2NNxyhVBd1ecvj5wRP5mY=s0-d-e1-ft#https:\/\/static.xx.fbcdn.net\/images\/emoji.php\/v9\/tbe\/1\/16\/1f3c6.png\" alt=\"\ud83c\udfc6\" width=\"16\" height=\"16\" data-bit=\"iit\" \/>\u00a0Najbr\u017ea beba hodalica<\/div><div><br \/>Kako se prijaviti?<\/div><div>Prijave su besplatne, a broj mjesta je ograni\u010den.<br \/>Potrebno je poslati:<br \/>ime i prezime roditelja<br \/>ime i uzrast bebe<br \/>kontakt telefon<\/div><div><br \/>Prijave slati u inbox dru\u0161tvenih mre\u017ea Importanne centra najkasnije do 26.03.2026.god<\/div><div>Za\u0161to do\u0107i?<\/div><div>Osim puzijade, tokom Importanne Baby Day-a o\u010dekuju vas:<\/div><div>edukativne radionice za roditelje<br \/>savjeti stru\u010dnjaka za bebe i trudnice<br \/>baby kutak za igru<br \/>zabavne igre za roditelje<br \/>pokloni i iznena\u0111enja partnera<\/div><div><br \/><img loading=\"lazy\" decoding=\"async\" class=\"CToWUd\" src=\"https:\/\/ci3.googleusercontent.com\/meips\/ADKq_NYSiim0b_McpbGqEAzifh93-Ne7pBYiFnG64Kr63_gf5V7RJV45uGJc37w_RY32N_PP3A80z9A0NFAzHcnfkPZ_8K9ru9bGiXzhY7dMi8SlYHKfLRHRDIE=s0-d-e1-ft#https:\/\/static.xx.fbcdn.net\/images\/emoji.php\/v9\/t2d\/1\/16\/1f4cd.png\" alt=\"\ud83d\udccd\" width=\"16\" height=\"16\" data-bit=\"iit\" \/>\u00a0Vidimo se u Importanne Centar Sarajevo na najsla\u0111em porodi\u010dnom doga\u0111aju u gradu!<\/div><\/div><\/div><\/div><\/div>\t\t\t\t\t\t<\/div>\n\t\t\t\t<\/div>\n\t\t\t\t\t<\/div>\n\t\t<\/div>\n\t\t\t\t<div class=\"elementor-column elementor-col-50 elementor-inner-column elementor-element elementor-element-906afc5\" data-id=\"906afc5\" data-element_type=\"column\">\n\t\t\t<div class=\"elementor-widget-wrap elementor-element-populated\">\n\t\t\t\t\t\t\t\t<div class=\"elementor-element elementor-element-bb6afbe elementor-widget elementor-widget-image\" data-id=\"bb6afbe\" data-element_type=\"widget\" data-widget_type=\"image.default\">\n\t\t\t\t<div class=\"elementor-widget-container\">\n\t\t\t<style>\/*! elementor - v3.15.0 - 20-08-2023 *\/\n.elementor-widget-image{text-align:center}.elementor-widget-image a{display:inline-block}.elementor-widget-image a img[src$=\".svg\"]{width:48px}.elementor-widget-image img{vertical-align:middle;display:inline-block}<\/style>\t\t\t\t\t\t\t\t\t\t\t\t<img loading=\"lazy\" decoding=\"async\" width=\"1600\" height=\"1152\" src=\"https:\/\/importanne.ba\/wp-content\/uploads\/2026\/03\/1000026041.jpg\" class=\"attachment-full size-full wp-image-4195\" alt=\"\" srcset=\"https:\/\/importanne.ba\/wp-content\/uploads\/2026\/03\/1000026041.jpg 1600w, https:\/\/importanne.ba\/wp-content\/uploads\/2026\/03\/1000026041-300x216.jpg 300w, https:\/\/importanne.ba\/wp-content\/uploads\/2026\/03\/1000026041-1024x737.jpg 1024w, https:\/\/importanne.ba\/wp-content\/uploads\/2026\/03\/1000026041-768x553.jpg 768w, https:\/\/importanne.ba\/wp-content\/uploads\/2026\/03\/1000026041-1536x1106.jpg 1536w, https:\/\/importanne.ba\/wp-content\/uploads\/2026\/03\/1000026041-18x12.jpg 18w\" sizes=\"auto, (max-width: 1600px) 100vw, 1600px\" \/>\t\t\t\t\t\t\t\t\t\t\t\t\t\t\t<\/div>\n\t\t\t\t<\/div>\n\t\t\t\t<div class=\"elementor-element elementor-element-ae08427 elementor-widget elementor-widget-text-editor\" data-id=\"ae08427\" data-element_type=\"widget\" data-widget_type=\"text-editor.default\">\n\t\t\t\t<div class=\"elementor-widget-container\">\n\t\t\t\t\t\t\t<div>Vi\u0161e informacija na <a href=\"https:\/\/www.facebook.com\/events\/1966822747255350\" target=\"_blank\" rel=\"noopener\"><strong>Facebook linku<\/strong><\/a><\/div>\t\t\t\t\t\t<\/div>\n\t\t\t\t<\/div>\n\t\t\t\t\t<\/div>\n\t\t<\/div>\n\t\t\t\t\t\t\t<\/div>\n\t\t<\/section>\n\t\t\t\t\t<\/div>\n\t\t<\/div>\n\t\t\t\t\t\t\t<\/div>\n\t\t<\/section>\n\t\t\t\t<section class=\"elementor-section elementor-top-section elementor-element elementor-element-d03cd7f elementor-section-boxed elementor-section-height-default elementor-section-height-default\" data-id=\"d03cd7f\" data-element_type=\"section\" data-settings=\"{&quot;_ha_eqh_enable&quot;:false}\">\n\t\t\t\t\t\t<div class=\"elementor-container elementor-column-gap-default\">\n\t\t\t\t\t<div class=\"elementor-column elementor-col-100 elementor-top-column elementor-element elementor-element-b4bff13\" data-id=\"b4bff13\" data-element_type=\"column\">\n\t\t\t<div class=\"elementor-widget-wrap elementor-element-populated\">\n\t\t\t\t\t\t\t\t<div class=\"elementor-element elementor-element-3bb53d4 elementor-widget elementor-widget-spacer\" data-id=\"3bb53d4\" data-element_type=\"widget\" data-widget_type=\"spacer.default\">\n\t\t\t\t<div class=\"elementor-widget-container\">\n\t\t\t<style>\/*! elementor - v3.15.0 - 20-08-2023 *\/\n.elementor-column .elementor-spacer-inner{height:var(--spacer-size)}.e-con{--container-widget-width:100%}.e-con-inner>.elementor-widget-spacer,.e-con>.elementor-widget-spacer{width:var(--container-widget-width,var(--spacer-size));--align-self:var(--container-widget-align-self,initial);--flex-shrink:0}.e-con-inner>.elementor-widget-spacer>.elementor-widget-container,.e-con-inner>.elementor-widget-spacer>.elementor-widget-container>.elementor-spacer,.e-con>.elementor-widget-spacer>.elementor-widget-container,.e-con>.elementor-widget-spacer>.elementor-widget-container>.elementor-spacer{height:100%}.e-con-inner>.elementor-widget-spacer>.elementor-widget-container>.elementor-spacer>.elementor-spacer-inner,.e-con>.elementor-widget-spacer>.elementor-widget-container>.elementor-spacer>.elementor-spacer-inner{height:var(--container-widget-height,var(--spacer-size))}<\/style>\t\t<div class=\"elementor-spacer\">\n\t\t\t<div class=\"elementor-spacer-inner\"><\/div>\n\t\t<\/div>\n\t\t\t\t<\/div>\n\t\t\t\t<\/div>\n\t\t\t\t\t<\/div>\n\t\t<\/div>\n\t\t\t\t\t\t\t<\/div>\n\t\t<\/section>\n\t\t\t\t\t\t\t<\/div>","protected":false},"excerpt":{"rendered":"<p>Importanne baby day &#038; puzijada \u00a0PRIJAVE OTVORENE \u2013 IMPORTANNE BABY DAY &amp; PUZIJADANajmla\u0111i takmi\u010dari ponovo osvajaju pistu!U Importanne Centar Sarajevo uskoro vas o\u010dekuje jedan od najsla\u0111ih doga\u0111aja godine \u2013 Importanne Baby Day, dan posve\u0107en bebama, trudnicama i roditeljima. Posebnu pa\u017enju i ove godine privla\u010di velika PUZIJADA, zabavno takmi\u010denje za na\u0161e najmla\u0111e puzalice i male hodalice.Ko [&hellip;]<\/p>","protected":false},"author":1,"featured_media":0,"parent":0,"menu_order":0,"comment_status":"closed","ping_status":"closed","template":"elementor_header_footer","meta":{"footnotes":""},"class_list":["post-4203","page","type-page","status-publish","hentry"],"yoast_head":"<!-- This site is optimized with the Yoast SEO plugin v21.2 - https:\/\/yoast.com\/wordpress\/plugins\/seo\/ -->\n<title>Importanne baby day &amp; puzijada - Importanne Centar<\/title>\n<meta name=\"description\" content=\"Kontakt - Mo\u017eete nas kontaktirati na bilo koji na\u010din koji Vama odgovara. Dostupni smo 24\/7 putem e-mail po\u0161te. Tako\u0111er mo\u017eete koristiti...\" \/>\n<meta name=\"robots\" content=\"index, follow, max-snippet:-1, max-image-preview:large, max-video-preview:-1\" \/>\n<link rel=\"canonical\" href=\"https:\/\/importanne.ba\/en\/importanne-baby-day-puzijada\/\" \/>\n<meta property=\"og:locale\" content=\"en_GB\" \/>\n<meta property=\"og:type\" content=\"article\" \/>\n<meta property=\"og:title\" content=\"Importanne baby day &amp; puzijada - Importanne Centar\" \/>\n<meta property=\"og:description\" content=\"Kontakt - Mo\u017eete nas kontaktirati na bilo koji na\u010din koji Vama odgovara. Dostupni smo 24\/7 putem e-mail po\u0161te. Tako\u0111er mo\u017eete koristiti...\" \/>\n<meta property=\"og:url\" content=\"https:\/\/importanne.ba\/en\/importanne-baby-day-puzijada\/\" \/>\n<meta property=\"og:site_name\" content=\"Importanne Centar\" \/>\n<meta property=\"article:publisher\" content=\"https:\/\/www.facebook.com\/importannesarajevo\/\" \/>\n<meta property=\"article:modified_time\" content=\"2026-03-11T12:18:24+00:00\" \/>\n<meta property=\"og:image\" content=\"https:\/\/ci3.googleusercontent.com\/meips\/ADKq_NbfCaMAoUEY0lQVbcBNBuYkoCIZcEmxit6pL4_m_DZIKfs1IzBRpoAynqbBGGsTDzCrmt9E2vpLmBCW5fAydicU70dtelyGMTAVrvBHEovHgR1LrQp2N5I=s0-d-e1-ft#https:\/\/static.xx.fbcdn.net\/images\/emoji.php\/v9\/tab\/1\/16\/1f476.png\" \/>\n<meta name=\"twitter:card\" content=\"summary_large_image\" \/>\n<meta name=\"twitter:label1\" content=\"Estimated reading time\" \/>\n\t<meta name=\"twitter:data1\" content=\"3 minutes\" \/>\n<script type=\"application\/ld+json\" class=\"yoast-schema-graph\">{\"@context\":\"https:\/\/schema.org\",\"@graph\":[{\"@type\":\"WebPage\",\"@id\":\"https:\/\/importanne.ba\/importanne-baby-day-puzijada\/\",\"url\":\"https:\/\/importanne.ba\/importanne-baby-day-puzijada\/\",\"name\":\"Importanne baby day & puzijada - Importanne Centar\",\"isPartOf\":{\"@id\":\"https:\/\/importanne.ba\/#website\"},\"datePublished\":\"2026-03-11T12:11:00+00:00\",\"dateModified\":\"2026-03-11T12:18:24+00:00\",\"description\":\"Kontakt - Mo\u017eete nas kontaktirati na bilo koji na\u010din koji Vama odgovara. Dostupni smo 24\/7 putem e-mail po\u0161te. Tako\u0111er mo\u017eete koristiti...\",\"breadcrumb\":{\"@id\":\"https:\/\/importanne.ba\/importanne-baby-day-puzijada\/#breadcrumb\"},\"inLanguage\":\"en-GB\",\"potentialAction\":[{\"@type\":\"ReadAction\",\"target\":[\"https:\/\/importanne.ba\/importanne-baby-day-puzijada\/\"]}]},{\"@type\":\"BreadcrumbList\",\"@id\":\"https:\/\/importanne.ba\/importanne-baby-day-puzijada\/#breadcrumb\",\"itemListElement\":[{\"@type\":\"ListItem\",\"position\":1,\"name\":\"Home\",\"item\":\"https:\/\/importanne.ba\/\"},{\"@type\":\"ListItem\",\"position\":2,\"name\":\"Importanne baby day &#038; puzijada\"}]},{\"@type\":\"WebSite\",\"@id\":\"https:\/\/importanne.ba\/#website\",\"url\":\"https:\/\/importanne.ba\/\",\"name\":\"Importanne Centar\",\"description\":\"Centar modernog \u017eivljenja\",\"publisher\":{\"@id\":\"https:\/\/importanne.ba\/#organization\"},\"potentialAction\":[{\"@type\":\"SearchAction\",\"target\":{\"@type\":\"EntryPoint\",\"urlTemplate\":\"https:\/\/importanne.ba\/?s={search_term_string}\"},\"query-input\":\"required name=search_term_string\"}],\"inLanguage\":\"en-GB\"},{\"@type\":\"Organization\",\"@id\":\"https:\/\/importanne.ba\/#organization\",\"name\":\"Importanne Centar\",\"url\":\"https:\/\/importanne.ba\/\",\"logo\":{\"@type\":\"ImageObject\",\"inLanguage\":\"en-GB\",\"@id\":\"https:\/\/importanne.ba\/#\/schema\/logo\/image\/\",\"url\":\"https:\/\/importanne.ba\/wp-content\/uploads\/2023\/08\/logo_footer.png\",\"contentUrl\":\"https:\/\/importanne.ba\/wp-content\/uploads\/2023\/08\/logo_footer.png\",\"width\":573,\"height\":598,\"caption\":\"Importanne Centar\"},\"image\":{\"@id\":\"https:\/\/importanne.ba\/#\/schema\/logo\/image\/\"},\"sameAs\":[\"https:\/\/www.facebook.com\/importannesarajevo\/\",\"https:\/\/www.instagram.com\/importanne_centar\/\"]}]}<\/script>\n<!-- \/ Yoast SEO plugin. -->","yoast_head_json":{"title":"Importanne baby day & puzijada - Importanne Centar","description":"Kontakt - Mo\u017eete nas kontaktirati na bilo koji na\u010din koji Vama odgovara. Dostupni smo 24\/7 putem e-mail po\u0161te. Tako\u0111er mo\u017eete koristiti...","robots":{"index":"index","follow":"follow","max-snippet":"max-snippet:-1","max-image-preview":"max-image-preview:large","max-video-preview":"max-video-preview:-1"},"canonical":"https:\/\/importanne.ba\/en\/importanne-baby-day-puzijada\/","og_locale":"en_GB","og_type":"article","og_title":"Importanne baby day & puzijada - Importanne Centar","og_description":"Kontakt - Mo\u017eete nas kontaktirati na bilo koji na\u010din koji Vama odgovara. Dostupni smo 24\/7 putem e-mail po\u0161te. Tako\u0111er mo\u017eete koristiti...","og_url":"https:\/\/importanne.ba\/en\/importanne-baby-day-puzijada\/","og_site_name":"Importanne Centar","article_publisher":"https:\/\/www.facebook.com\/importannesarajevo\/","article_modified_time":"2026-03-11T12:18:24+00:00","og_image":[{"url":"https:\/\/ci3.googleusercontent.com\/meips\/ADKq_NbfCaMAoUEY0lQVbcBNBuYkoCIZcEmxit6pL4_m_DZIKfs1IzBRpoAynqbBGGsTDzCrmt9E2vpLmBCW5fAydicU70dtelyGMTAVrvBHEovHgR1LrQp2N5I=s0-d-e1-ft#https:\/\/static.xx.fbcdn.net\/images\/emoji.php\/v9\/tab\/1\/16\/1f476.png"}],"twitter_card":"summary_large_image","twitter_misc":{"Estimated reading time":"3 minutes"},"schema":{"@context":"https:\/\/schema.org","@graph":[{"@type":"WebPage","@id":"https:\/\/importanne.ba\/importanne-baby-day-puzijada\/","url":"https:\/\/importanne.ba\/importanne-baby-day-puzijada\/","name":"Importanne baby day & puzijada - Importanne Centar","isPartOf":{"@id":"https:\/\/importanne.ba\/#website"},"datePublished":"2026-03-11T12:11:00+00:00","dateModified":"2026-03-11T12:18:24+00:00","description":"Kontakt - Mo\u017eete nas kontaktirati na bilo koji na\u010din koji Vama odgovara. Dostupni smo 24\/7 putem e-mail po\u0161te. Tako\u0111er mo\u017eete koristiti...","breadcrumb":{"@id":"https:\/\/importanne.ba\/importanne-baby-day-puzijada\/#breadcrumb"},"inLanguage":"en-GB","potentialAction":[{"@type":"ReadAction","target":["https:\/\/importanne.ba\/importanne-baby-day-puzijada\/"]}]},{"@type":"BreadcrumbList","@id":"https:\/\/importanne.ba\/importanne-baby-day-puzijada\/#breadcrumb","itemListElement":[{"@type":"ListItem","position":1,"name":"Home","item":"https:\/\/importanne.ba\/"},{"@type":"ListItem","position":2,"name":"Importanne baby day &#038; puzijada"}]},{"@type":"WebSite","@id":"https:\/\/importanne.ba\/#website","url":"https:\/\/importanne.ba\/","name":"Importanne Centar","description":"Centar modernog \u017eivljenja","publisher":{"@id":"https:\/\/importanne.ba\/#organization"},"potentialAction":[{"@type":"SearchAction","target":{"@type":"EntryPoint","urlTemplate":"https:\/\/importanne.ba\/?s={search_term_string}"},"query-input":"required name=search_term_string"}],"inLanguage":"en-GB"},{"@type":"Organization","@id":"https:\/\/importanne.ba\/#organization","name":"Importanne Centar","url":"https:\/\/importanne.ba\/","logo":{"@type":"ImageObject","inLanguage":"en-GB","@id":"https:\/\/importanne.ba\/#\/schema\/logo\/image\/","url":"https:\/\/importanne.ba\/wp-content\/uploads\/2023\/08\/logo_footer.png","contentUrl":"https:\/\/importanne.ba\/wp-content\/uploads\/2023\/08\/logo_footer.png","width":573,"height":598,"caption":"Importanne Centar"},"image":{"@id":"https:\/\/importanne.ba\/#\/schema\/logo\/image\/"},"sameAs":["https:\/\/www.facebook.com\/importannesarajevo\/","https:\/\/www.instagram.com\/importanne_centar\/"]}]}},"_links":{"self":[{"href":"https:\/\/importanne.ba\/en\/wp-json\/wp\/v2\/pages\/4203","targetHints":{"allow":["GET"]}}],"collection":[{"href":"https:\/\/importanne.ba\/en\/wp-json\/wp\/v2\/pages"}],"about":[{"href":"https:\/\/importanne.ba\/en\/wp-json\/wp\/v2\/types\/page"}],"author":[{"embeddable":true,"href":"https:\/\/importanne.ba\/en\/wp-json\/wp\/v2\/users\/1"}],"replies":[{"embeddable":true,"href":"https:\/\/importanne.ba\/en\/wp-json\/wp\/v2\/comments?post=4203"}],"version-history":[{"count":10,"href":"https:\/\/importanne.ba\/en\/wp-json\/wp\/v2\/pages\/4203\/revisions"}],"predecessor-version":[{"id":4219,"href":"https:\/\/importanne.ba\/en\/wp-json\/wp\/v2\/pages\/4203\/revisions\/4219"}],"wp:attachment":[{"href":"https:\/\/importanne.ba\/en\/wp-json\/wp\/v2\/media?parent=4203"}],"curies":[{"name":"wp","href":"https:\/\/api.w.org\/{rel}","templated":true}]}}