{"id":557,"date":"2023-08-28T10:23:12","date_gmt":"2023-08-28T08:23:12","guid":{"rendered":"https:\/\/importanne.mondoit.de\/?page_id=557"},"modified":"2026-03-11T13:01:59","modified_gmt":"2026-03-11T12:01:59","slug":"parking","status":"publish","type":"page","link":"https:\/\/importanne.ba\/en\/parking\/","title":{"rendered":"Parking"},"content":{"rendered":"<div data-elementor-type=\"wp-page\" data-elementor-id=\"557\" class=\"elementor elementor-557\" data-elementor-post-type=\"page\">\n\t\t\t\t\t\t\t\t\t<section class=\"elementor-section elementor-top-section elementor-element elementor-element-20d5b75 elementor-section-boxed elementor-section-height-default elementor-section-height-default\" data-id=\"20d5b75\" data-element_type=\"section\" data-settings=\"{&quot;background_background&quot;:&quot;classic&quot;,&quot;_ha_eqh_enable&quot;:false}\">\n\t\t\t\t\t\t\t<div class=\"elementor-background-overlay\"><\/div>\n\t\t\t\t\t\t\t<div class=\"elementor-container elementor-column-gap-default\">\n\t\t\t\t\t<div class=\"elementor-column elementor-col-100 elementor-top-column elementor-element elementor-element-fa3d33e\" data-id=\"fa3d33e\" data-element_type=\"column\">\n\t\t\t<div class=\"elementor-widget-wrap elementor-element-populated\">\n\t\t\t\t\t\t\t\t<div class=\"elementor-element elementor-element-efaa3cf elementor-widget elementor-widget-spacer\" data-id=\"efaa3cf\" data-element_type=\"widget\" data-widget_type=\"spacer.default\">\n\t\t\t\t<div class=\"elementor-widget-container\">\n\t\t\t<style>\/*! elementor - v3.15.0 - 20-08-2023 *\/\n.elementor-column .elementor-spacer-inner{height:var(--spacer-size)}.e-con{--container-widget-width:100%}.e-con-inner>.elementor-widget-spacer,.e-con>.elementor-widget-spacer{width:var(--container-widget-width,var(--spacer-size));--align-self:var(--container-widget-align-self,initial);--flex-shrink:0}.e-con-inner>.elementor-widget-spacer>.elementor-widget-container,.e-con-inner>.elementor-widget-spacer>.elementor-widget-container>.elementor-spacer,.e-con>.elementor-widget-spacer>.elementor-widget-container,.e-con>.elementor-widget-spacer>.elementor-widget-container>.elementor-spacer{height:100%}.e-con-inner>.elementor-widget-spacer>.elementor-widget-container>.elementor-spacer>.elementor-spacer-inner,.e-con>.elementor-widget-spacer>.elementor-widget-container>.elementor-spacer>.elementor-spacer-inner{height:var(--container-widget-height,var(--spacer-size))}<\/style>\t\t<div class=\"elementor-spacer\">\n\t\t\t<div class=\"elementor-spacer-inner\"><\/div>\n\t\t<\/div>\n\t\t\t\t<\/div>\n\t\t\t\t<\/div>\n\t\t\t\t<div class=\"elementor-element elementor-element-ed9c51b elementor-widget elementor-widget-spacer\" data-id=\"ed9c51b\" data-element_type=\"widget\" data-widget_type=\"spacer.default\">\n\t\t\t\t<div class=\"elementor-widget-container\">\n\t\t\t\t\t<div class=\"elementor-spacer\">\n\t\t\t<div class=\"elementor-spacer-inner\"><\/div>\n\t\t<\/div>\n\t\t\t\t<\/div>\n\t\t\t\t<\/div>\n\t\t\t\t\t<\/div>\n\t\t<\/div>\n\t\t\t\t\t\t\t<\/div>\n\t\t<\/section>\n\t\t\t\t<section class=\"elementor-section elementor-top-section elementor-element elementor-element-2a4e04b elementor-section-boxed elementor-section-height-default elementor-section-height-default\" data-id=\"2a4e04b\" data-element_type=\"section\" data-settings=\"{&quot;_ha_eqh_enable&quot;:false}\">\n\t\t\t\t\t\t<div class=\"elementor-container elementor-column-gap-default\">\n\t\t\t\t\t<div class=\"elementor-column elementor-col-100 elementor-top-column elementor-element elementor-element-226b6ef\" data-id=\"226b6ef\" data-element_type=\"column\">\n\t\t\t<div class=\"elementor-widget-wrap elementor-element-populated\">\n\t\t\t\t\t\t\t\t<div class=\"elementor-element elementor-element-93ed853 pulse elementor-widget elementor-widget-image\" data-id=\"93ed853\" data-element_type=\"widget\" data-widget_type=\"image.default\">\n\t\t\t\t<div class=\"elementor-widget-container\">\n\t\t\t<style>\/*! elementor - v3.15.0 - 20-08-2023 *\/\n.elementor-widget-image{text-align:center}.elementor-widget-image a{display:inline-block}.elementor-widget-image a img[src$=\".svg\"]{width:48px}.elementor-widget-image img{vertical-align:middle;display:inline-block}<\/style>\t\t\t\t\t\t\t\t\t\t\t\t<img loading=\"lazy\" decoding=\"async\" width=\"499\" height=\"248\" src=\"https:\/\/importanne.ba\/wp-content\/uploads\/2023\/08\/importane.png\" class=\"attachment-full size-full wp-image-173\" alt=\"\" srcset=\"https:\/\/importanne.ba\/wp-content\/uploads\/2023\/08\/importane.png 499w, https:\/\/importanne.ba\/wp-content\/uploads\/2023\/08\/importane-300x149.png 300w, https:\/\/importanne.ba\/wp-content\/uploads\/2023\/08\/importane-18x9.png 18w\" sizes=\"auto, (max-width: 499px) 100vw, 499px\" \/>\t\t\t\t\t\t\t\t\t\t\t\t\t\t\t<\/div>\n\t\t\t\t<\/div>\n\t\t\t\t<div class=\"elementor-element elementor-element-4d3c79f elementor-widget elementor-widget-heading\" data-id=\"4d3c79f\" data-element_type=\"widget\" data-widget_type=\"heading.default\">\n\t\t\t\t<div class=\"elementor-widget-container\">\n\t\t\t<style>\/*! elementor - v3.15.0 - 20-08-2023 *\/\n.elementor-heading-title{padding:0;margin:0;line-height:1}.elementor-widget-heading .elementor-heading-title[class*=elementor-size-]>a{color:inherit;font-size:inherit;line-height:inherit}.elementor-widget-heading .elementor-heading-title.elementor-size-small{font-size:15px}.elementor-widget-heading .elementor-heading-title.elementor-size-medium{font-size:19px}.elementor-widget-heading .elementor-heading-title.elementor-size-large{font-size:29px}.elementor-widget-heading .elementor-heading-title.elementor-size-xl{font-size:39px}.elementor-widget-heading .elementor-heading-title.elementor-size-xxl{font-size:59px}<\/style><h2 class=\"elementor-heading-title elementor-size-default\">Modernized parking for all our visitors<\/h2>\t\t<\/div>\n\t\t\t\t<\/div>\n\t\t\t\t<div class=\"elementor-element elementor-element-eca3106 elementor-hidden-mobile elementor-widget elementor-widget-text-editor\" data-id=\"eca3106\" data-element_type=\"widget\" data-widget_type=\"text-editor.default\">\n\t\t\t\t<div class=\"elementor-widget-container\">\n\t\t\t<style>\/*! elementor - v3.15.0 - 20-08-2023 *\/\n.elementor-widget-text-editor.elementor-drop-cap-view-stacked .elementor-drop-cap{background-color:#69727d;color:#fff}.elementor-widget-text-editor.elementor-drop-cap-view-framed .elementor-drop-cap{color:#69727d;border:3px solid;background-color:transparent}.elementor-widget-text-editor:not(.elementor-drop-cap-view-default) .elementor-drop-cap{margin-top:8px}.elementor-widget-text-editor:not(.elementor-drop-cap-view-default) .elementor-drop-cap-letter{width:1em;height:1em}.elementor-widget-text-editor .elementor-drop-cap{float:left;text-align:center;line-height:1;font-size:50px}.elementor-widget-text-editor .elementor-drop-cap-letter{display:inline-block}<\/style>\t\t\t\t<p dir=\"auto\">Visitors can also use the Importanne parking lot on floors -2, -3 and -4.<\/p><p dir=\"auto\">In the first phase of construction, 425 parking spaces were built, which fully covers all the needs of future users.<\/p>\t\t\t\t\t\t<\/div>\n\t\t\t\t<\/div>\n\t\t\t\t<div class=\"elementor-element elementor-element-e2dc279 elementor-hidden-desktop elementor-hidden-tablet elementor-widget elementor-widget-text-editor\" data-id=\"e2dc279\" data-element_type=\"widget\" data-widget_type=\"text-editor.default\">\n\t\t\t\t<div class=\"elementor-widget-container\">\n\t\t\t\t\t\t\t<p dir=\"auto\">Visitors can also use the Importanne parking lot on floors -2, -3 and -4.<\/p><p dir=\"auto\">In the first phase of construction, 425 parking spaces were built, which fully covers all the needs of future users.<\/p>\t\t\t\t\t\t<\/div>\n\t\t\t\t<\/div>\n\t\t\t\t\t<\/div>\n\t\t<\/div>\n\t\t\t\t\t\t\t<\/div>\n\t\t<\/section>\n\t\t\t\t<section class=\"elementor-section elementor-top-section elementor-element elementor-element-367a718 elementor-section-boxed elementor-section-height-default elementor-section-height-default\" data-id=\"367a718\" data-element_type=\"section\" data-settings=\"{&quot;_ha_eqh_enable&quot;:false}\">\n\t\t\t\t\t\t<div class=\"elementor-container elementor-column-gap-default\">\n\t\t\t\t\t<div class=\"elementor-column elementor-col-100 elementor-top-column elementor-element elementor-element-5d180cf animated-slow elementor-invisible\" data-id=\"5d180cf\" data-element_type=\"column\" data-settings=\"{&quot;animation&quot;:&quot;zoomInLeft&quot;}\">\n\t\t\t<div class=\"elementor-widget-wrap elementor-element-populated\">\n\t\t\t\t\t\t\t\t<div class=\"elementor-element elementor-element-4cb7136 elementor-widget elementor-widget-image\" data-id=\"4cb7136\" data-element_type=\"widget\" data-widget_type=\"image.default\">\n\t\t\t\t<div class=\"elementor-widget-container\">\n\t\t\t\t\t\t\t\t\t\t\t\t\t\t\t<img loading=\"lazy\" decoding=\"async\" width=\"1210\" height=\"2560\" src=\"https:\/\/importanne.ba\/wp-content\/uploads\/2026\/03\/parkingcijene-scaled.webp\" class=\"attachment-full size-full wp-image-4191\" alt=\"\" srcset=\"https:\/\/importanne.ba\/wp-content\/uploads\/2026\/03\/parkingcijene-scaled.webp 1210w, https:\/\/importanne.ba\/wp-content\/uploads\/2026\/03\/parkingcijene-142x300.webp 142w, https:\/\/importanne.ba\/wp-content\/uploads\/2026\/03\/parkingcijene-484x1024.webp 484w, https:\/\/importanne.ba\/wp-content\/uploads\/2026\/03\/parkingcijene-768x1625.webp 768w, https:\/\/importanne.ba\/wp-content\/uploads\/2026\/03\/parkingcijene-726x1536.webp 726w, https:\/\/importanne.ba\/wp-content\/uploads\/2026\/03\/parkingcijene-968x2048.webp 968w, https:\/\/importanne.ba\/wp-content\/uploads\/2026\/03\/parkingcijene-6x12.webp 6w\" sizes=\"auto, (max-width: 1210px) 100vw, 1210px\" \/>\t\t\t\t\t\t\t\t\t\t\t\t\t\t\t<\/div>\n\t\t\t\t<\/div>\n\t\t\t\t\t<\/div>\n\t\t<\/div>\n\t\t\t\t\t\t\t<\/div>\n\t\t<\/section>\n\t\t\t\t<section class=\"elementor-section elementor-top-section elementor-element elementor-element-b094882 elementor-section-boxed elementor-section-height-default elementor-section-height-default\" data-id=\"b094882\" data-element_type=\"section\" data-settings=\"{&quot;_ha_eqh_enable&quot;:false}\">\n\t\t\t\t\t\t<div class=\"elementor-container elementor-column-gap-default\">\n\t\t\t\t\t<div class=\"elementor-column elementor-col-50 elementor-top-column elementor-element elementor-element-8a4509a\" data-id=\"8a4509a\" data-element_type=\"column\">\n\t\t\t<div class=\"elementor-widget-wrap elementor-element-populated\">\n\t\t\t\t\t\t\t\t<div class=\"elementor-element elementor-element-d56b4b6 elementor-widget elementor-widget-heading\" data-id=\"d56b4b6\" data-element_type=\"widget\" data-widget_type=\"heading.default\">\n\t\t\t\t<div class=\"elementor-widget-container\">\n\t\t\t<h2 class=\"elementor-heading-title elementor-size-default\">Note<\/h2>\t\t<\/div>\n\t\t\t\t<\/div>\n\t\t\t\t<div class=\"elementor-element elementor-element-0285d5e elementor-widget elementor-widget-text-editor\" data-id=\"0285d5e\" data-element_type=\"widget\" data-widget_type=\"text-editor.default\">\n\t\t\t\t<div class=\"elementor-widget-container\">\n\t\t\t\t\t\t\t<p dir=\"auto\">Monthly or daily rental of garage space must be agreed in advance.<\/p>\t\t\t\t\t\t<\/div>\n\t\t\t\t<\/div>\n\t\t\t\t\t<\/div>\n\t\t<\/div>\n\t\t\t\t<div class=\"elementor-column elementor-col-50 elementor-top-column elementor-element elementor-element-671129a\" data-id=\"671129a\" data-element_type=\"column\">\n\t\t\t<div class=\"elementor-widget-wrap elementor-element-populated\">\n\t\t\t\t\t\t\t\t<div class=\"elementor-element elementor-element-2b55f60 elementor-widget elementor-widget-heading\" data-id=\"2b55f60\" data-element_type=\"widget\" data-widget_type=\"heading.default\">\n\t\t\t\t<div class=\"elementor-widget-container\">\n\t\t\t<h2 class=\"elementor-heading-title elementor-size-default\">Contact<\/h2>\t\t<\/div>\n\t\t\t\t<\/div>\n\t\t\t\t<section class=\"elementor-section elementor-inner-section elementor-element elementor-element-40a4e0c elementor-section-boxed elementor-section-height-default elementor-section-height-default\" data-id=\"40a4e0c\" data-element_type=\"section\" data-settings=\"{&quot;_ha_eqh_enable&quot;:false}\">\n\t\t\t\t\t\t<div class=\"elementor-container elementor-column-gap-default\">\n\t\t\t\t\t<div class=\"elementor-column elementor-col-50 elementor-inner-column elementor-element elementor-element-6520635\" data-id=\"6520635\" data-element_type=\"column\">\n\t\t\t<div class=\"elementor-widget-wrap elementor-element-populated\">\n\t\t\t\t\t\t\t\t<div class=\"elementor-element elementor-element-00f8732 elementor-widget elementor-widget-text-editor\" data-id=\"00f8732\" data-element_type=\"widget\" data-widget_type=\"text-editor.default\">\n\t\t\t\t<div class=\"elementor-widget-container\">\n\t\t\t\t\t\t\t<p dir=\"auto\">If you have special requests or questions, you can also contact us via our contact form on the contact page.<\/p>\t\t\t\t\t\t<\/div>\n\t\t\t\t<\/div>\n\t\t\t\t\t<\/div>\n\t\t<\/div>\n\t\t\t\t<div class=\"elementor-column elementor-col-50 elementor-inner-column elementor-element elementor-element-5292e53\" data-id=\"5292e53\" data-element_type=\"column\">\n\t\t\t<div class=\"elementor-widget-wrap elementor-element-populated\">\n\t\t\t\t\t\t\t\t<div class=\"elementor-element elementor-element-59d271f elementor-widget elementor-widget-button\" data-id=\"59d271f\" data-element_type=\"widget\" data-widget_type=\"button.default\">\n\t\t\t\t<div class=\"elementor-widget-container\">\n\t\t\t\t\t<div class=\"elementor-button-wrapper\">\n\t\t\t<a class=\"elementor-button elementor-button-link elementor-size-sm\" href=\"https:\/\/importanne.ba\/en\/kontakt\/\">\n\t\t\t\t\t\t<span class=\"elementor-button-content-wrapper\">\n\t\t\t\t\t\t<span class=\"elementor-button-icon elementor-align-icon-left\">\n\t\t\t\t<i aria-hidden=\"true\" class=\"fas fa-arrow-right\"><\/i>\t\t\t<\/span>\n\t\t\t\t\t\t<span class=\"elementor-button-text\">Contact<\/span>\n\t\t<\/span>\n\t\t\t\t\t<\/a>\n\t\t<\/div>\n\t\t\t\t<\/div>\n\t\t\t\t<\/div>\n\t\t\t\t\t<\/div>\n\t\t<\/div>\n\t\t\t\t\t\t\t<\/div>\n\t\t<\/section>\n\t\t\t\t\t<\/div>\n\t\t<\/div>\n\t\t\t\t\t\t\t<\/div>\n\t\t<\/section>\n\t\t\t\t<section class=\"elementor-section elementor-top-section elementor-element elementor-element-d03cd7f elementor-section-boxed elementor-section-height-default elementor-section-height-default\" data-id=\"d03cd7f\" data-element_type=\"section\" data-settings=\"{&quot;_ha_eqh_enable&quot;:false}\">\n\t\t\t\t\t\t<div class=\"elementor-container elementor-column-gap-default\">\n\t\t\t\t\t<div class=\"elementor-column elementor-col-100 elementor-top-column elementor-element elementor-element-b4bff13\" data-id=\"b4bff13\" data-element_type=\"column\">\n\t\t\t<div class=\"elementor-widget-wrap elementor-element-populated\">\n\t\t\t\t\t\t\t\t<div class=\"elementor-element elementor-element-3bb53d4 elementor-widget elementor-widget-spacer\" data-id=\"3bb53d4\" data-element_type=\"widget\" data-widget_type=\"spacer.default\">\n\t\t\t\t<div class=\"elementor-widget-container\">\n\t\t\t\t\t<div class=\"elementor-spacer\">\n\t\t\t<div class=\"elementor-spacer-inner\"><\/div>\n\t\t<\/div>\n\t\t\t\t<\/div>\n\t\t\t\t<\/div>\n\t\t\t\t\t<\/div>\n\t\t<\/div>\n\t\t\t\t\t\t\t<\/div>\n\t\t<\/section>\n\t\t\t\t\t\t\t<\/div>","protected":false},"excerpt":{"rendered":"<p>Modernizovani parking za sve na\u0161e posjetitelje Posjetiteljima je na raspolaganju i Importanne parking na eta\u017eama -2, -3 i -4. U prvoj fazi izgradnje izgra\u0111eno je 425 parking mjesta, \u0161to u potpunosti pokriva sve potrebe budu\u0107ih korisnika. Posjetiteljima je na raspolaganju i Importanne parking na eta\u017eama -2, -3 i -4. U prvoj fazi izgradnje izgra\u0111eno je [&hellip;]<\/p>","protected":false},"author":1,"featured_media":0,"parent":0,"menu_order":0,"comment_status":"closed","ping_status":"closed","template":"elementor_header_footer","meta":{"footnotes":""},"class_list":["post-557","page","type-page","status-publish","hentry"],"yoast_head":"<!-- This site is optimized with the Yoast SEO plugin v21.2 - https:\/\/yoast.com\/wordpress\/plugins\/seo\/ -->\n<title>Parking - Importanne Centar<\/title>\n<meta name=\"description\" content=\"Importanne parking - Modernizovani parking za sve na\u0161e posjetitelje i na raspolaganju je Importanne parking na eta\u017eama -2, -3 i -4...\" \/>\n<meta name=\"robots\" content=\"index, follow, max-snippet:-1, max-image-preview:large, max-video-preview:-1\" \/>\n<link rel=\"canonical\" href=\"https:\/\/importanne.ba\/en\/parking\/\" \/>\n<meta property=\"og:locale\" content=\"en_GB\" \/>\n<meta property=\"og:type\" content=\"article\" \/>\n<meta property=\"og:title\" content=\"Parking - Importanne Centar\" \/>\n<meta property=\"og:description\" content=\"Importanne parking - Modernizovani parking za sve na\u0161e posjetitelje i na raspolaganju je Importanne parking na eta\u017eama -2, -3 i -4...\" \/>\n<meta property=\"og:url\" content=\"https:\/\/importanne.ba\/en\/parking\/\" \/>\n<meta property=\"og:site_name\" content=\"Importanne Centar\" \/>\n<meta property=\"article:publisher\" content=\"https:\/\/www.facebook.com\/importannesarajevo\/\" \/>\n<meta property=\"article:modified_time\" content=\"2026-03-11T12:01:59+00:00\" \/>\n<meta property=\"og:image\" content=\"https:\/\/importanne.ba\/wp-content\/uploads\/2023\/08\/importane.png\" \/>\n<meta name=\"twitter:card\" content=\"summary_large_image\" \/>\n<meta name=\"twitter:label1\" content=\"Estimated reading time\" \/>\n\t<meta name=\"twitter:data1\" content=\"1 minute\" \/>\n<script type=\"application\/ld+json\" class=\"yoast-schema-graph\">{\"@context\":\"https:\/\/schema.org\",\"@graph\":[{\"@type\":\"WebPage\",\"@id\":\"https:\/\/importanne.ba\/parking\/\",\"url\":\"https:\/\/importanne.ba\/parking\/\",\"name\":\"Parking - Importanne Centar\",\"isPartOf\":{\"@id\":\"https:\/\/importanne.ba\/#website\"},\"datePublished\":\"2023-08-28T08:23:12+00:00\",\"dateModified\":\"2026-03-11T12:01:59+00:00\",\"description\":\"Importanne parking - Modernizovani parking za sve na\u0161e posjetitelje i na raspolaganju je Importanne parking na eta\u017eama -2, -3 i -4...\",\"breadcrumb\":{\"@id\":\"https:\/\/importanne.ba\/parking\/#breadcrumb\"},\"inLanguage\":\"en-GB\",\"potentialAction\":[{\"@type\":\"ReadAction\",\"target\":[\"https:\/\/importanne.ba\/parking\/\"]}]},{\"@type\":\"BreadcrumbList\",\"@id\":\"https:\/\/importanne.ba\/parking\/#breadcrumb\",\"itemListElement\":[{\"@type\":\"ListItem\",\"position\":1,\"name\":\"Home\",\"item\":\"https:\/\/importanne.ba\/\"},{\"@type\":\"ListItem\",\"position\":2,\"name\":\"Parking\"}]},{\"@type\":\"WebSite\",\"@id\":\"https:\/\/importanne.ba\/#website\",\"url\":\"https:\/\/importanne.ba\/\",\"name\":\"Importanne Centar\",\"description\":\"Centar modernog \u017eivljenja\",\"publisher\":{\"@id\":\"https:\/\/importanne.ba\/#organization\"},\"potentialAction\":[{\"@type\":\"SearchAction\",\"target\":{\"@type\":\"EntryPoint\",\"urlTemplate\":\"https:\/\/importanne.ba\/?s={search_term_string}\"},\"query-input\":\"required name=search_term_string\"}],\"inLanguage\":\"en-GB\"},{\"@type\":\"Organization\",\"@id\":\"https:\/\/importanne.ba\/#organization\",\"name\":\"Importanne Centar\",\"url\":\"https:\/\/importanne.ba\/\",\"logo\":{\"@type\":\"ImageObject\",\"inLanguage\":\"en-GB\",\"@id\":\"https:\/\/importanne.ba\/#\/schema\/logo\/image\/\",\"url\":\"https:\/\/importanne.ba\/wp-content\/uploads\/2023\/08\/logo_footer.png\",\"contentUrl\":\"https:\/\/importanne.ba\/wp-content\/uploads\/2023\/08\/logo_footer.png\",\"width\":573,\"height\":598,\"caption\":\"Importanne Centar\"},\"image\":{\"@id\":\"https:\/\/importanne.ba\/#\/schema\/logo\/image\/\"},\"sameAs\":[\"https:\/\/www.facebook.com\/importannesarajevo\/\",\"https:\/\/www.instagram.com\/importanne_centar\/\"]}]}<\/script>\n<!-- \/ Yoast SEO plugin. -->","yoast_head_json":{"title":"Parking - Importanne Centar","description":"Importanne parking - Modernizovani parking za sve na\u0161e posjetitelje i na raspolaganju je Importanne parking na eta\u017eama -2, -3 i -4...","robots":{"index":"index","follow":"follow","max-snippet":"max-snippet:-1","max-image-preview":"max-image-preview:large","max-video-preview":"max-video-preview:-1"},"canonical":"https:\/\/importanne.ba\/en\/parking\/","og_locale":"en_GB","og_type":"article","og_title":"Parking - Importanne Centar","og_description":"Importanne parking - Modernizovani parking za sve na\u0161e posjetitelje i na raspolaganju je Importanne parking na eta\u017eama -2, -3 i -4...","og_url":"https:\/\/importanne.ba\/en\/parking\/","og_site_name":"Importanne Centar","article_publisher":"https:\/\/www.facebook.com\/importannesarajevo\/","article_modified_time":"2026-03-11T12:01:59+00:00","og_image":[{"url":"https:\/\/importanne.ba\/wp-content\/uploads\/2023\/08\/importane.png"}],"twitter_card":"summary_large_image","twitter_misc":{"Estimated reading time":"1 minute"},"schema":{"@context":"https:\/\/schema.org","@graph":[{"@type":"WebPage","@id":"https:\/\/importanne.ba\/parking\/","url":"https:\/\/importanne.ba\/parking\/","name":"Parking - Importanne Centar","isPartOf":{"@id":"https:\/\/importanne.ba\/#website"},"datePublished":"2023-08-28T08:23:12+00:00","dateModified":"2026-03-11T12:01:59+00:00","description":"Importanne parking - Modernizovani parking za sve na\u0161e posjetitelje i na raspolaganju je Importanne parking na eta\u017eama -2, -3 i -4...","breadcrumb":{"@id":"https:\/\/importanne.ba\/parking\/#breadcrumb"},"inLanguage":"en-GB","potentialAction":[{"@type":"ReadAction","target":["https:\/\/importanne.ba\/parking\/"]}]},{"@type":"BreadcrumbList","@id":"https:\/\/importanne.ba\/parking\/#breadcrumb","itemListElement":[{"@type":"ListItem","position":1,"name":"Home","item":"https:\/\/importanne.ba\/"},{"@type":"ListItem","position":2,"name":"Parking"}]},{"@type":"WebSite","@id":"https:\/\/importanne.ba\/#website","url":"https:\/\/importanne.ba\/","name":"Importanne Centar","description":"Centar modernog \u017eivljenja","publisher":{"@id":"https:\/\/importanne.ba\/#organization"},"potentialAction":[{"@type":"SearchAction","target":{"@type":"EntryPoint","urlTemplate":"https:\/\/importanne.ba\/?s={search_term_string}"},"query-input":"required name=search_term_string"}],"inLanguage":"en-GB"},{"@type":"Organization","@id":"https:\/\/importanne.ba\/#organization","name":"Importanne Centar","url":"https:\/\/importanne.ba\/","logo":{"@type":"ImageObject","inLanguage":"en-GB","@id":"https:\/\/importanne.ba\/#\/schema\/logo\/image\/","url":"https:\/\/importanne.ba\/wp-content\/uploads\/2023\/08\/logo_footer.png","contentUrl":"https:\/\/importanne.ba\/wp-content\/uploads\/2023\/08\/logo_footer.png","width":573,"height":598,"caption":"Importanne Centar"},"image":{"@id":"https:\/\/importanne.ba\/#\/schema\/logo\/image\/"},"sameAs":["https:\/\/www.facebook.com\/importannesarajevo\/","https:\/\/www.instagram.com\/importanne_centar\/"]}]}},"_links":{"self":[{"href":"https:\/\/importanne.ba\/en\/wp-json\/wp\/v2\/pages\/557","targetHints":{"allow":["GET"]}}],"collection":[{"href":"https:\/\/importanne.ba\/en\/wp-json\/wp\/v2\/pages"}],"about":[{"href":"https:\/\/importanne.ba\/en\/wp-json\/wp\/v2\/types\/page"}],"author":[{"embeddable":true,"href":"https:\/\/importanne.ba\/en\/wp-json\/wp\/v2\/users\/1"}],"replies":[{"embeddable":true,"href":"https:\/\/importanne.ba\/en\/wp-json\/wp\/v2\/comments?post=557"}],"version-history":[{"count":89,"href":"https:\/\/importanne.ba\/en\/wp-json\/wp\/v2\/pages\/557\/revisions"}],"predecessor-version":[{"id":4194,"href":"https:\/\/importanne.ba\/en\/wp-json\/wp\/v2\/pages\/557\/revisions\/4194"}],"wp:attachment":[{"href":"https:\/\/importanne.ba\/en\/wp-json\/wp\/v2\/media?parent=557"}],"curies":[{"name":"wp","href":"https:\/\/api.w.org\/{rel}","templated":true}]}}