{"id":639,"date":"2023-08-28T10:43:46","date_gmt":"2023-08-28T08:43:46","guid":{"rendered":"https:\/\/importanne.mondoit.de\/?page_id=639"},"modified":"2023-10-02T09:57:40","modified_gmt":"2023-10-02T07:57:40","slug":"dogadjaji","status":"publish","type":"page","link":"https:\/\/importanne.ba\/en\/dogadjaji\/","title":{"rendered":"Events"},"content":{"rendered":"<div data-elementor-type=\"wp-page\" data-elementor-id=\"639\" class=\"elementor elementor-639\" data-elementor-post-type=\"page\">\n\t\t\t\t\t\t\t\t\t<section class=\"elementor-section elementor-top-section elementor-element elementor-element-20d5b75 elementor-section-boxed elementor-section-height-default elementor-section-height-default\" data-id=\"20d5b75\" data-element_type=\"section\" data-settings=\"{&quot;background_background&quot;:&quot;classic&quot;,&quot;_ha_eqh_enable&quot;:false}\">\n\t\t\t\t\t\t\t<div class=\"elementor-background-overlay\"><\/div>\n\t\t\t\t\t\t\t<div class=\"elementor-container elementor-column-gap-default\">\n\t\t\t\t\t<div class=\"elementor-column elementor-col-100 elementor-top-column elementor-element elementor-element-fa3d33e\" data-id=\"fa3d33e\" data-element_type=\"column\">\n\t\t\t<div class=\"elementor-widget-wrap elementor-element-populated\">\n\t\t\t\t\t\t\t\t<div class=\"elementor-element elementor-element-efaa3cf elementor-widget elementor-widget-spacer\" data-id=\"efaa3cf\" data-element_type=\"widget\" data-widget_type=\"spacer.default\">\n\t\t\t\t<div class=\"elementor-widget-container\">\n\t\t\t<style>\/*! elementor - v3.15.0 - 20-08-2023 *\/\n.elementor-column .elementor-spacer-inner{height:var(--spacer-size)}.e-con{--container-widget-width:100%}.e-con-inner>.elementor-widget-spacer,.e-con>.elementor-widget-spacer{width:var(--container-widget-width,var(--spacer-size));--align-self:var(--container-widget-align-self,initial);--flex-shrink:0}.e-con-inner>.elementor-widget-spacer>.elementor-widget-container,.e-con-inner>.elementor-widget-spacer>.elementor-widget-container>.elementor-spacer,.e-con>.elementor-widget-spacer>.elementor-widget-container,.e-con>.elementor-widget-spacer>.elementor-widget-container>.elementor-spacer{height:100%}.e-con-inner>.elementor-widget-spacer>.elementor-widget-container>.elementor-spacer>.elementor-spacer-inner,.e-con>.elementor-widget-spacer>.elementor-widget-container>.elementor-spacer>.elementor-spacer-inner{height:var(--container-widget-height,var(--spacer-size))}<\/style>\t\t<div class=\"elementor-spacer\">\n\t\t\t<div class=\"elementor-spacer-inner\"><\/div>\n\t\t<\/div>\n\t\t\t\t<\/div>\n\t\t\t\t<\/div>\n\t\t\t\t<div class=\"elementor-element elementor-element-ed9c51b elementor-widget elementor-widget-spacer\" data-id=\"ed9c51b\" data-element_type=\"widget\" data-widget_type=\"spacer.default\">\n\t\t\t\t<div class=\"elementor-widget-container\">\n\t\t\t\t\t<div class=\"elementor-spacer\">\n\t\t\t<div class=\"elementor-spacer-inner\"><\/div>\n\t\t<\/div>\n\t\t\t\t<\/div>\n\t\t\t\t<\/div>\n\t\t\t\t\t<\/div>\n\t\t<\/div>\n\t\t\t\t\t\t\t<\/div>\n\t\t<\/section>\n\t\t\t\t<section class=\"elementor-section elementor-top-section elementor-element elementor-element-2a4e04b elementor-section-boxed elementor-section-height-default elementor-section-height-default\" data-id=\"2a4e04b\" data-element_type=\"section\" data-settings=\"{&quot;_ha_eqh_enable&quot;:false}\">\n\t\t\t\t\t\t<div class=\"elementor-container elementor-column-gap-default\">\n\t\t\t\t\t<div class=\"elementor-column elementor-col-100 elementor-top-column elementor-element elementor-element-226b6ef\" data-id=\"226b6ef\" data-element_type=\"column\">\n\t\t\t<div class=\"elementor-widget-wrap elementor-element-populated\">\n\t\t\t\t\t\t\t\t<div class=\"elementor-element elementor-element-66729ec elementor-hidden-tablet elementor-hidden-mobile elementor-widget elementor-widget-MEC\" data-id=\"66729ec\" data-element_type=\"widget\" data-widget_type=\"MEC.default\">\n\t\t\t\t<div class=\"elementor-widget-container\">\n\t\t\t<div class=\"mec-wrap mec-skin-grid-container\" id=\"mec_skin_234\">\n\n    \n        <div class=\"mec-skin-grid-events-container\" id=\"mec_skin_events_234\">\n        No event found!    <\/div>\n    \n    \n<\/div>\n\t\t<\/div>\n\t\t\t\t<\/div>\n\t\t\t\t<div class=\"elementor-element elementor-element-fc603fa elementor-hidden-desktop elementor-widget elementor-widget-MEC\" data-id=\"fc603fa\" data-element_type=\"widget\" data-widget_type=\"MEC.default\">\n\t\t\t\t<div class=\"elementor-widget-container\">\n\t\t\t<div class=\"mec-wrap mec-skin-grid-container\" id=\"mec_skin_2543\">\n\n    \n        <div class=\"mec-skin-grid-events-container\" id=\"mec_skin_events_2543\">\n        No event found!    <\/div>\n    \n    \n<\/div>\n\t\t<\/div>\n\t\t\t\t<\/div>\n\t\t\t\t\t<\/div>\n\t\t<\/div>\n\t\t\t\t\t\t\t<\/div>\n\t\t<\/section>\n\t\t\t\t<section class=\"elementor-section elementor-top-section elementor-element elementor-element-d03cd7f elementor-section-boxed elementor-section-height-default elementor-section-height-default\" data-id=\"d03cd7f\" data-element_type=\"section\" data-settings=\"{&quot;_ha_eqh_enable&quot;:false}\">\n\t\t\t\t\t\t<div class=\"elementor-container elementor-column-gap-default\">\n\t\t\t\t\t<div class=\"elementor-column elementor-col-100 elementor-top-column elementor-element elementor-element-b4bff13\" data-id=\"b4bff13\" data-element_type=\"column\">\n\t\t\t<div class=\"elementor-widget-wrap elementor-element-populated\">\n\t\t\t\t\t\t\t\t<div class=\"elementor-element elementor-element-3bb53d4 elementor-widget elementor-widget-spacer\" data-id=\"3bb53d4\" data-element_type=\"widget\" data-widget_type=\"spacer.default\">\n\t\t\t\t<div class=\"elementor-widget-container\">\n\t\t\t\t\t<div class=\"elementor-spacer\">\n\t\t\t<div class=\"elementor-spacer-inner\"><\/div>\n\t\t<\/div>\n\t\t\t\t<\/div>\n\t\t\t\t<\/div>\n\t\t\t\t\t<\/div>\n\t\t<\/div>\n\t\t\t\t\t\t\t<\/div>\n\t\t<\/section>\n\t\t\t\t\t\t\t<\/div>","protected":false},"excerpt":{"rendered":"<p>No event found! No event found!<\/p>","protected":false},"author":1,"featured_media":0,"parent":0,"menu_order":0,"comment_status":"closed","ping_status":"closed","template":"elementor_header_footer","meta":{"footnotes":""},"class_list":["post-639","page","type-page","status-publish","hentry"],"yoast_head":"<!-- This site is optimized with the Yoast SEO plugin v21.2 - https:\/\/yoast.com\/wordpress\/plugins\/seo\/ -->\n<title>Doga\u0111aji - Importanne Centar<\/title>\n<meta name=\"description\" content=\"Doga\u0111aji - Svojom arhitekturom i sadr\u017eajima, Importanne Centar komunicira pozitivnu energiju i nudi urbani ambijent u skladu sa...\" \/>\n<meta name=\"robots\" content=\"index, follow, max-snippet:-1, max-image-preview:large, max-video-preview:-1\" \/>\n<link rel=\"canonical\" href=\"https:\/\/importanne.ba\/en\/dogadjaji\/\" \/>\n<meta property=\"og:locale\" content=\"en_GB\" \/>\n<meta property=\"og:type\" content=\"article\" \/>\n<meta property=\"og:title\" content=\"Doga\u0111aji - Importanne Centar\" \/>\n<meta property=\"og:description\" content=\"Doga\u0111aji - Svojom arhitekturom i sadr\u017eajima, Importanne Centar komunicira pozitivnu energiju i nudi urbani ambijent u skladu sa...\" \/>\n<meta property=\"og:url\" content=\"https:\/\/importanne.ba\/en\/dogadjaji\/\" \/>\n<meta property=\"og:site_name\" content=\"Importanne Centar\" \/>\n<meta property=\"article:publisher\" content=\"https:\/\/www.facebook.com\/importannesarajevo\/\" \/>\n<meta property=\"article:modified_time\" content=\"2023-10-02T07:57:40+00:00\" \/>\n<meta property=\"og:image\" content=\"https:\/\/importanne.ba\/wp-content\/uploads\/2023\/08\/importane_logo_zadnji.png\" \/>\n\t<meta property=\"og:image:width\" content=\"1080\" \/>\n\t<meta property=\"og:image:height\" content=\"743\" \/>\n\t<meta property=\"og:image:type\" content=\"image\/png\" \/>\n<meta name=\"twitter:card\" content=\"summary_large_image\" \/>\n<meta name=\"twitter:label1\" content=\"Estimated reading time\" \/>\n\t<meta name=\"twitter:data1\" content=\"1 minute\" \/>\n<script type=\"application\/ld+json\" class=\"yoast-schema-graph\">{\"@context\":\"https:\/\/schema.org\",\"@graph\":[{\"@type\":\"WebPage\",\"@id\":\"https:\/\/importanne.ba\/dogadjaji\/\",\"url\":\"https:\/\/importanne.ba\/dogadjaji\/\",\"name\":\"Doga\u0111aji - Importanne Centar\",\"isPartOf\":{\"@id\":\"https:\/\/importanne.ba\/#website\"},\"datePublished\":\"2023-08-28T08:43:46+00:00\",\"dateModified\":\"2023-10-02T07:57:40+00:00\",\"description\":\"Doga\u0111aji - Svojom arhitekturom i sadr\u017eajima, Importanne Centar komunicira pozitivnu energiju i nudi urbani ambijent u skladu sa...\",\"breadcrumb\":{\"@id\":\"https:\/\/importanne.ba\/dogadjaji\/#breadcrumb\"},\"inLanguage\":\"en-GB\",\"potentialAction\":[{\"@type\":\"ReadAction\",\"target\":[\"https:\/\/importanne.ba\/dogadjaji\/\"]}]},{\"@type\":\"BreadcrumbList\",\"@id\":\"https:\/\/importanne.ba\/dogadjaji\/#breadcrumb\",\"itemListElement\":[{\"@type\":\"ListItem\",\"position\":1,\"name\":\"Home\",\"item\":\"https:\/\/importanne.ba\/\"},{\"@type\":\"ListItem\",\"position\":2,\"name\":\"Doga\u0111aji\"}]},{\"@type\":\"WebSite\",\"@id\":\"https:\/\/importanne.ba\/#website\",\"url\":\"https:\/\/importanne.ba\/\",\"name\":\"Importanne Centar\",\"description\":\"Centar modernog \u017eivljenja\",\"publisher\":{\"@id\":\"https:\/\/importanne.ba\/#organization\"},\"potentialAction\":[{\"@type\":\"SearchAction\",\"target\":{\"@type\":\"EntryPoint\",\"urlTemplate\":\"https:\/\/importanne.ba\/?s={search_term_string}\"},\"query-input\":\"required name=search_term_string\"}],\"inLanguage\":\"en-GB\"},{\"@type\":\"Organization\",\"@id\":\"https:\/\/importanne.ba\/#organization\",\"name\":\"Importanne Centar\",\"url\":\"https:\/\/importanne.ba\/\",\"logo\":{\"@type\":\"ImageObject\",\"inLanguage\":\"en-GB\",\"@id\":\"https:\/\/importanne.ba\/#\/schema\/logo\/image\/\",\"url\":\"https:\/\/importanne.ba\/wp-content\/uploads\/2023\/08\/logo_footer.png\",\"contentUrl\":\"https:\/\/importanne.ba\/wp-content\/uploads\/2023\/08\/logo_footer.png\",\"width\":573,\"height\":598,\"caption\":\"Importanne Centar\"},\"image\":{\"@id\":\"https:\/\/importanne.ba\/#\/schema\/logo\/image\/\"},\"sameAs\":[\"https:\/\/www.facebook.com\/importannesarajevo\/\",\"https:\/\/www.instagram.com\/importanne_centar\/\"]}]}<\/script>\n<!-- \/ Yoast SEO plugin. -->","yoast_head_json":{"title":"Doga\u0111aji - Importanne Centar","description":"Doga\u0111aji - Svojom arhitekturom i sadr\u017eajima, Importanne Centar komunicira pozitivnu energiju i nudi urbani ambijent u skladu sa...","robots":{"index":"index","follow":"follow","max-snippet":"max-snippet:-1","max-image-preview":"max-image-preview:large","max-video-preview":"max-video-preview:-1"},"canonical":"https:\/\/importanne.ba\/en\/dogadjaji\/","og_locale":"en_GB","og_type":"article","og_title":"Doga\u0111aji - Importanne Centar","og_description":"Doga\u0111aji - Svojom arhitekturom i sadr\u017eajima, Importanne Centar komunicira pozitivnu energiju i nudi urbani ambijent u skladu sa...","og_url":"https:\/\/importanne.ba\/en\/dogadjaji\/","og_site_name":"Importanne Centar","article_publisher":"https:\/\/www.facebook.com\/importannesarajevo\/","article_modified_time":"2023-10-02T07:57:40+00:00","og_image":[{"width":1080,"height":743,"url":"https:\/\/importanne.ba\/wp-content\/uploads\/2023\/08\/importane_logo_zadnji.png","type":"image\/png"}],"twitter_card":"summary_large_image","twitter_misc":{"Estimated reading time":"1 minute"},"schema":{"@context":"https:\/\/schema.org","@graph":[{"@type":"WebPage","@id":"https:\/\/importanne.ba\/dogadjaji\/","url":"https:\/\/importanne.ba\/dogadjaji\/","name":"Doga\u0111aji - Importanne Centar","isPartOf":{"@id":"https:\/\/importanne.ba\/#website"},"datePublished":"2023-08-28T08:43:46+00:00","dateModified":"2023-10-02T07:57:40+00:00","description":"Doga\u0111aji - Svojom arhitekturom i sadr\u017eajima, Importanne Centar komunicira pozitivnu energiju i nudi urbani ambijent u skladu sa...","breadcrumb":{"@id":"https:\/\/importanne.ba\/dogadjaji\/#breadcrumb"},"inLanguage":"en-GB","potentialAction":[{"@type":"ReadAction","target":["https:\/\/importanne.ba\/dogadjaji\/"]}]},{"@type":"BreadcrumbList","@id":"https:\/\/importanne.ba\/dogadjaji\/#breadcrumb","itemListElement":[{"@type":"ListItem","position":1,"name":"Home","item":"https:\/\/importanne.ba\/"},{"@type":"ListItem","position":2,"name":"Doga\u0111aji"}]},{"@type":"WebSite","@id":"https:\/\/importanne.ba\/#website","url":"https:\/\/importanne.ba\/","name":"Importanne Centar","description":"Centar modernog \u017eivljenja","publisher":{"@id":"https:\/\/importanne.ba\/#organization"},"potentialAction":[{"@type":"SearchAction","target":{"@type":"EntryPoint","urlTemplate":"https:\/\/importanne.ba\/?s={search_term_string}"},"query-input":"required name=search_term_string"}],"inLanguage":"en-GB"},{"@type":"Organization","@id":"https:\/\/importanne.ba\/#organization","name":"Importanne Centar","url":"https:\/\/importanne.ba\/","logo":{"@type":"ImageObject","inLanguage":"en-GB","@id":"https:\/\/importanne.ba\/#\/schema\/logo\/image\/","url":"https:\/\/importanne.ba\/wp-content\/uploads\/2023\/08\/logo_footer.png","contentUrl":"https:\/\/importanne.ba\/wp-content\/uploads\/2023\/08\/logo_footer.png","width":573,"height":598,"caption":"Importanne Centar"},"image":{"@id":"https:\/\/importanne.ba\/#\/schema\/logo\/image\/"},"sameAs":["https:\/\/www.facebook.com\/importannesarajevo\/","https:\/\/www.instagram.com\/importanne_centar\/"]}]}},"_links":{"self":[{"href":"https:\/\/importanne.ba\/en\/wp-json\/wp\/v2\/pages\/639","targetHints":{"allow":["GET"]}}],"collection":[{"href":"https:\/\/importanne.ba\/en\/wp-json\/wp\/v2\/pages"}],"about":[{"href":"https:\/\/importanne.ba\/en\/wp-json\/wp\/v2\/types\/page"}],"author":[{"embeddable":true,"href":"https:\/\/importanne.ba\/en\/wp-json\/wp\/v2\/users\/1"}],"replies":[{"embeddable":true,"href":"https:\/\/importanne.ba\/en\/wp-json\/wp\/v2\/comments?post=639"}],"version-history":[{"count":15,"href":"https:\/\/importanne.ba\/en\/wp-json\/wp\/v2\/pages\/639\/revisions"}],"predecessor-version":[{"id":2714,"href":"https:\/\/importanne.ba\/en\/wp-json\/wp\/v2\/pages\/639\/revisions\/2714"}],"wp:attachment":[{"href":"https:\/\/importanne.ba\/en\/wp-json\/wp\/v2\/media?parent=639"}],"curies":[{"name":"wp","href":"https:\/\/api.w.org\/{rel}","templated":true}]}}