{"id":705,"date":"2023-08-28T12:47:29","date_gmt":"2023-08-28T10:47:29","guid":{"rendered":"https:\/\/importanne.mondoit.de\/?page_id=705"},"modified":"2023-10-02T09:59:44","modified_gmt":"2023-10-02T07:59:44","slug":"hrana-pice","status":"publish","type":"page","link":"https:\/\/importanne.ba\/en\/hrana-pice\/","title":{"rendered":"Food &amp; drink"},"content":{"rendered":"<div data-elementor-type=\"wp-page\" data-elementor-id=\"705\" class=\"elementor elementor-705\" data-elementor-post-type=\"page\">\n\t\t\t\t\t\t\t\t\t<section class=\"elementor-section elementor-top-section elementor-element elementor-element-20d5b75 elementor-section-boxed elementor-section-height-default elementor-section-height-default\" data-id=\"20d5b75\" data-element_type=\"section\" data-settings=\"{&quot;background_background&quot;:&quot;classic&quot;,&quot;_ha_eqh_enable&quot;:false}\">\n\t\t\t\t\t\t\t<div class=\"elementor-background-overlay\"><\/div>\n\t\t\t\t\t\t\t<div class=\"elementor-container elementor-column-gap-default\">\n\t\t\t\t\t<div class=\"elementor-column elementor-col-100 elementor-top-column elementor-element elementor-element-fa3d33e\" data-id=\"fa3d33e\" data-element_type=\"column\">\n\t\t\t<div class=\"elementor-widget-wrap elementor-element-populated\">\n\t\t\t\t\t\t\t\t<div class=\"elementor-element elementor-element-efaa3cf elementor-widget elementor-widget-spacer\" data-id=\"efaa3cf\" data-element_type=\"widget\" data-widget_type=\"spacer.default\">\n\t\t\t\t<div class=\"elementor-widget-container\">\n\t\t\t<style>\/*! elementor - v3.15.0 - 20-08-2023 *\/\n.elementor-column .elementor-spacer-inner{height:var(--spacer-size)}.e-con{--container-widget-width:100%}.e-con-inner>.elementor-widget-spacer,.e-con>.elementor-widget-spacer{width:var(--container-widget-width,var(--spacer-size));--align-self:var(--container-widget-align-self,initial);--flex-shrink:0}.e-con-inner>.elementor-widget-spacer>.elementor-widget-container,.e-con-inner>.elementor-widget-spacer>.elementor-widget-container>.elementor-spacer,.e-con>.elementor-widget-spacer>.elementor-widget-container,.e-con>.elementor-widget-spacer>.elementor-widget-container>.elementor-spacer{height:100%}.e-con-inner>.elementor-widget-spacer>.elementor-widget-container>.elementor-spacer>.elementor-spacer-inner,.e-con>.elementor-widget-spacer>.elementor-widget-container>.elementor-spacer>.elementor-spacer-inner{height:var(--container-widget-height,var(--spacer-size))}<\/style>\t\t<div class=\"elementor-spacer\">\n\t\t\t<div class=\"elementor-spacer-inner\"><\/div>\n\t\t<\/div>\n\t\t\t\t<\/div>\n\t\t\t\t<\/div>\n\t\t\t\t<div class=\"elementor-element elementor-element-ed9c51b elementor-widget elementor-widget-spacer\" data-id=\"ed9c51b\" data-element_type=\"widget\" data-widget_type=\"spacer.default\">\n\t\t\t\t<div class=\"elementor-widget-container\">\n\t\t\t\t\t<div class=\"elementor-spacer\">\n\t\t\t<div class=\"elementor-spacer-inner\"><\/div>\n\t\t<\/div>\n\t\t\t\t<\/div>\n\t\t\t\t<\/div>\n\t\t\t\t\t<\/div>\n\t\t<\/div>\n\t\t\t\t\t\t\t<\/div>\n\t\t<\/section>\n\t\t\t\t<section class=\"elementor-section elementor-top-section elementor-element elementor-element-c1f530f elementor-section-boxed elementor-section-height-default elementor-section-height-default\" data-id=\"c1f530f\" data-element_type=\"section\" data-settings=\"{&quot;_ha_eqh_enable&quot;:false}\">\n\t\t\t\t\t\t<div class=\"elementor-container elementor-column-gap-default\">\n\t\t\t\t\t<div class=\"elementor-column elementor-col-100 elementor-top-column elementor-element elementor-element-5529a8c\" data-id=\"5529a8c\" data-element_type=\"column\">\n\t\t\t<div class=\"elementor-widget-wrap elementor-element-populated\">\n\t\t\t\t\t\t\t\t<div class=\"elementor-element elementor-element-d3f4500 elementor-widget elementor-widget-ha-post-tab happy-addon ha-post-tab\" data-id=\"d3f4500\" data-element_type=\"widget\" data-widget_type=\"ha-post-tab.default\">\n\t\t\t\t<div class=\"elementor-widget-container\">\n\t\t\t\t\t\t<div class=\"ha-post-tab ha-post-tab-left ha-post-tab-grid-2 ha-post-tab-grid-tablet-1 ha-post-tab-grid-mobile-1\" data-query-args=\"{&quot;post_type&quot;:&quot;post&quot;,&quot;taxonomy&quot;:&quot;category&quot;,&quot;item_limit&quot;:100,&quot;orderby&quot;:&quot;date&quot;,&quot;order&quot;:&quot;desc&quot;,&quot;show_user_meta&quot;:&quot;no&quot;,&quot;show_date_meta&quot;:&quot;no&quot;,&quot;excerpt&quot;:&quot;yes&quot;,&quot;title_tag&quot;:&quot;h2&quot;}\" data-event=\"click\">\n\t\t\t\t<ul class=\"ha-post-tab-filter ha-text--center\">\n\t\t\t\t\t\t\t\t\t\t\t\t\t\t\t\t\t\t<li class=\"active\"\n\t\t\t\t\t\t\t\tdata-term=\"28\">All restaurants &amp; cafes<\/li>\n\t\t\t\t\t\t\t\t\t\t\t\t\t\t\t\t\t\t\t\t\t\t\t\t<li data-term=\"29\">Restaurants<\/li>\n\t\t\t\t\t\t\t\t\t\t\t\t\t\t\t\t\t\t\t\t\t\t\t\t<li data-term=\"30\">Cafes<\/li>\n\t\t\t\t\t\t\t\t\t\t\t\t\t\t\t\t\t\t\t\t\t\t\t\t<li data-term=\"31\">Bakeries<\/li>\n\t\t\t\t\t\t\t\t\t\t\t\t\t\t\t<\/ul>\n\t\t\t\t<div class=\"ha-post-tab-content\">\n\t\t\t\t\t<div class=\"ha-post-tab-item-wrapper active\"\t\t\t\t\t\tdata-term=\" 28\">\n\t\t\t\t\t\t\t\t\t\t\t\t\t<div class=\"ha-post-tab-item\">\n\t\t\t\t\t\t\t\t<div class=\"ha-post-tab-item-inner\">\n\t\t\t\t\t\t\t\t\t<div class=\"left-side\">\n\t\t\t\t\t\t\t\t\t\t\t\t\t\t\t\t\t\t\t<a href=\"https:\/\/importanne.ba\/en\/the-place\/\"\n\t\t\t\t\t\t\t\t\t\t   class=\"ha-post-tab-thumb\">\n\t\t\t\t\t\t\t\t\t\t\t<img loading=\"lazy\" decoding=\"async\" width=\"2560\" height=\"1920\" src=\"https:\/\/importanne.ba\/wp-content\/uploads\/2023\/08\/image00006-scaled.jpeg\" class=\"attachment-full size-full wp-post-image\" alt=\"\" srcset=\"https:\/\/importanne.ba\/wp-content\/uploads\/2023\/08\/image00006-scaled.jpeg 2560w, https:\/\/importanne.ba\/wp-content\/uploads\/2023\/08\/image00006-300x225.jpeg 300w, https:\/\/importanne.ba\/wp-content\/uploads\/2023\/08\/image00006-1024x768.jpeg 1024w, https:\/\/importanne.ba\/wp-content\/uploads\/2023\/08\/image00006-768x576.jpeg 768w, https:\/\/importanne.ba\/wp-content\/uploads\/2023\/08\/image00006-1536x1152.jpeg 1536w, https:\/\/importanne.ba\/wp-content\/uploads\/2023\/08\/image00006-2048x1536.jpeg 2048w, https:\/\/importanne.ba\/wp-content\/uploads\/2023\/08\/image00006-16x12.jpeg 16w\" sizes=\"auto, (max-width: 2560px) 100vw, 2560px\" \/>\t\t\t\t\t\t\t\t\t\t<\/a>\n\t\t\t\t\t\t\t\t\t\t\t\t\t\t\t\t\t\t<\/div>\n\t\t\t\t\t\t\t\t\t<div class=\"right-side\">\n\t\t\t\t\t\t\t\t\t\t\t\t\t\t\t\t\t\t<div class=\"featured-image\">\n\t\t\t\t\t\t\t\t\t\t<img decoding=\"async\" src=\"https:\/\/importanne.ba\/wp-content\/uploads\/2023\/08\/the_place_logo.png\" style=\"width:100%\">\n\t\t\t\t\t\t\t\t\t<\/div>\n\t\t\t\t\t\t\t\t\t<h2 class=\"ha-post-tab-title\"><a href=\"https:\/\/importanne.ba\/en\/the-place\/\">The Place<\/a><\/h2>\t\t\t\t\t\t\t\t\t<\/div>\n\t\t\t\t\t\t\t\t\t\n\t\t\t\t\t\t\t\t\t\t\t\t\t\t\t\t\t<\/div>\n\t\t\t\t\t\t\t<\/div>\n\t\t\t\t\t\t\t\t\t\t\t\t\t\t<div class=\"ha-post-tab-item\">\n\t\t\t\t\t\t\t\t<div class=\"ha-post-tab-item-inner\">\n\t\t\t\t\t\t\t\t\t<div class=\"left-side\">\n\t\t\t\t\t\t\t\t\t\t\t\t\t\t\t\t\t\t\t<a href=\"https:\/\/importanne.ba\/en\/bonjour\/\"\n\t\t\t\t\t\t\t\t\t\t   class=\"ha-post-tab-thumb\">\n\t\t\t\t\t\t\t\t\t\t\t<img loading=\"lazy\" decoding=\"async\" width=\"1599\" height=\"1200\" src=\"https:\/\/importanne.ba\/wp-content\/uploads\/2023\/08\/bonjour2.jpg\" class=\"attachment-full size-full wp-post-image\" alt=\"\" srcset=\"https:\/\/importanne.ba\/wp-content\/uploads\/2023\/08\/bonjour2.jpg 1599w, https:\/\/importanne.ba\/wp-content\/uploads\/2023\/08\/bonjour2-300x225.jpg 300w, https:\/\/importanne.ba\/wp-content\/uploads\/2023\/08\/bonjour2-1024x768.jpg 1024w, https:\/\/importanne.ba\/wp-content\/uploads\/2023\/08\/bonjour2-768x576.jpg 768w, https:\/\/importanne.ba\/wp-content\/uploads\/2023\/08\/bonjour2-1536x1153.jpg 1536w, https:\/\/importanne.ba\/wp-content\/uploads\/2023\/08\/bonjour2-16x12.jpg 16w\" sizes=\"auto, (max-width: 1599px) 100vw, 1599px\" \/>\t\t\t\t\t\t\t\t\t\t<\/a>\n\t\t\t\t\t\t\t\t\t\t\t\t\t\t\t\t\t\t<\/div>\n\t\t\t\t\t\t\t\t\t<div class=\"right-side\">\n\t\t\t\t\t\t\t\t\t\t\t\t\t\t\t\t\t\t<div class=\"featured-image\">\n\t\t\t\t\t\t\t\t\t\t<img decoding=\"async\" src=\"https:\/\/importanne.ba\/wp-content\/uploads\/2023\/08\/bonjour_logo.png\" style=\"width:100%\">\n\t\t\t\t\t\t\t\t\t<\/div>\n\t\t\t\t\t\t\t\t\t<h2 class=\"ha-post-tab-title\"><a href=\"https:\/\/importanne.ba\/en\/bonjour\/\">Bonjour<\/a><\/h2>\t\t\t\t\t\t\t\t\t<\/div>\n\t\t\t\t\t\t\t\t\t\n\t\t\t\t\t\t\t\t\t\t\t\t\t\t\t\t\t<\/div>\n\t\t\t\t\t\t\t<\/div>\n\t\t\t\t\t\t\t\t\t\t\t\t\t\t<div class=\"ha-post-tab-item\">\n\t\t\t\t\t\t\t\t<div class=\"ha-post-tab-item-inner\">\n\t\t\t\t\t\t\t\t\t<div class=\"left-side\">\n\t\t\t\t\t\t\t\t\t\t\t\t\t\t\t\t\t\t\t<a href=\"https:\/\/importanne.ba\/en\/juice-smoothies\/\"\n\t\t\t\t\t\t\t\t\t\t   class=\"ha-post-tab-thumb\">\n\t\t\t\t\t\t\t\t\t\t\t<img loading=\"lazy\" decoding=\"async\" width=\"1595\" height=\"1200\" src=\"https:\/\/importanne.ba\/wp-content\/uploads\/2023\/08\/juice_smoothies1.jpg\" class=\"attachment-full size-full wp-post-image\" alt=\"\" srcset=\"https:\/\/importanne.ba\/wp-content\/uploads\/2023\/08\/juice_smoothies1.jpg 1595w, https:\/\/importanne.ba\/wp-content\/uploads\/2023\/08\/juice_smoothies1-300x226.jpg 300w, https:\/\/importanne.ba\/wp-content\/uploads\/2023\/08\/juice_smoothies1-1024x770.jpg 1024w, https:\/\/importanne.ba\/wp-content\/uploads\/2023\/08\/juice_smoothies1-768x578.jpg 768w, https:\/\/importanne.ba\/wp-content\/uploads\/2023\/08\/juice_smoothies1-1536x1156.jpg 1536w, https:\/\/importanne.ba\/wp-content\/uploads\/2023\/08\/juice_smoothies1-16x12.jpg 16w\" sizes=\"auto, (max-width: 1595px) 100vw, 1595px\" \/>\t\t\t\t\t\t\t\t\t\t<\/a>\n\t\t\t\t\t\t\t\t\t\t\t\t\t\t\t\t\t\t<\/div>\n\t\t\t\t\t\t\t\t\t<div class=\"right-side\">\n\t\t\t\t\t\t\t\t\t\t\t\t\t\t\t\t\t\t<div class=\"featured-image\">\n\t\t\t\t\t\t\t\t\t\t<img decoding=\"async\" src=\"https:\/\/importanne.ba\/wp-content\/uploads\/2023\/08\/juice_smoothies_logo.png\" style=\"width:100%\">\n\t\t\t\t\t\t\t\t\t<\/div>\n\t\t\t\t\t\t\t\t\t<h2 class=\"ha-post-tab-title\"><a href=\"https:\/\/importanne.ba\/en\/juice-smoothies\/\">Juice &amp; Smoothies<\/a><\/h2>\t\t\t\t\t\t\t\t\t<\/div>\n\t\t\t\t\t\t\t\t\t\n\t\t\t\t\t\t\t\t\t\t\t\t\t\t\t\t\t<\/div>\n\t\t\t\t\t\t\t<\/div>\n\t\t\t\t\t\t\t\t\t\t\t\t\t\t<div class=\"ha-post-tab-item\">\n\t\t\t\t\t\t\t\t<div class=\"ha-post-tab-item-inner\">\n\t\t\t\t\t\t\t\t\t<div class=\"left-side\">\n\t\t\t\t\t\t\t\t\t\t\t\t\t\t\t\t\t\t\t<a href=\"https:\/\/importanne.ba\/en\/marcaffe\/\"\n\t\t\t\t\t\t\t\t\t\t   class=\"ha-post-tab-thumb\">\n\t\t\t\t\t\t\t\t\t\t\t<img loading=\"lazy\" decoding=\"async\" width=\"1596\" height=\"1200\" src=\"https:\/\/importanne.ba\/wp-content\/uploads\/2023\/08\/marcaffe2.jpg\" class=\"attachment-full size-full wp-post-image\" alt=\"\" srcset=\"https:\/\/importanne.ba\/wp-content\/uploads\/2023\/08\/marcaffe2.jpg 1596w, https:\/\/importanne.ba\/wp-content\/uploads\/2023\/08\/marcaffe2-300x226.jpg 300w, https:\/\/importanne.ba\/wp-content\/uploads\/2023\/08\/marcaffe2-1024x770.jpg 1024w, https:\/\/importanne.ba\/wp-content\/uploads\/2023\/08\/marcaffe2-768x577.jpg 768w, https:\/\/importanne.ba\/wp-content\/uploads\/2023\/08\/marcaffe2-1536x1155.jpg 1536w, https:\/\/importanne.ba\/wp-content\/uploads\/2023\/08\/marcaffe2-16x12.jpg 16w\" sizes=\"auto, (max-width: 1596px) 100vw, 1596px\" \/>\t\t\t\t\t\t\t\t\t\t<\/a>\n\t\t\t\t\t\t\t\t\t\t\t\t\t\t\t\t\t\t<\/div>\n\t\t\t\t\t\t\t\t\t<div class=\"right-side\">\n\t\t\t\t\t\t\t\t\t\t\t\t\t\t\t\t\t\t<div class=\"featured-image\">\n\t\t\t\t\t\t\t\t\t\t<img decoding=\"async\" src=\"https:\/\/importanne.ba\/wp-content\/uploads\/2023\/08\/marcaffe_logo.png\" style=\"width:100%\">\n\t\t\t\t\t\t\t\t\t<\/div>\n\t\t\t\t\t\t\t\t\t<h2 class=\"ha-post-tab-title\"><a href=\"https:\/\/importanne.ba\/en\/marcaffe\/\">Marcaffe<\/a><\/h2>\t\t\t\t\t\t\t\t\t<\/div>\n\t\t\t\t\t\t\t\t\t\n\t\t\t\t\t\t\t\t\t\t\t\t\t\t\t\t\t<\/div>\n\t\t\t\t\t\t\t<\/div>\n\t\t\t\t\t\t\t\t\t\t\t\t\t\t<div class=\"ha-post-tab-item\">\n\t\t\t\t\t\t\t\t<div class=\"ha-post-tab-item-inner\">\n\t\t\t\t\t\t\t\t\t<div class=\"left-side\">\n\t\t\t\t\t\t\t\t\t\t\t\t\t\t\t\t\t\t\t<a href=\"https:\/\/importanne.ba\/en\/coffee-04\/\"\n\t\t\t\t\t\t\t\t\t\t   class=\"ha-post-tab-thumb\">\n\t\t\t\t\t\t\t\t\t\t\t<img loading=\"lazy\" decoding=\"async\" width=\"1599\" height=\"1200\" src=\"https:\/\/importanne.ba\/wp-content\/uploads\/2023\/08\/caffe04.jpg\" class=\"attachment-full size-full wp-post-image\" alt=\"\" srcset=\"https:\/\/importanne.ba\/wp-content\/uploads\/2023\/08\/caffe04.jpg 1599w, https:\/\/importanne.ba\/wp-content\/uploads\/2023\/08\/caffe04-300x225.jpg 300w, https:\/\/importanne.ba\/wp-content\/uploads\/2023\/08\/caffe04-1024x768.jpg 1024w, https:\/\/importanne.ba\/wp-content\/uploads\/2023\/08\/caffe04-768x576.jpg 768w, https:\/\/importanne.ba\/wp-content\/uploads\/2023\/08\/caffe04-1536x1153.jpg 1536w, https:\/\/importanne.ba\/wp-content\/uploads\/2023\/08\/caffe04-16x12.jpg 16w\" sizes=\"auto, (max-width: 1599px) 100vw, 1599px\" \/>\t\t\t\t\t\t\t\t\t\t<\/a>\n\t\t\t\t\t\t\t\t\t\t\t\t\t\t\t\t\t\t<\/div>\n\t\t\t\t\t\t\t\t\t<div class=\"right-side\">\n\t\t\t\t\t\t\t\t\t\t\t\t\t\t\t\t\t\t<div class=\"featured-image\">\n\t\t\t\t\t\t\t\t\t\t<img decoding=\"async\" src=\"https:\/\/importanne.ba\/wp-content\/uploads\/2023\/08\/coffee04_logo.png\" style=\"width:100%\">\n\t\t\t\t\t\t\t\t\t<\/div>\n\t\t\t\t\t\t\t\t\t<h2 class=\"ha-post-tab-title\"><a href=\"https:\/\/importanne.ba\/en\/coffee-04\/\">Coffee 04<\/a><\/h2>\t\t\t\t\t\t\t\t\t<\/div>\n\t\t\t\t\t\t\t\t\t\n\t\t\t\t\t\t\t\t\t\t\t\t\t\t\t\t\t<\/div>\n\t\t\t\t\t\t\t<\/div>\n\t\t\t\t\t\t\t\t\t\t\t\t\t\t<div class=\"ha-post-tab-item\">\n\t\t\t\t\t\t\t\t<div class=\"ha-post-tab-item-inner\">\n\t\t\t\t\t\t\t\t\t<div class=\"left-side\">\n\t\t\t\t\t\t\t\t\t\t\t\t\t\t\t\t\t\t\t<a href=\"https:\/\/importanne.ba\/en\/coffee-ambienta\/\"\n\t\t\t\t\t\t\t\t\t\t   class=\"ha-post-tab-thumb\">\n\t\t\t\t\t\t\t\t\t\t\t<img loading=\"lazy\" decoding=\"async\" width=\"1599\" height=\"1198\" src=\"https:\/\/importanne.ba\/wp-content\/uploads\/2023\/08\/ambient_naslovna.jpg\" class=\"attachment-full size-full wp-post-image\" alt=\"\" srcset=\"https:\/\/importanne.ba\/wp-content\/uploads\/2023\/08\/ambient_naslovna.jpg 1599w, https:\/\/importanne.ba\/wp-content\/uploads\/2023\/08\/ambient_naslovna-300x225.jpg 300w, https:\/\/importanne.ba\/wp-content\/uploads\/2023\/08\/ambient_naslovna-1024x767.jpg 1024w, https:\/\/importanne.ba\/wp-content\/uploads\/2023\/08\/ambient_naslovna-768x575.jpg 768w, https:\/\/importanne.ba\/wp-content\/uploads\/2023\/08\/ambient_naslovna-1536x1151.jpg 1536w, https:\/\/importanne.ba\/wp-content\/uploads\/2023\/08\/ambient_naslovna-16x12.jpg 16w\" sizes=\"auto, (max-width: 1599px) 100vw, 1599px\" \/>\t\t\t\t\t\t\t\t\t\t<\/a>\n\t\t\t\t\t\t\t\t\t\t\t\t\t\t\t\t\t\t<\/div>\n\t\t\t\t\t\t\t\t\t<div class=\"right-side\">\n\t\t\t\t\t\t\t\t\t\t\t\t\t\t\t\t\t\t<div class=\"featured-image\">\n\t\t\t\t\t\t\t\t\t\t<img decoding=\"async\" src=\"https:\/\/importanne.ba\/wp-content\/uploads\/2023\/08\/ambient_pizzeria_logo.png\" style=\"width:100%\">\n\t\t\t\t\t\t\t\t\t<\/div>\n\t\t\t\t\t\t\t\t\t<h2 class=\"ha-post-tab-title\"><a href=\"https:\/\/importanne.ba\/en\/coffee-ambienta\/\">Coffee Ambient<\/a><\/h2>\t\t\t\t\t\t\t\t\t<\/div>\n\t\t\t\t\t\t\t\t\t\n\t\t\t\t\t\t\t\t\t\t\t\t\t\t\t\t\t<\/div>\n\t\t\t\t\t\t\t<\/div>\n\t\t\t\t\t\t\t\t\t\t\t\t<\/div>\n\t\t\t\t<\/div>\n\t\t\t<\/div>\n\t\t\t\t\t<\/div>\n\t\t\t\t<\/div>\n\t\t\t\t\t<\/div>\n\t\t<\/div>\n\t\t\t\t\t\t\t<\/div>\n\t\t<\/section>\n\t\t\t\t<section class=\"elementor-section elementor-top-section elementor-element elementor-element-d03cd7f elementor-section-boxed elementor-section-height-default elementor-section-height-default\" data-id=\"d03cd7f\" data-element_type=\"section\" data-settings=\"{&quot;_ha_eqh_enable&quot;:false}\">\n\t\t\t\t\t\t<div class=\"elementor-container elementor-column-gap-default\">\n\t\t\t\t\t<div class=\"elementor-column elementor-col-100 elementor-top-column elementor-element elementor-element-b4bff13\" data-id=\"b4bff13\" data-element_type=\"column\">\n\t\t\t<div class=\"elementor-widget-wrap elementor-element-populated\">\n\t\t\t\t\t\t\t\t<div class=\"elementor-element elementor-element-3bb53d4 elementor-widget elementor-widget-spacer\" data-id=\"3bb53d4\" data-element_type=\"widget\" data-widget_type=\"spacer.default\">\n\t\t\t\t<div class=\"elementor-widget-container\">\n\t\t\t\t\t<div class=\"elementor-spacer\">\n\t\t\t<div class=\"elementor-spacer-inner\"><\/div>\n\t\t<\/div>\n\t\t\t\t<\/div>\n\t\t\t\t<\/div>\n\t\t\t\t\t<\/div>\n\t\t<\/div>\n\t\t\t\t\t\t\t<\/div>\n\t\t<\/section>\n\t\t\t\t\t\t\t<\/div>","protected":false},"excerpt":{"rendered":"<p>Svi restorani i kafi\u0107i Restorani Kafi\u0107i Pekare Milkman House The Place Bonjour Juice &amp; Smoothies Marcaffe Coffee 04 Coffee Ambient<\/p>","protected":false},"author":1,"featured_media":0,"parent":0,"menu_order":0,"comment_status":"closed","ping_status":"closed","template":"elementor_header_footer","meta":{"footnotes":""},"class_list":["post-705","page","type-page","status-publish","hentry"],"yoast_head":"<!-- This site is optimized with the Yoast SEO plugin v21.2 - https:\/\/yoast.com\/wordpress\/plugins\/seo\/ -->\n<title>Hrana &amp; Pi\u0107e - Importanne Centar<\/title>\n<meta name=\"description\" content=\"Hrana &amp; Pi\u0107e - U importanne centru mo\u017eete posjetiti nekoliko ekskluzivnih brendova, kao i ve\u0107 dobro poznate shopping sadr\u017eaje...\" \/>\n<meta name=\"robots\" content=\"index, follow, max-snippet:-1, max-image-preview:large, max-video-preview:-1\" \/>\n<link rel=\"canonical\" href=\"https:\/\/importanne.ba\/en\/hrana-pice\/\" \/>\n<meta property=\"og:locale\" content=\"en_GB\" \/>\n<meta property=\"og:type\" content=\"article\" \/>\n<meta property=\"og:title\" content=\"Hrana &amp; Pi\u0107e - Importanne Centar\" \/>\n<meta property=\"og:description\" content=\"Hrana &amp; Pi\u0107e - U importanne centru mo\u017eete posjetiti nekoliko ekskluzivnih brendova, kao i ve\u0107 dobro poznate shopping sadr\u017eaje...\" \/>\n<meta property=\"og:url\" content=\"https:\/\/importanne.ba\/en\/hrana-pice\/\" \/>\n<meta property=\"og:site_name\" content=\"Importanne Centar\" \/>\n<meta property=\"article:publisher\" content=\"https:\/\/www.facebook.com\/importannesarajevo\/\" \/>\n<meta property=\"article:modified_time\" content=\"2023-10-02T07:59:44+00:00\" \/>\n<meta property=\"og:image\" content=\"https:\/\/importanne.ba\/wp-content\/uploads\/2023\/08\/Milkman6.jpg\" \/>\n<meta name=\"twitter:card\" content=\"summary_large_image\" \/>\n<meta name=\"twitter:label1\" content=\"Estimated reading time\" \/>\n\t<meta name=\"twitter:data1\" content=\"3 minutes\" \/>\n<script type=\"application\/ld+json\" class=\"yoast-schema-graph\">{\"@context\":\"https:\/\/schema.org\",\"@graph\":[{\"@type\":\"WebPage\",\"@id\":\"https:\/\/importanne.ba\/hrana-pice\/\",\"url\":\"https:\/\/importanne.ba\/hrana-pice\/\",\"name\":\"Hrana & Pi\u0107e - Importanne Centar\",\"isPartOf\":{\"@id\":\"https:\/\/importanne.ba\/#website\"},\"datePublished\":\"2023-08-28T10:47:29+00:00\",\"dateModified\":\"2023-10-02T07:59:44+00:00\",\"description\":\"Hrana & Pi\u0107e - U importanne centru mo\u017eete posjetiti nekoliko ekskluzivnih brendova, kao i ve\u0107 dobro poznate shopping sadr\u017eaje...\",\"breadcrumb\":{\"@id\":\"https:\/\/importanne.ba\/hrana-pice\/#breadcrumb\"},\"inLanguage\":\"en-GB\",\"potentialAction\":[{\"@type\":\"ReadAction\",\"target\":[\"https:\/\/importanne.ba\/hrana-pice\/\"]}]},{\"@type\":\"BreadcrumbList\",\"@id\":\"https:\/\/importanne.ba\/hrana-pice\/#breadcrumb\",\"itemListElement\":[{\"@type\":\"ListItem\",\"position\":1,\"name\":\"Home\",\"item\":\"https:\/\/importanne.ba\/\"},{\"@type\":\"ListItem\",\"position\":2,\"name\":\"Hrana &#038; Pi\u0107e\"}]},{\"@type\":\"WebSite\",\"@id\":\"https:\/\/importanne.ba\/#website\",\"url\":\"https:\/\/importanne.ba\/\",\"name\":\"Importanne Centar\",\"description\":\"Centar modernog \u017eivljenja\",\"publisher\":{\"@id\":\"https:\/\/importanne.ba\/#organization\"},\"potentialAction\":[{\"@type\":\"SearchAction\",\"target\":{\"@type\":\"EntryPoint\",\"urlTemplate\":\"https:\/\/importanne.ba\/?s={search_term_string}\"},\"query-input\":\"required name=search_term_string\"}],\"inLanguage\":\"en-GB\"},{\"@type\":\"Organization\",\"@id\":\"https:\/\/importanne.ba\/#organization\",\"name\":\"Importanne Centar\",\"url\":\"https:\/\/importanne.ba\/\",\"logo\":{\"@type\":\"ImageObject\",\"inLanguage\":\"en-GB\",\"@id\":\"https:\/\/importanne.ba\/#\/schema\/logo\/image\/\",\"url\":\"https:\/\/importanne.ba\/wp-content\/uploads\/2023\/08\/logo_footer.png\",\"contentUrl\":\"https:\/\/importanne.ba\/wp-content\/uploads\/2023\/08\/logo_footer.png\",\"width\":573,\"height\":598,\"caption\":\"Importanne Centar\"},\"image\":{\"@id\":\"https:\/\/importanne.ba\/#\/schema\/logo\/image\/\"},\"sameAs\":[\"https:\/\/www.facebook.com\/importannesarajevo\/\",\"https:\/\/www.instagram.com\/importanne_centar\/\"]}]}<\/script>\n<!-- \/ Yoast SEO plugin. -->","yoast_head_json":{"title":"Hrana & Pi\u0107e - Importanne Centar","description":"Hrana & Pi\u0107e - U importanne centru mo\u017eete posjetiti nekoliko ekskluzivnih brendova, kao i ve\u0107 dobro poznate shopping sadr\u017eaje...","robots":{"index":"index","follow":"follow","max-snippet":"max-snippet:-1","max-image-preview":"max-image-preview:large","max-video-preview":"max-video-preview:-1"},"canonical":"https:\/\/importanne.ba\/en\/hrana-pice\/","og_locale":"en_GB","og_type":"article","og_title":"Hrana & Pi\u0107e - Importanne Centar","og_description":"Hrana & Pi\u0107e - U importanne centru mo\u017eete posjetiti nekoliko ekskluzivnih brendova, kao i ve\u0107 dobro poznate shopping sadr\u017eaje...","og_url":"https:\/\/importanne.ba\/en\/hrana-pice\/","og_site_name":"Importanne Centar","article_publisher":"https:\/\/www.facebook.com\/importannesarajevo\/","article_modified_time":"2023-10-02T07:59:44+00:00","og_image":[{"url":"https:\/\/importanne.ba\/wp-content\/uploads\/2023\/08\/Milkman6.jpg"}],"twitter_card":"summary_large_image","twitter_misc":{"Estimated reading time":"3 minutes"},"schema":{"@context":"https:\/\/schema.org","@graph":[{"@type":"WebPage","@id":"https:\/\/importanne.ba\/hrana-pice\/","url":"https:\/\/importanne.ba\/hrana-pice\/","name":"Hrana & Pi\u0107e - Importanne Centar","isPartOf":{"@id":"https:\/\/importanne.ba\/#website"},"datePublished":"2023-08-28T10:47:29+00:00","dateModified":"2023-10-02T07:59:44+00:00","description":"Hrana & Pi\u0107e - U importanne centru mo\u017eete posjetiti nekoliko ekskluzivnih brendova, kao i ve\u0107 dobro poznate shopping sadr\u017eaje...","breadcrumb":{"@id":"https:\/\/importanne.ba\/hrana-pice\/#breadcrumb"},"inLanguage":"en-GB","potentialAction":[{"@type":"ReadAction","target":["https:\/\/importanne.ba\/hrana-pice\/"]}]},{"@type":"BreadcrumbList","@id":"https:\/\/importanne.ba\/hrana-pice\/#breadcrumb","itemListElement":[{"@type":"ListItem","position":1,"name":"Home","item":"https:\/\/importanne.ba\/"},{"@type":"ListItem","position":2,"name":"Hrana &#038; Pi\u0107e"}]},{"@type":"WebSite","@id":"https:\/\/importanne.ba\/#website","url":"https:\/\/importanne.ba\/","name":"Importanne Centar","description":"Centar modernog \u017eivljenja","publisher":{"@id":"https:\/\/importanne.ba\/#organization"},"potentialAction":[{"@type":"SearchAction","target":{"@type":"EntryPoint","urlTemplate":"https:\/\/importanne.ba\/?s={search_term_string}"},"query-input":"required name=search_term_string"}],"inLanguage":"en-GB"},{"@type":"Organization","@id":"https:\/\/importanne.ba\/#organization","name":"Importanne Centar","url":"https:\/\/importanne.ba\/","logo":{"@type":"ImageObject","inLanguage":"en-GB","@id":"https:\/\/importanne.ba\/#\/schema\/logo\/image\/","url":"https:\/\/importanne.ba\/wp-content\/uploads\/2023\/08\/logo_footer.png","contentUrl":"https:\/\/importanne.ba\/wp-content\/uploads\/2023\/08\/logo_footer.png","width":573,"height":598,"caption":"Importanne Centar"},"image":{"@id":"https:\/\/importanne.ba\/#\/schema\/logo\/image\/"},"sameAs":["https:\/\/www.facebook.com\/importannesarajevo\/","https:\/\/www.instagram.com\/importanne_centar\/"]}]}},"_links":{"self":[{"href":"https:\/\/importanne.ba\/en\/wp-json\/wp\/v2\/pages\/705","targetHints":{"allow":["GET"]}}],"collection":[{"href":"https:\/\/importanne.ba\/en\/wp-json\/wp\/v2\/pages"}],"about":[{"href":"https:\/\/importanne.ba\/en\/wp-json\/wp\/v2\/types\/page"}],"author":[{"embeddable":true,"href":"https:\/\/importanne.ba\/en\/wp-json\/wp\/v2\/users\/1"}],"replies":[{"embeddable":true,"href":"https:\/\/importanne.ba\/en\/wp-json\/wp\/v2\/comments?post=705"}],"version-history":[{"count":35,"href":"https:\/\/importanne.ba\/en\/wp-json\/wp\/v2\/pages\/705\/revisions"}],"predecessor-version":[{"id":2715,"href":"https:\/\/importanne.ba\/en\/wp-json\/wp\/v2\/pages\/705\/revisions\/2715"}],"wp:attachment":[{"href":"https:\/\/importanne.ba\/en\/wp-json\/wp\/v2\/media?parent=705"}],"curies":[{"name":"wp","href":"https:\/\/api.w.org\/{rel}","templated":true}]}}